{"id":766140,"date":"2025-08-28T12:03:28","date_gmt":"2025-08-28T09:03:28","guid":{"rendered":"https:\/\/roveyayinevi.com.tr\/index.php\/urun\/istanbulun-sahipleri-ciltli\/"},"modified":"2026-04-15T03:32:05","modified_gmt":"2026-04-15T00:32:05","slug":"istanbulun-sahipleri-ciltli","status":"publish","type":"product","link":"https:\/\/roveyayinevi.com.tr\/index.php\/urun\/istanbulun-sahipleri-ciltli\/","title":{"rendered":"\u0130stanbul&#8217;un Sahipleri (Ciltli)"},"content":{"rendered":"<p>\u201cBunlar, tarihten \u00e7\u0131kar\u0131lm\u0131\u015f k\u00fc\u00e7\u00fck k\u00fc\u00e7\u00fck sahneler, portrelerdir. Modeller hakikidir, \u015fah\u0131slar uydurma de\u011fildir. Hadiseler, yazd\u0131\u011f\u0131m gibi cereyan etmi\u015ftir. Fakat bunlar, bir foto\u011frafla \u00e7ekilmi\u015f de\u011fil, f\u0131r\u00e7a ve boya veyahut kalemle yap\u0131lm\u0131\u015f resimlerdir. \u00d6yle zannediyorum ki bu resimler, gen\u00e7ler ve halk i\u00e7in faydal\u0131 olabilece\u011fi gibi \u2018cemiyet ilmi\u2019nin de i\u015fine yarayabilecektir.\u201d   Osmanl\u0131 \u0130stanbulu\u2019nun d\u00fczenini belki de en iyi anlatan \u00fc\u00e7 kitap bir arada&#8230; Re\u015fad Ekrem yeni\u00e7eriler, anl\u0131 \u015fanl\u0131 tulumbac\u0131lar, \u00e7e\u015fit \u00e7e\u015fit esnafla yine dopdolu, renkli, ilgiyle okunan bir panorama seriyor g\u00f6zlerimizin \u00f6n\u00fcm\u00fcze.   Re\u015fad Ekrem Ko\u00e7u\u2019nun k\u0131ymetli tarih bilgisi hik\u00e2yecili\u011fiyle bir kez daha \u0130stanbul\u2019un Sahipleri\u2019nde bulu\u015fuyor. <\/p>\n","protected":false},"excerpt":{"rendered":"<p>\u201cBunlar, tarihten \u00e7\u0131kar\u0131lm\u0131\u015f k\u00fc\u00e7\u00fck k\u00fc\u00e7\u00fck sahneler, portrelerdir. Modeller hakikidir, \u015fah\u0131slar uydurma de\u011fildir. Hadiseler, yazd\u0131\u011f\u0131m gibi cereyan etmi\u015ftir. Fakat bunlar, bir foto\u011frafla \u00e7ekilmi\u015f de\u011fil, f\u0131r\u00e7a ve boya<span class=\"excerpt-hellip\"> [\u2026]<\/span><\/p>\n","protected":false},"featured_media":0,"template":"","meta":{"_monsterinsights_skip_tracking":false,"_monsterinsights_sitenote_active":false,"_monsterinsights_sitenote_note":"","_monsterinsights_sitenote_category":0},"product_brand":[],"product_cat":[12304,13650],"product_tag":[],"class_list":{"0":"post-766140","1":"product","2":"type-product","3":"status-publish","5":"product_cat-tarih","6":"product_cat-turk-tarihi-arastirmalari","7":"pa_cilt-ciltli","8":"pa_tur-kitap","9":"pa_yayinevi-dogan-kitap","10":"pa_yazar-resad-ekrem-kocu","12":"first","13":"instock","14":"sale","15":"shipping-taxable","16":"purchasable","17":"product-type-simple"},"_links":{"self":[{"href":"https:\/\/roveyayinevi.com.tr\/index.php\/wp-json\/wp\/v2\/product\/766140","targetHints":{"allow":["GET"]}}],"collection":[{"href":"https:\/\/roveyayinevi.com.tr\/index.php\/wp-json\/wp\/v2\/product"}],"about":[{"href":"https:\/\/roveyayinevi.com.tr\/index.php\/wp-json\/wp\/v2\/types\/product"}],"wp:attachment":[{"href":"https:\/\/roveyayinevi.com.tr\/index.php\/wp-json\/wp\/v2\/media?parent=766140"}],"wp:term":[{"taxonomy":"product_brand","embeddable":true,"href":"https:\/\/roveyayinevi.com.tr\/index.php\/wp-json\/wp\/v2\/product_brand?post=766140"},{"taxonomy":"product_cat","embeddable":true,"href":"https:\/\/roveyayinevi.com.tr\/index.php\/wp-json\/wp\/v2\/product_cat?post=766140"},{"taxonomy":"product_tag","embeddable":true,"href":"https:\/\/roveyayinevi.com.tr\/index.php\/wp-json\/wp\/v2\/product_tag?post=766140"}],"curies":[{"name":"wp","href":"https:\/\/api.w.org\/{rel}","templated":true}]}}