{"id":766138,"date":"2025-08-28T12:03:24","date_gmt":"2025-08-28T09:03:24","guid":{"rendered":"https:\/\/roveyayinevi.com.tr\/index.php\/urun\/kalpsiz-avci-ciltli\/"},"modified":"2026-04-15T03:32:05","modified_gmt":"2026-04-15T00:32:05","slug":"kalpsiz-avci-ciltli","status":"publish","type":"product","link":"https:\/\/roveyayinevi.com.tr\/index.php\/urun\/kalpsiz-avci-ciltli\/","title":{"rendered":"Kalpsiz Avc\u0131 (Ciltli)"},"content":{"rendered":"<p>PE\u015e\u0130NE D\u00dc\u015eT\u00dc\u011e\u00dcM BEN M\u0130Y\u0130M YOKSA \u0130\u00c7\u0130MDEK\u0130 CANAVAR MI?   Bu hik\u00e2yede o kimdi? Kahraman m\u0131, su\u00e7lu mu yoksa aptal m\u0131?   Kanl\u0131 isyan\u0131n ard\u0131ndan Cad\u0131lar\u0131n Saltanat\u0131 devrilmi\u015fti. Yeni \u00c7a\u011f\u2019da art\u0131k b\u00fcy\u00fcleri y\u00fcz\u00fcnden avlan\u0131yor ve vah\u015fice \u00f6ld\u00fcr\u00fcl\u00fcyorlard\u0131. Rune toplum i\u00e7inde partilere d\u00fc\u015fk\u00fcn s\u0131\u011f bir aristokrat maskesi takarken gecelerini K\u0131z\u0131l G\u00fcve olarak ge\u00e7iriyor, \u00f6ld\u00fcr\u00fclmek \u00fczere tutuklanan cad\u0131lar\u0131 ka\u00e7\u0131r\u0131yordu.    Yanl\u0131\u015f ipucunun izini s\u00fcrd\u00fc\u011f\u00fc bir kurtarma operasyonu sarpa sar\u0131nca Kan Muhaf\u0131zlar\u0131\u2019n\u0131n ilgisini ba\u015fka y\u00f6ne \u00e7ekebilmek i\u00e7in cad\u0131lara olan nefretiyle bilinen Y\u00fczba\u015f\u0131 Gideon Sharpe\u2019la fl\u00f6rt etmeye ba\u015flayacakt\u0131.    Gideon, Rune\u2019un s\u00fcrd\u00fc\u011f\u00fc abart\u0131l\u0131, y\u00fczeysel hayattan nefret ediyordu. Ama K\u0131z\u0131l G\u00fcve\u2019nin tutsaklar\u0131 Rune\u2019un gemileriyle ka\u00e7\u0131rd\u0131\u011f\u0131n\u0131 \u00f6\u011frendi\u011finde bilgi toplamak i\u00e7in sosyal \u00e7evresine girerek onunla yak\u0131nla\u015fmas\u0131 gerekecekti.    Sokaklar katledilmi\u015f muhaf\u0131zlarla dolup ta\u015f\u0131yor, cad\u0131lar birer birer idam ediliyordu. Gideon ve Rune gerilimin gitgide t\u0131rmand\u0131\u011f\u0131 bu ortamda birbirleriyle kedinin fareyle oynad\u0131\u011f\u0131 gibi oynarken muazzam bir tehlike onlar\u0131 bekliyordu: Yalanlar\u0131 a\u015fka d\u00f6n\u00fc\u015f\u00fcyordu.   Goodreads, 2024\u2019\u00fcn En Beklenen Gen\u00e7 Yeti\u015fkin Kitab\u0131 &amp; Y\u0131l\u0131n En Pop\u00fcler Kitab\u0131 Elle, 2024\u2019\u00fcn En \u0130yi Fantastik Kitab\u0131 Paste Magazine, 2024\u2019\u00fcn En \u0130yi Fantastik Kitab\u0131     \u201cB\u00fcy\u00fcleyici ve \u00e7ok romantik. Kalpsiz Avc\u0131 beni ilk c\u00fcmleden i\u00e7ine \u00e7ekti ve  on c\u00fcmlesiyle nefesimi kesti. Hik\u00e2ye bir b\u00fcy\u00fc gibi g\u00f6zlerinizin \u00f6n\u00fcnde meydana geliyor. Kalbinizi esir almamas\u0131 imk\u00e2ns\u0131z.\u201d \u2013Rebecca Ross   \u201cBu kitap tam benlik. Karanl\u0131k, romantik ve yasak b\u00fcy\u00fcyle dolup ta\u015f\u0131yor. Kalpsiz Avc\u0131 ba\u015ftan \u00e7\u0131karma ve aldatmaca aras\u0131nda kalman\u0131n nas\u0131l bir \u015fey oldu\u011funu sergilemekte usta bir i\u015f \u00e7\u0131karm\u0131\u015f. Okurken kalbim yerinden f\u0131rlayacakt\u0131!\u201d \u2013Rachel GIllIg   \u201cBir cad\u0131 ve cad\u0131 avc\u0131s\u0131 aras\u0131ndaki kedi-fare oyununu okudu\u011fumuz bu romantik fantastik resmen ba\u011f\u0131ml\u0131l\u0131k yap\u0131yor. Aralar\u0131ndaki o kimya yok mu! Of! Kalpsiz Avc\u0131 bu senenin en iyi \u00e7\u0131k\u0131\u015f\u0131.\u201d  \u2013PASTE     \u201cB\u00fcy\u00fc ve a\u015fkla dolu bir d\u00fcnyan\u0131n kap\u0131lar\u0131n\u0131 okurlara aralayan seriye m\u00fckemmel bir ba\u015flang\u0131\u00e7.\u201d.\u201d \u2013KIrkus   \u201cKalpsiz Avc\u0131 karma\u015f\u0131k bir kurguyu h\u00fcnerle katman katman a\u00e7\u0131yor ve \u00e7ift bak\u0131\u015f a\u00e7\u0131yla yaz\u0131lm\u0131\u015f olmas\u0131 gerilimi art\u0131r\u0131yor.\u201d \u2013BooklIst    \u201cTers k\u00f6\u015feleri ve kar\u015f\u0131 konulmaz yasak a\u015fk\u0131yla b\u00fcy\u00fcleyici bir fantastik romans. Detayl\u0131 ve e\u015fsiz b\u00fcy\u00fc sistemi, ba\u011f\u0131ml\u0131l\u0131k yaratan d\u00fc\u015fmandan a\u015fka romantizmi ve entrikayla dolu \u00e7arp\u0131c\u0131 d\u00fcnyas\u0131yla Ciccarelli elinizden b\u0131rakamayaca\u011f\u0131n\u0131z bir hik\u00e2ye anlat\u0131yor. Karma\u015f\u0131k, gri karakterleri var ve son sayfay\u0131 \u00e7evirdikten \u00e7ok sonra bile h\u00e2l\u00e2 onlar\u0131 d\u00fc\u015f\u00fcn\u00fcyorum.\u201d  \u2013ElIzabeth Helen <\/p>\n","protected":false},"excerpt":{"rendered":"<p>PE\u015e\u0130NE D\u00dc\u015eT\u00dc\u011e\u00dcM BEN M\u0130Y\u0130M YOKSA \u0130\u00c7\u0130MDEK\u0130 CANAVAR MI? Bu hik\u00e2yede o kimdi? Kahraman m\u0131, su\u00e7lu mu yoksa aptal m\u0131? Kanl\u0131 isyan\u0131n ard\u0131ndan Cad\u0131lar\u0131n Saltanat\u0131 devrilmi\u015fti. Yeni<span class=\"excerpt-hellip\"> [\u2026]<\/span><\/p>\n","protected":false},"featured_media":0,"template":"","meta":{"_monsterinsights_skip_tracking":false,"_monsterinsights_sitenote_active":false,"_monsterinsights_sitenote_note":"","_monsterinsights_sitenote_category":0},"product_brand":[],"product_cat":[12291,12711],"product_tag":[],"class_list":{"0":"post-766138","1":"product","2":"type-product","3":"status-publish","5":"product_cat-edebiyat","6":"product_cat-roman-oyku","7":"pa_cilt-ciltli","8":"pa_tur-kitap","9":"pa_yayinevi-indigo-kitap","10":"pa_yazar-kristen-ciccarelli","12":"first","13":"instock","14":"sale","15":"shipping-taxable","16":"purchasable","17":"product-type-simple"},"_links":{"self":[{"href":"https:\/\/roveyayinevi.com.tr\/index.php\/wp-json\/wp\/v2\/product\/766138","targetHints":{"allow":["GET"]}}],"collection":[{"href":"https:\/\/roveyayinevi.com.tr\/index.php\/wp-json\/wp\/v2\/product"}],"about":[{"href":"https:\/\/roveyayinevi.com.tr\/index.php\/wp-json\/wp\/v2\/types\/product"}],"wp:attachment":[{"href":"https:\/\/roveyayinevi.com.tr\/index.php\/wp-json\/wp\/v2\/media?parent=766138"}],"wp:term":[{"taxonomy":"product_brand","embeddable":true,"href":"https:\/\/roveyayinevi.com.tr\/index.php\/wp-json\/wp\/v2\/product_brand?post=766138"},{"taxonomy":"product_cat","embeddable":true,"href":"https:\/\/roveyayinevi.com.tr\/index.php\/wp-json\/wp\/v2\/product_cat?post=766138"},{"taxonomy":"product_tag","embeddable":true,"href":"https:\/\/roveyayinevi.com.tr\/index.php\/wp-json\/wp\/v2\/product_tag?post=766138"}],"curies":[{"name":"wp","href":"https:\/\/api.w.org\/{rel}","templated":true}]}}