{"id":766137,"date":"2025-08-28T12:03:22","date_gmt":"2025-08-28T09:03:22","guid":{"rendered":"https:\/\/roveyayinevi.com.tr\/index.php\/urun\/iberyadan-istanbula\/"},"modified":"2026-04-15T03:32:05","modified_gmt":"2026-04-15T00:32:05","slug":"iberyadan-istanbula","status":"publish","type":"product","link":"https:\/\/roveyayinevi.com.tr\/index.php\/urun\/iberyadan-istanbula\/","title":{"rendered":"\u0130berya\u2019dan \u0130stanbul\u2019a"},"content":{"rendered":"<p>Roman k\u00f6le olarak \u0130zmir\u2019den \u0130spanya\u2019ya ka\u00e7\u0131r\u0131lan bir \u00e7ocu\u011fun s\u0131ra d\u0131\u015f\u0131 \u00f6yk\u00fcs\u00fcyle ba\u015fl\u0131yor. Ailesini tan\u0131mayan, elinde avucunda hi\u00e7bir \u015feyi olmayan, dilini ve kimli\u011fini dahi bilmeyen s\u0131radan biri, \u00e2deta ya\u015fam\u0131n i\u00e7ine \u201cf\u0131rlat\u0131l\u0131yor\u201d. Ki\u015finin bu d\u00fcnyada (\u00e7o\u011fu zaman kaygan bir zeminde) kendisini nas\u0131l var edebilece\u011fi sorusu esas meseledir. Sanki s\u0131f\u0131r noktas\u0131nda ba\u015fl\u0131yor her \u015fey. Bamba\u015fka co\u011frafya ve \u015fehirlerde her an yepyeni insanlar \u00e7\u0131kabiliyor kar\u015f\u0131m\u0131za; kavga ve \u00e7eki\u015fmelerden, sevgi ve nefret ili\u015fkilerinden ise hi\u00e7 kimse uzak de\u011fil. Kendi talihinin pe\u015finde ko\u015fma, hep derin bir merak duygusu, d\u00fcnyay\u0131 anlama \u00e7abas\u0131 ve b\u00fct\u00fcn imk\u00e2nlar\u0131 zorlama neredeyse bu \u00f6yk\u00fcn\u00fcn t\u00fcm sat\u0131rlar\u0131na yay\u0131l\u0131yor. Romandaki karakter kendi pay\u0131na d\u00fc\u015fen bu m\u00fccadeleyi fazlas\u0131yla veriyor. \u0130berya\u2019dan \u0130stanbul\u2019a olan yolcu\u011funda Akdeniz\u2019in zengin melez k\u00fclt\u00fcr\u00fcyle tan\u0131\u015f\u0131yor. Zamanla tarihin ve antropolojinin son derece ilgin\u00e7 bilgileri ile kar\u015f\u0131la\u015f\u0131yor. \u00d6nyarg\u0131lardan ba\u011f\u0131ms\u0131z insan ili\u015fkilerini, davran\u0131\u015flar\u0131n\u0131, inan\u00e7lar\u0131n\u0131 ve d\u00fc\u015f\u00fcncelerini yorumluyor. Son derece karma\u015f\u0131k bir al\u0131\u015fveri\u015fe dayanan insani ili\u015fkiler temelde hangi \u00f6geleri i\u00e7eriyor? Bunda kimliklerin ve zihniyetin pay\u0131 ne kadar? Toplum, \u00e7evre ve gelenekler hakikatte bizi nas\u0131l \u015fekillendiriyor? Yoksa d\u0131\u015f etkilere maruz kalmaks\u0131z\u0131n kendi hayal d\u00fcnyam\u0131za yaslanarak ger\u00e7ek bir ya\u015fam in\u015fa etmemiz m\u00fcmk\u00fcn m\u00fcd\u00fcr? Sonu\u00e7ta hangi ko\u015fullarda olursa olsun d\u00fcnyaya gelen bir bireyin kendisine ait bir hik\u00e2yesi ve anlaml\u0131 bir s\u00f6z\u00fc olmal\u0131. <\/p>\n","protected":false},"excerpt":{"rendered":"<p>Roman k\u00f6le olarak \u0130zmir\u2019den \u0130spanya\u2019ya ka\u00e7\u0131r\u0131lan bir \u00e7ocu\u011fun s\u0131ra d\u0131\u015f\u0131 \u00f6yk\u00fcs\u00fcyle ba\u015fl\u0131yor. Ailesini tan\u0131mayan, elinde avucunda hi\u00e7bir \u015feyi olmayan, dilini ve kimli\u011fini dahi bilmeyen s\u0131radan biri,<span class=\"excerpt-hellip\"> [\u2026]<\/span><\/p>\n","protected":false},"featured_media":0,"template":"","meta":{"_monsterinsights_skip_tracking":false,"_monsterinsights_sitenote_active":false,"_monsterinsights_sitenote_note":"","_monsterinsights_sitenote_category":0},"product_brand":[],"product_cat":[12291,12711],"product_tag":[],"class_list":{"0":"post-766137","1":"product","2":"type-product","3":"status-publish","5":"product_cat-edebiyat","6":"product_cat-roman-oyku","7":"pa_cilt-ciltsiz","8":"pa_tur-kitap","9":"pa_yayinevi-dogu-bati-yayinlari","10":"pa_yazar-oguz-adanir","12":"first","13":"instock","14":"sale","15":"shipping-taxable","16":"purchasable","17":"product-type-simple"},"_links":{"self":[{"href":"https:\/\/roveyayinevi.com.tr\/index.php\/wp-json\/wp\/v2\/product\/766137","targetHints":{"allow":["GET"]}}],"collection":[{"href":"https:\/\/roveyayinevi.com.tr\/index.php\/wp-json\/wp\/v2\/product"}],"about":[{"href":"https:\/\/roveyayinevi.com.tr\/index.php\/wp-json\/wp\/v2\/types\/product"}],"wp:attachment":[{"href":"https:\/\/roveyayinevi.com.tr\/index.php\/wp-json\/wp\/v2\/media?parent=766137"}],"wp:term":[{"taxonomy":"product_brand","embeddable":true,"href":"https:\/\/roveyayinevi.com.tr\/index.php\/wp-json\/wp\/v2\/product_brand?post=766137"},{"taxonomy":"product_cat","embeddable":true,"href":"https:\/\/roveyayinevi.com.tr\/index.php\/wp-json\/wp\/v2\/product_cat?post=766137"},{"taxonomy":"product_tag","embeddable":true,"href":"https:\/\/roveyayinevi.com.tr\/index.php\/wp-json\/wp\/v2\/product_tag?post=766137"}],"curies":[{"name":"wp","href":"https:\/\/api.w.org\/{rel}","templated":true}]}}