{"id":766135,"date":"2025-08-28T12:03:20","date_gmt":"2025-08-28T09:03:20","guid":{"rendered":"https:\/\/roveyayinevi.com.tr\/index.php\/urun\/metapsikoterapi\/"},"modified":"2026-04-15T03:32:05","modified_gmt":"2026-04-15T00:32:05","slug":"metapsikoterapi","status":"publish","type":"product","link":"https:\/\/roveyayinevi.com.tr\/index.php\/urun\/metapsikoterapi\/","title":{"rendered":"Metapsikoterapi"},"content":{"rendered":"<p>RUH SA\u011eLI\u011eINA VE PS\u0130KOTERAP\u0130YE YEN\u0130L\u0130K\u00c7\u0130 VE B\u00dcT\u00dcNC\u00dcL B\u0130R YAKLA\u015eIM: \u201cMETAPS\u0130KOTERAP\u0130\u201d MetaPsikoterapi adl\u0131 bu eserin T\u00fcrkiye\u2019nin sosyal ve k\u00fclt\u00fcrel dinamiklerini derinlemesine anlayan, halk\u0131n lisan\u0131n\u0131, ninnilerini, \u00e7ocuk yeti\u015ftirme y\u00f6ntemlerini, geleneklerini bilen ve uzun y\u0131llard\u0131r psikoterapi alan\u0131nda klinik \u00e7al\u0131\u015fmalar yapan, e\u011fitimler veren, de\u011ferli deneyimlerini payla\u015fan bir meslekta\u015f\u0131m taraf\u0131ndan yaz\u0131lmas\u0131n\u0131 \u00e7ok \u00f6nemli buluyorum. Kendi klinik deneyimlerimden baz\u0131 vaka \u00f6rneklerini Psikoterapist Dr. Cem Ke\u00e7e ile payla\u015farak ruh sa\u011fl\u0131\u011f\u0131na ve psikoterapiye yenilik\u00e7i ve b\u00fct\u00fcnc\u00fcl bir yakla\u015f\u0131m getiren bu kitab\u0131n yaz\u0131lmas\u0131nda katk\u0131m olmas\u0131ndan b\u00fcy\u00fck mutluluk duydum. Bu eserin hem ruh sa\u011fl\u0131\u011f\u0131 alan\u0131nda \u00e7al\u0131\u015fan profesyonellerin geli\u015fimine hem de bireylerin ruh sa\u011fl\u0131\u011f\u0131na olumlu etkilerde bulunaca\u011f\u0131ndan hi\u00e7 \u015f\u00fcphem yok. Prof. Dr. Vam\u0131k D. VOLKAN   YA\u015eAMDA ANLAMLI VE TATM\u0130N ED\u0130C\u0130 B\u0130R VAROLU\u015e VADEDEN B\u0130LGECE B\u0130R YOL: \u201cMETAPS\u0130KOTERAP\u0130\u201d MetaPsikoterapi psikoloji ve psikoterapi alan\u0131nda ge\u00e7mi\u015fin miras\u0131n\u0131 devral\u0131p gelece\u011fe ta\u015f\u0131yan bir k\u00f6pr\u00fc ve yeni bir \u00e7a\u011f\u0131n ba\u015flang\u0131c\u0131n\u0131 m\u00fcjdeleyen bir manifestodur. Ruh sa\u011fl\u0131\u011f\u0131 konusunda var olan kuramlar\u0131 bir araya getirip onlar\u0131n en etkili y\u00f6nlerini kullanarak b\u00fct\u00fcnc\u00fcl bir yakla\u015f\u0131m sunar. Bu yakla\u015f\u0131m hem psikoterapistler hem de dan\u0131\u015fanlar i\u00e7in geni\u015f bir bak\u0131\u015f a\u00e7\u0131s\u0131 ve derin bir anlay\u0131\u015f sa\u011flar. MetaPsikoterapi bir psikoterapi y\u00f6ntemi olmaktan ibaret de\u011fildir, ayn\u0131 zamanda felsefi bir yakla\u015f\u0131m ve ya\u015fam anlay\u0131\u015f\u0131d\u0131r. Klasik psikoterapi yakla\u015f\u0131mlar\u0131n\u0131n \u00f6tesine ge\u00e7erek insan\u0131n bilin\u00e7d\u0131\u015f\u0131 s\u00fcre\u00e7lerini, i\u00e7sel \u00e7at\u0131\u015fmalar\u0131n\u0131 ve kendini ger\u00e7ekle\u015ftirme yolculu\u011funu derinlemesine anlamay\u0131 hedefler, mevcut sorunlar\u0131n\u0131 \u00e7\u00f6zmekle kalmay\u0131p ya\u015famda anlaml\u0131 ve tatmin edici bir varolu\u015fa ula\u015fmas\u0131na yard\u0131mc\u0131 olmay\u0131 ama\u00e7lar. Psikoterapist &amp; Yazar &amp; E\u011fitmen Dr. Cem KE\u00c7E   PS\u0130KOTERAP\u0130DE YEN\u0130 B\u0130R UFUK: \u201cMETAPS\u0130KOTERAP\u0130\u201d MetaPsikoterapi psikoloji ve psikoterapi kuramlar\u0131n\u0131, uygulamalar\u0131n\u0131 ve Psikoterapist Dr. Cem Ke\u00e7e\u2019nin onlarca y\u0131ll\u0131k tecr\u00fcbesini, binlerce saatlik klinik g\u00f6zlemlerini ve insana dair bilgece anlay\u0131\u015f\u0131n\u0131 bilimsel bir titizlikle sunmaktad\u0131r. Ruhun derinliklerine inen bir yolculu\u011fa \u00e7\u0131kmak insan\u0131n varolu\u015funun anlam\u0131n\u0131 ke\u015ffetmeye y\u00f6nelik en zorlu ve en \u00f6d\u00fcllendirici \u00e7abalardan biridir. Bu yolculuk i\u00e7in bir pusula olan MetaPsikoterapi ruh sa\u011fl\u0131\u011f\u0131 profesyonellerinin her zaman ihtiya\u00e7 duyaca\u011f\u0131 kapsaml\u0131 bir kaynak niteli\u011fi ta\u015f\u0131maktad\u0131r. Bu eserle tan\u0131\u015facak olan herkes ruhun karanl\u0131klar\u0131nda kaybolmak yerine, insan\u0131n i\u00e7 d\u00fcnyas\u0131n\u0131 ayd\u0131nlatacak g\u00fc\u00e7l\u00fc bir \u0131\u015f\u0131k bulacakt\u0131r. Cinsel Sa\u011fl\u0131k Dernekleri Federasyonu (C\u0130SEF) <\/p>\n","protected":false},"excerpt":{"rendered":"<p>RUH SA\u011eLI\u011eINA VE PS\u0130KOTERAP\u0130YE YEN\u0130L\u0130K\u00c7\u0130 VE B\u00dcT\u00dcNC\u00dcL B\u0130R YAKLA\u015eIM: \u201cMETAPS\u0130KOTERAP\u0130\u201d MetaPsikoterapi adl\u0131 bu eserin T\u00fcrkiye\u2019nin sosyal ve k\u00fclt\u00fcrel dinamiklerini derinlemesine anlayan, halk\u0131n lisan\u0131n\u0131, ninnilerini, \u00e7ocuk yeti\u015ftirme<span class=\"excerpt-hellip\"> [\u2026]<\/span><\/p>\n","protected":false},"featured_media":0,"template":"","meta":{"_monsterinsights_skip_tracking":false,"_monsterinsights_sitenote_active":false,"_monsterinsights_sitenote_note":"","_monsterinsights_sitenote_category":0},"product_brand":[],"product_cat":[12357],"product_tag":[],"class_list":{"0":"post-766135","1":"product","2":"type-product","3":"status-publish","5":"product_cat-psikoloji","6":"pa_cilt-ciltsiz","7":"pa_tur-kitap","8":"pa_yayinevi-pusula-yayinevi-ankara","9":"pa_yazar-cem-kece","11":"first","12":"instock","13":"sale","14":"shipping-taxable","15":"purchasable","16":"product-type-simple"},"_links":{"self":[{"href":"https:\/\/roveyayinevi.com.tr\/index.php\/wp-json\/wp\/v2\/product\/766135","targetHints":{"allow":["GET"]}}],"collection":[{"href":"https:\/\/roveyayinevi.com.tr\/index.php\/wp-json\/wp\/v2\/product"}],"about":[{"href":"https:\/\/roveyayinevi.com.tr\/index.php\/wp-json\/wp\/v2\/types\/product"}],"wp:attachment":[{"href":"https:\/\/roveyayinevi.com.tr\/index.php\/wp-json\/wp\/v2\/media?parent=766135"}],"wp:term":[{"taxonomy":"product_brand","embeddable":true,"href":"https:\/\/roveyayinevi.com.tr\/index.php\/wp-json\/wp\/v2\/product_brand?post=766135"},{"taxonomy":"product_cat","embeddable":true,"href":"https:\/\/roveyayinevi.com.tr\/index.php\/wp-json\/wp\/v2\/product_cat?post=766135"},{"taxonomy":"product_tag","embeddable":true,"href":"https:\/\/roveyayinevi.com.tr\/index.php\/wp-json\/wp\/v2\/product_tag?post=766135"}],"curies":[{"name":"wp","href":"https:\/\/api.w.org\/{rel}","templated":true}]}}