{"id":766133,"date":"2025-08-28T12:03:16","date_gmt":"2025-08-28T09:03:16","guid":{"rendered":"https:\/\/roveyayinevi.com.tr\/index.php\/urun\/carlik-idaresi-doneminde-surmelide-igdir-nufus-ve-yerlesme\/"},"modified":"2026-04-15T03:32:05","modified_gmt":"2026-04-15T00:32:05","slug":"carlik-idaresi-doneminde-surmelide-igdir-nufus-ve-yerlesme","status":"publish","type":"product","link":"https:\/\/roveyayinevi.com.tr\/index.php\/urun\/carlik-idaresi-doneminde-surmelide-igdir-nufus-ve-yerlesme\/","title":{"rendered":"\u00c7arl\u0131k \u0130daresi D\u00f6neminde S\u00fcrmeli\u2019de (I\u011fd\u0131r) N\u00fcfus ve Yerle\u015fme"},"content":{"rendered":"<p>I\u011fd\u0131r ya da eski ad\u0131yla S\u00fcrmeli, 1828 y\u0131l\u0131ndan 1918 y\u0131l\u0131na kadar Rus idaresinde kalm\u0131\u015ft\u0131r. Bu d\u00f6nemde sahayla ilgili olarak \u00e7ok say\u0131da resmi kay\u0131t tutulmu\u015ftur. Bunlardan birisi de genel n\u00fcfus say\u0131mlar\u0131d\u0131r. Sahada 1886 ve 1897 y\u0131l\u0131nda yap\u0131lan genel n\u00fcfus say\u0131mlar\u0131, yap\u0131ld\u0131\u011f\u0131 d\u00f6nemlere ait \u00e7ok \u00f6nemli istatistiki verinin de toplanmas\u0131n\u0131 sa\u011flam\u0131\u015ft\u0131r. \u00c7arl\u0131k \u0130daresi D\u00f6neminde S\u00fcrmeli\u2019de (I\u011fd\u0131r) N\u00fcfus ve Yerle\u015fme isimli bu eserde s\u00f6z konusu istatistiki veriler kullan\u0131larak 1880 ve 1890\u2019l\u0131 y\u0131llar\u0131n I\u011fd\u0131r\u2019\u0131n\u0131n n\u00fcfus ve yerle\u015fme \u00f6zellikleri ortaya konulmaya \u00e7al\u0131\u015f\u0131lm\u0131\u015ft\u0131r. 19. y\u00fczy\u0131l I\u011fd\u0131r co\u011frafyas\u0131nda k\u00fclt\u00fcrel \u00e7e\u015fitlili\u011fin en fazla oldu\u011fu d\u00f6nem olarak kar\u015f\u0131m\u0131za \u00e7\u0131kmaktad\u0131r. Eserde belirtilen d\u00f6nemde yerle\u015fmelerin ba\u015fta etnik ve inan\u00e7 \u00f6zellikleri olmak \u00fczere bir\u00e7ok n\u00fcfus \u00f6zelli\u011fi incelenmi\u015f, co\u011frafyan\u0131n da\u011f\u0131l\u0131\u015f ilkesine uygun olarak da idari, etnik ve inan\u00e7 haritalar\u0131 haz\u0131rlanm\u0131\u015ft\u0131r. B\u00f6ylece okuyucuya ge\u00e7mi\u015fle g\u00fcn\u00fcm\u00fcz\u00fc kar\u015f\u0131la\u015ft\u0131rabilme f\u0131rsat\u0131 sunulmu\u015ftur. <\/p>\n","protected":false},"excerpt":{"rendered":"<p>I\u011fd\u0131r ya da eski ad\u0131yla S\u00fcrmeli, 1828 y\u0131l\u0131ndan 1918 y\u0131l\u0131na kadar Rus idaresinde kalm\u0131\u015ft\u0131r. Bu d\u00f6nemde sahayla ilgili olarak \u00e7ok say\u0131da resmi kay\u0131t tutulmu\u015ftur. Bunlardan birisi<span class=\"excerpt-hellip\"> [\u2026]<\/span><\/p>\n","protected":false},"featured_media":0,"template":"","meta":{"_monsterinsights_skip_tracking":false,"_monsterinsights_sitenote_active":false,"_monsterinsights_sitenote_note":"","_monsterinsights_sitenote_category":0},"product_brand":[],"product_cat":[12304,14128],"product_tag":[],"class_list":{"0":"post-766133","1":"product","2":"type-product","3":"status-publish","5":"product_cat-tarih","6":"product_cat-yakin-tarih","7":"pa_cilt-ciltsiz","8":"pa_tur-kitap","9":"pa_yayinevi-aktif-yayinevi","10":"pa_yazar-taner-aydin","12":"first","13":"instock","14":"sale","15":"shipping-taxable","16":"purchasable","17":"product-type-simple"},"_links":{"self":[{"href":"https:\/\/roveyayinevi.com.tr\/index.php\/wp-json\/wp\/v2\/product\/766133","targetHints":{"allow":["GET"]}}],"collection":[{"href":"https:\/\/roveyayinevi.com.tr\/index.php\/wp-json\/wp\/v2\/product"}],"about":[{"href":"https:\/\/roveyayinevi.com.tr\/index.php\/wp-json\/wp\/v2\/types\/product"}],"wp:attachment":[{"href":"https:\/\/roveyayinevi.com.tr\/index.php\/wp-json\/wp\/v2\/media?parent=766133"}],"wp:term":[{"taxonomy":"product_brand","embeddable":true,"href":"https:\/\/roveyayinevi.com.tr\/index.php\/wp-json\/wp\/v2\/product_brand?post=766133"},{"taxonomy":"product_cat","embeddable":true,"href":"https:\/\/roveyayinevi.com.tr\/index.php\/wp-json\/wp\/v2\/product_cat?post=766133"},{"taxonomy":"product_tag","embeddable":true,"href":"https:\/\/roveyayinevi.com.tr\/index.php\/wp-json\/wp\/v2\/product_tag?post=766133"}],"curies":[{"name":"wp","href":"https:\/\/api.w.org\/{rel}","templated":true}]}}