{"id":766132,"date":"2025-08-28T12:03:15","date_gmt":"2025-08-28T09:03:15","guid":{"rendered":"https:\/\/roveyayinevi.com.tr\/index.php\/urun\/kastamonu-universitesi-bilgi-ve-belge-yonetimi-seminerleri-2022-2023\/"},"modified":"2026-04-15T03:32:05","modified_gmt":"2026-04-15T00:32:05","slug":"kastamonu-universitesi-bilgi-ve-belge-yonetimi-seminerleri-2022-2023","status":"publish","type":"product","link":"https:\/\/roveyayinevi.com.tr\/index.php\/urun\/kastamonu-universitesi-bilgi-ve-belge-yonetimi-seminerleri-2022-2023\/","title":{"rendered":"Kastamonu \u00dcniversitesi Bilgi ve Belge Y\u00f6netimi Seminerleri 2022-2023"},"content":{"rendered":"<p>Kastamonu \u00dcniversitesi, Sosyal Bilimler Enstit\u00fcs\u00fc, Bilgi ve Belge Y\u00f6netimi B\u00f6l\u00fcm\u00fc\u2019nde y\u00fcksek lisans e\u011fitimi alan \u00f6\u011frenciler taraf\u0131ndan haz\u0131rlanan bu kitap, y\u00fcksek lisans dersleri aras\u0131nda olduk\u00e7a \u00f6nemli yeri olan ve y\u00fcksek lisans tezinin bilimsel kurallara uygun yaz\u0131lmas\u0131n\u0131 sa\u011flayacak temel ilke ve kurallar\u0131n aktar\u0131lmas\u0131n\u0131 ama\u00e7layan \u201cSeminer\u201d dersinin sonucunda olu\u015fturulmu\u015ftur. Dan\u0131\u015fman hocalar\u0131n g\u00f6zetiminde \u00fcretilen ve s\u00f6zl\u00fc sunumlar\u0131 da yap\u0131lan bu \u00e7al\u0131\u015fmalar\u0131n bir k\u0131sm\u0131 \u00f6\u011frencilerin y\u00fcksek lisans tezine haz\u0131rl\u0131k niteli\u011finde, bir k\u0131sm\u0131 da ilgi alanlar\u0131 do\u011frultusunda se\u00e7ilmi\u015f konular\u0131 i\u00e7ermektedir. Engelli kullan\u0131c\u0131lar, \u00fcniversite k\u00fct\u00fcphanelerinde kataloglama, s\u00fcrd\u00fcr\u00fclebilirlik ve yenilik\u00e7i hizmet anlay\u0131\u015f\u0131, k\u00fct\u00fcphanecilik ba\u011flam\u0131nda \u00c7in \u00f6rne\u011fi, alkol ve madde ba\u011f\u0131ml\u0131l\u0131\u011f\u0131na ili\u015fkin etkinlikleri anlam\u0131nda halk k\u00fct\u00fcphaneleri, \u00e7ocuk ve kitap, \u00fcniversite k\u00fct\u00fcphanelerinde toplam kalite y\u00f6netimi, masa\u00fcst\u00fc yay\u0131nc\u0131l\u0131k, b\u00fcy\u00fck veri ve k\u00fct\u00fcphanecinin ki\u015fili\u011finin olu\u015fumunda kal\u0131t\u0131m \u00f6gesi gibi birbirinden farkl\u0131 konular\u0131n ele al\u0131nd\u0131\u011f\u0131 kitap, emek yo\u011fun ve heyecan dolu bir s\u00fcrecin \u00fcr\u00fcn\u00fcd\u00fcr. B\u00f6yle bir \u00e7al\u0131\u015fman\u0131n, \u00e7o\u011funlu\u011fu b\u00f6yle bir s\u00fcreci deneyimleyen \u00f6\u011frencilerimiz ve bizler i\u00e7in arma\u011fanlar\u0131n en g\u00fczeli olu\u011funu d\u00fc\u015f\u00fcn\u00fcyoruz. Keyifli okumalar diliyoruz.   B\u00f6l\u00fcm Yazarlar\u0131: Ali Alim Baykara, Ay\u015fe Feride Kop, Bahar Yayla, Burak Sava\u015f Sar\u0131\u00e7oban, Burcu Kesici, Hasret Esmer, Havva Y\u0131lmaz, \u0130rem Feray \u0130biko\u011flu, K\u0131ymet Akdamar, Mahir Akba\u015f, Merve Bank\u0131r <\/p>\n","protected":false},"excerpt":{"rendered":"<p>Kastamonu \u00dcniversitesi, Sosyal Bilimler Enstit\u00fcs\u00fc, Bilgi ve Belge Y\u00f6netimi B\u00f6l\u00fcm\u00fc\u2019nde y\u00fcksek lisans e\u011fitimi alan \u00f6\u011frenciler taraf\u0131ndan haz\u0131rlanan bu kitap, y\u00fcksek lisans dersleri aras\u0131nda olduk\u00e7a \u00f6nemli yeri<span class=\"excerpt-hellip\"> [\u2026]<\/span><\/p>\n","protected":false},"featured_media":0,"template":"","meta":{"_monsterinsights_skip_tracking":false,"_monsterinsights_sitenote_active":false,"_monsterinsights_sitenote_note":"","_monsterinsights_sitenote_category":0},"product_brand":[],"product_cat":[12573,12566],"product_tag":[],"class_list":{"0":"post-766132","1":"product","2":"type-product","3":"status-publish","5":"product_cat-akademik-kitaplar","6":"product_cat-egitim","7":"pa_cilt-ciltsiz","8":"pa_tur-kitap","9":"pa_yayinevi-aktif-yayinevi","10":"pa_yazar-kolektif","12":"first","13":"instock","14":"sale","15":"shipping-taxable","16":"purchasable","17":"product-type-simple"},"_links":{"self":[{"href":"https:\/\/roveyayinevi.com.tr\/index.php\/wp-json\/wp\/v2\/product\/766132","targetHints":{"allow":["GET"]}}],"collection":[{"href":"https:\/\/roveyayinevi.com.tr\/index.php\/wp-json\/wp\/v2\/product"}],"about":[{"href":"https:\/\/roveyayinevi.com.tr\/index.php\/wp-json\/wp\/v2\/types\/product"}],"wp:attachment":[{"href":"https:\/\/roveyayinevi.com.tr\/index.php\/wp-json\/wp\/v2\/media?parent=766132"}],"wp:term":[{"taxonomy":"product_brand","embeddable":true,"href":"https:\/\/roveyayinevi.com.tr\/index.php\/wp-json\/wp\/v2\/product_brand?post=766132"},{"taxonomy":"product_cat","embeddable":true,"href":"https:\/\/roveyayinevi.com.tr\/index.php\/wp-json\/wp\/v2\/product_cat?post=766132"},{"taxonomy":"product_tag","embeddable":true,"href":"https:\/\/roveyayinevi.com.tr\/index.php\/wp-json\/wp\/v2\/product_tag?post=766132"}],"curies":[{"name":"wp","href":"https:\/\/api.w.org\/{rel}","templated":true}]}}