{"id":766131,"date":"2025-08-28T12:03:14","date_gmt":"2025-08-28T09:03:14","guid":{"rendered":"https:\/\/roveyayinevi.com.tr\/index.php\/urun\/kopernik-astronomisinin-temelleri\/"},"modified":"2026-04-15T03:32:05","modified_gmt":"2026-04-15T00:32:05","slug":"kopernik-astronomisinin-temelleri","status":"publish","type":"product","link":"https:\/\/roveyayinevi.com.tr\/index.php\/urun\/kopernik-astronomisinin-temelleri\/","title":{"rendered":"Kopernik Astronomisinin Temelleri"},"content":{"rendered":"<p>Eski zamanlardan beri G\u00fcne\u015f, Ay ve di\u011fer gezegenlerin hareketleri, insanlara hep gizemli gelmi\u015ftir. O zamanlar\u0131n bilgeleri duyular\u0131yla alg\u0131lad\u0131klar\u0131 bu fenomenlerin neden ve nas\u0131l olduklar\u0131n\u0131 a\u00e7\u0131klamaya \u00e7al\u0131\u015fm\u0131\u015flard\u0131r. II. y\u00fczy\u0131lda \u0130skenderiye\u2019de ya\u015fam\u0131\u015f olan Yunanl\u0131 astronom ve co\u011frafyac\u0131 Claudius Ptolemaios, kendinden \u00f6ncekiler taraf\u0131ndan yap\u0131lan \u00e7al\u0131\u015fmalar\u0131 sistemli bir hale getirerek,  y\u00fczy\u0131llar boyu varl\u0131\u011f\u0131n\u0131 s\u00fcrd\u00fcrecek olan D\u00fcnya merkezli sistemi kurmu\u015ftur. Bu sistem, D\u00fcnya\u2019n\u0131n evrenin merkezinde ve sabit oldu\u011funu, G\u00fcne\u015f ve di\u011fer alt\u0131 gezegenin ise D\u00fcnya\u2019n\u0131n etraf\u0131nda d\u00f6nd\u00fc\u011f\u00fcn\u00fc s\u00f6yler. Kopernik, Ptolemaios\u2019un D\u00fcnya merkezli sistemini, tam kar\u015f\u0131t\u0131 olan G\u00fcne\u015f merkezli sistemle de\u011fi\u015ftirdi. Bu yeni sistemde G\u00fcne\u015f merkezde ve D\u00fcnya ise Ay ve di\u011fer gezegenler gibi G\u00fcne\u015f\u2019in etraf\u0131nda hareket etmekteydi. Y\u0131llard\u0131r h\u00fck\u00fcm s\u00fcren Aristoles fizi\u011fi ve Ptolemaios sistemi, Kopernik\u2019in G\u00fcne\u015f merkezli sistemi ile y\u0131k\u0131ld\u0131. Bunun yan\u0131 s\u0131ra, G\u00fcne\u015f merkezli sistem ile birlikte Kopernik, bilimsel d\u00fc\u015f\u00fcncelerin evrene bak\u0131\u015f a\u00e7\u0131m\u0131z\u0131 de\u011fi\u015ftirebilece\u011fini g\u00f6sterdi ve insan\u0131n evrenin h\u00e2kimi oldu\u011fu tasar\u0131m\u0131n\u0131 yerle bir etti.   Kopernik Astronomisinin Temelleri isimli bu eser, Ptolemaios\u2019tan Kopernik\u2019e uzanan tarihsel s\u00fcre\u00e7te \u0130slam astronomlar\u0131n\u0131n G\u00fcne\u015f merkezli sistemin do\u011fu\u015funa yapt\u0131klar\u0131 muhtemel katk\u0131lar\u0131 tespit ederek bu katk\u0131lar\u0131n Bilim Tarihi a\u00e7\u0131s\u0131ndan \u00f6nemini ortaya koymaktad\u0131r. <\/p>\n","protected":false},"excerpt":{"rendered":"<p>Eski zamanlardan beri G\u00fcne\u015f, Ay ve di\u011fer gezegenlerin hareketleri, insanlara hep gizemli gelmi\u015ftir. O zamanlar\u0131n bilgeleri duyular\u0131yla alg\u0131lad\u0131klar\u0131 bu fenomenlerin neden ve nas\u0131l olduklar\u0131n\u0131 a\u00e7\u0131klamaya \u00e7al\u0131\u015fm\u0131\u015flard\u0131r.<span class=\"excerpt-hellip\"> [\u2026]<\/span><\/p>\n","protected":false},"featured_media":0,"template":"","meta":{"_monsterinsights_skip_tracking":false,"_monsterinsights_sitenote_active":false,"_monsterinsights_sitenote_note":"","_monsterinsights_sitenote_category":0},"product_brand":[],"product_cat":[13005,15998],"product_tag":[],"class_list":{"0":"post-766131","1":"product","2":"type-product","3":"status-publish","5":"product_cat-bilim-muhendislik","6":"product_cat-bilim-tarihi","7":"pa_cilt-ciltsiz","8":"pa_tur-kitap","9":"pa_yayinevi-aktif-yayinevi","10":"pa_yazar-tuba-uymaz","12":"first","13":"instock","14":"sale","15":"shipping-taxable","16":"purchasable","17":"product-type-simple"},"_links":{"self":[{"href":"https:\/\/roveyayinevi.com.tr\/index.php\/wp-json\/wp\/v2\/product\/766131","targetHints":{"allow":["GET"]}}],"collection":[{"href":"https:\/\/roveyayinevi.com.tr\/index.php\/wp-json\/wp\/v2\/product"}],"about":[{"href":"https:\/\/roveyayinevi.com.tr\/index.php\/wp-json\/wp\/v2\/types\/product"}],"wp:attachment":[{"href":"https:\/\/roveyayinevi.com.tr\/index.php\/wp-json\/wp\/v2\/media?parent=766131"}],"wp:term":[{"taxonomy":"product_brand","embeddable":true,"href":"https:\/\/roveyayinevi.com.tr\/index.php\/wp-json\/wp\/v2\/product_brand?post=766131"},{"taxonomy":"product_cat","embeddable":true,"href":"https:\/\/roveyayinevi.com.tr\/index.php\/wp-json\/wp\/v2\/product_cat?post=766131"},{"taxonomy":"product_tag","embeddable":true,"href":"https:\/\/roveyayinevi.com.tr\/index.php\/wp-json\/wp\/v2\/product_tag?post=766131"}],"curies":[{"name":"wp","href":"https:\/\/api.w.org\/{rel}","templated":true}]}}