{"id":766129,"date":"2025-08-28T12:03:11","date_gmt":"2025-08-28T09:03:11","guid":{"rendered":"https:\/\/roveyayinevi.com.tr\/index.php\/urun\/yapay-zekanin-arapcayi-ogrenmede-ve-ogretmedeki-kullanimi\/"},"modified":"2026-04-15T03:32:05","modified_gmt":"2026-04-15T00:32:05","slug":"yapay-zekanin-arapcayi-ogrenmede-ve-ogretmedeki-kullanimi","status":"publish","type":"product","link":"https:\/\/roveyayinevi.com.tr\/index.php\/urun\/yapay-zekanin-arapcayi-ogrenmede-ve-ogretmedeki-kullanimi\/","title":{"rendered":"Yapay Zekan\u0131n Arap\u00e7ay\u0131 \u00d6\u011frenmede ve \u00d6\u011fretmedeki Kullan\u0131m\u0131"},"content":{"rendered":"<p>Yapay zek\u00e2 tek ba\u015f\u0131na insanl\u0131\u011f\u0131 etkileyen ve e\u011fitimin de etkilendi\u011fi bilimsel bir devrimi temsil etmektedir. Bu alana ayak uydurmak, kural ve verilerinden faydalanmak ve e\u011fitim m\u00fcfredat\u0131 ve stratejileri geli\u015ftirerek mekanizmalar\u0131n\u0131 kullanmak; yapay zek\u00e2n\u0131n sundu\u011fu \u00f6zelliklerin bir sonucu olarak anlay\u0131\u015f ve bilimsel fark\u0131ndal\u0131\u011f\u0131 art\u0131rman\u0131n yan\u0131 s\u0131ra yeterlilikleri geli\u015ftirmedeki ve ard\u0131ndan ileriye d\u00f6n\u00fck programlar ve projeler planlamadaki etkinli\u011fi ve faydalar\u0131 nedeniyle bir yapay zek\u00e2 k\u00fclt\u00fcr\u00fc geli\u015ftirmek gerekli h\u00e2le gelmi\u015ftir. Dil e\u011fitimi alan\u0131nda uzman, profes\u00f6r ve akademisyen taraf\u0131ndan haz\u0131rlanan \u201cYapay Zeka ve Arap\u00e7a Dil \u00d6\u011frenimi ve \u00d6\u011fretimindeki Rol\u00fc\u201d isimli bu eserde bu konular ele al\u0131nmaktad\u0131r. <\/p>\n","protected":false},"excerpt":{"rendered":"<p>Yapay zek\u00e2 tek ba\u015f\u0131na insanl\u0131\u011f\u0131 etkileyen ve e\u011fitimin de etkilendi\u011fi bilimsel bir devrimi temsil etmektedir. Bu alana ayak uydurmak, kural ve verilerinden faydalanmak ve e\u011fitim m\u00fcfredat\u0131<span class=\"excerpt-hellip\"> [\u2026]<\/span><\/p>\n","protected":false},"featured_media":0,"template":"","meta":{"_monsterinsights_skip_tracking":false,"_monsterinsights_sitenote_active":false,"_monsterinsights_sitenote_note":"","_monsterinsights_sitenote_category":0},"product_brand":[],"product_cat":[14597,12566],"product_tag":[],"class_list":{"0":"post-766129","1":"product","2":"type-product","3":"status-publish","5":"product_cat-dil-ogrenimi","6":"product_cat-egitim","7":"pa_cilt-ciltsiz","8":"pa_tur-kitap","9":"pa_yayinevi-ideal-kultur-yayincilik","10":"pa_yazar-mahmud-kaddum","12":"first","13":"instock","14":"sale","15":"shipping-taxable","16":"purchasable","17":"product-type-simple"},"_links":{"self":[{"href":"https:\/\/roveyayinevi.com.tr\/index.php\/wp-json\/wp\/v2\/product\/766129","targetHints":{"allow":["GET"]}}],"collection":[{"href":"https:\/\/roveyayinevi.com.tr\/index.php\/wp-json\/wp\/v2\/product"}],"about":[{"href":"https:\/\/roveyayinevi.com.tr\/index.php\/wp-json\/wp\/v2\/types\/product"}],"wp:attachment":[{"href":"https:\/\/roveyayinevi.com.tr\/index.php\/wp-json\/wp\/v2\/media?parent=766129"}],"wp:term":[{"taxonomy":"product_brand","embeddable":true,"href":"https:\/\/roveyayinevi.com.tr\/index.php\/wp-json\/wp\/v2\/product_brand?post=766129"},{"taxonomy":"product_cat","embeddable":true,"href":"https:\/\/roveyayinevi.com.tr\/index.php\/wp-json\/wp\/v2\/product_cat?post=766129"},{"taxonomy":"product_tag","embeddable":true,"href":"https:\/\/roveyayinevi.com.tr\/index.php\/wp-json\/wp\/v2\/product_tag?post=766129"}],"curies":[{"name":"wp","href":"https:\/\/api.w.org\/{rel}","templated":true}]}}