{"id":766128,"date":"2025-08-28T12:03:10","date_gmt":"2025-08-28T09:03:10","guid":{"rendered":"https:\/\/roveyayinevi.com.tr\/index.php\/urun\/cagdas-optimalist-piyasa-ekonomisi\/"},"modified":"2026-04-15T03:32:05","modified_gmt":"2026-04-15T00:32:05","slug":"cagdas-optimalist-piyasa-ekonomisi","status":"publish","type":"product","link":"https:\/\/roveyayinevi.com.tr\/index.php\/urun\/cagdas-optimalist-piyasa-ekonomisi\/","title":{"rendered":"\u00c7a\u011fda\u015f Optimalist Piyasa Ekonomisi"},"content":{"rendered":"<p>Bu kitap, \u00e7a\u011fda\u015f piyasa ekonomisinin baz\u0131 g\u00f6r\u00fcn\u00fcr ve g\u00f6r\u00fcnmez \u00f6zelliklerini a\u00e7\u0131kl\u0131\u011fa kavu\u015fturma amac\u0131yla yaz\u0131lm\u0131\u015ft\u0131r. Kitapta esas al\u0131nan piyasa ekonomisinde, piyasa ve devlet yan\u0131nda, firmalar\u0131 ve d\u0131\u015f d\u00fcnyay\u0131 da kapsayan d\u00f6rt temel y\u00f6nlendirici ve d\u00fczenleyici aktif, \u00f6nemli ve etkin bir rol oynamaktad\u0131r. Bu d\u00f6rt y\u00f6nlendirici ve d\u00fczenleyicinin rol\u00fc, kaynak tahsisi s\u00fcrecindeki nispi ve mutlak \u00fcst\u00fcnl\u00fcklerine g\u00f6re s\u00fcrekli de\u011fi\u015fmektedir. Bu d\u00f6rt akt\u00f6rl\u00fc piyasa ekonomisi, klasik temel ekonomik sorunlar\u0131n \u00e7\u00f6z\u00fclmesi yan\u0131nda \u00e7a\u011fda\u015f d\u00fcnyan\u0131n yeni ekonomik sorunlar\u0131n\u0131 da \u00e7\u00f6zmeye elveri\u015fli bir yap\u0131 kazanm\u0131\u015ft\u0131r. Nihayet \u00e7a\u011fda\u015f piyasa ekonomisi, d\u00f6rt oyuncunun etki alanlar\u0131n\u0131n, bu konuda m\u00fcmk\u00fcn olan en iyi da\u011f\u0131l\u0131ma y\u00f6nelmesini sa\u011flayacak optimalist dinamiklere sahiptir. \u00c7a\u011fda\u015f Optimalist Piyasa Ekonomisi, \u00fclkesinin ve d\u00fcnyan\u0131n sosyo-ekonomik sorunlar\u0131yla ilgilenen herkese hitap etmektedir. Genel olarak kitab\u0131n anla\u015f\u0131lmas\u0131 i\u00e7in \u00f6zel bir e\u011fitim g\u00f6rm\u00fc\u015f olmaya ihtiya\u00e7 yoktur. Ancak, sosyal bilimler alan\u0131nda \u00f6zellikle ekonomi, i\u015fletme ve kamu y\u00f6netimi b\u00f6l\u00fcmlerindeki \u00f6\u011frencilerin kafa kar\u0131\u015f\u0131kl\u0131klar\u0131ndan kurtularak ekonomiye sa\u011fl\u0131kl\u0131 bir bak\u0131\u015f geli\u015ftirmeleri a\u00e7\u0131s\u0131ndan bu \u00e7al\u0131\u015fma yararl\u0131 olacakt\u0131r. <\/p>\n","protected":false},"excerpt":{"rendered":"<p>Bu kitap, \u00e7a\u011fda\u015f piyasa ekonomisinin baz\u0131 g\u00f6r\u00fcn\u00fcr ve g\u00f6r\u00fcnmez \u00f6zelliklerini a\u00e7\u0131kl\u0131\u011fa kavu\u015fturma amac\u0131yla yaz\u0131lm\u0131\u015ft\u0131r. Kitapta esas al\u0131nan piyasa ekonomisinde, piyasa ve devlet yan\u0131nda, firmalar\u0131 ve d\u0131\u015f<span class=\"excerpt-hellip\"> [\u2026]<\/span><\/p>\n","protected":false},"featured_media":0,"template":"","meta":{"_monsterinsights_skip_tracking":false,"_monsterinsights_sitenote_active":false,"_monsterinsights_sitenote_note":"","_monsterinsights_sitenote_category":0},"product_brand":[],"product_cat":[13043],"product_tag":[],"class_list":{"0":"post-766128","1":"product","2":"type-product","3":"status-publish","5":"product_cat-ekonomi","6":"pa_cilt-ciltsiz","7":"pa_tur-kitap","8":"pa_yayinevi-liberte-yayinlari","9":"pa_yazar-erdal-turkkan","11":"first","12":"instock","13":"sale","14":"shipping-taxable","15":"purchasable","16":"product-type-simple"},"_links":{"self":[{"href":"https:\/\/roveyayinevi.com.tr\/index.php\/wp-json\/wp\/v2\/product\/766128","targetHints":{"allow":["GET"]}}],"collection":[{"href":"https:\/\/roveyayinevi.com.tr\/index.php\/wp-json\/wp\/v2\/product"}],"about":[{"href":"https:\/\/roveyayinevi.com.tr\/index.php\/wp-json\/wp\/v2\/types\/product"}],"wp:attachment":[{"href":"https:\/\/roveyayinevi.com.tr\/index.php\/wp-json\/wp\/v2\/media?parent=766128"}],"wp:term":[{"taxonomy":"product_brand","embeddable":true,"href":"https:\/\/roveyayinevi.com.tr\/index.php\/wp-json\/wp\/v2\/product_brand?post=766128"},{"taxonomy":"product_cat","embeddable":true,"href":"https:\/\/roveyayinevi.com.tr\/index.php\/wp-json\/wp\/v2\/product_cat?post=766128"},{"taxonomy":"product_tag","embeddable":true,"href":"https:\/\/roveyayinevi.com.tr\/index.php\/wp-json\/wp\/v2\/product_tag?post=766128"}],"curies":[{"name":"wp","href":"https:\/\/api.w.org\/{rel}","templated":true}]}}