{"id":766127,"date":"2025-08-28T12:03:09","date_gmt":"2025-08-28T09:03:09","guid":{"rendered":"https:\/\/roveyayinevi.com.tr\/index.php\/urun\/liberal-dusunce-dergisi-sayi-115-yaz-2024\/"},"modified":"2026-04-15T03:32:05","modified_gmt":"2026-04-15T00:32:05","slug":"liberal-dusunce-dergisi-sayi-115-yaz-2024","status":"publish","type":"product","link":"https:\/\/roveyayinevi.com.tr\/index.php\/urun\/liberal-dusunce-dergisi-sayi-115-yaz-2024\/","title":{"rendered":"Liberal D\u00fc\u015f\u00fcnce Dergisi Say\u0131 115 Yaz 2024"},"content":{"rendered":"<p>Bireysel \u00d6zg\u00fcrl\u00fckten Rasyonelle\u015fmeye: Georg Simmel ve Paran\u0131n FelsefesiFrom Individual Freedom to Rationalization: Georg Simmel and The Philosophy of Money\u015eeyma Ak\u0131n Cumhuriyet, Yasa ve T\u00fcrkiye\u2019de Modern Siyasetin Kurulu\u015fuThe Republic, the Law and the Establishment of Modern Politics in T\u00fcrkiyeBelgin Tarhan Se\u00e7ime Kat\u0131lma Davran\u0131\u015f\u0131n\u0131n E\u011fitim D\u00fczeyi ile \u0130li\u015fkisi: 14 May\u0131s 2023 T\u00fcrkiye Genel Se\u00e7imleri \u00d6rne\u011fiThe Relationship between Election Participation Behaviour and Educational Level: The Case of the Turkish General Election of 14 May 2023Mahmut Turan Ektiren The Evolution of T\u0130KA: A Case Study in Turkish Soft Power ProjectionT\u0130KA\u2019n\u0131n Evrimi: T\u00fcrkiye\u2019nin Yumu\u015fak G\u00fc\u00e7 G\u00f6steriminde Bir Vaka \u00c7al\u0131\u015fmas\u0131Birce Be\u015fg\u00fcl T\u00fcrkiye\u2019de K\u00fclt\u00fcr-Siyaset \u0130li\u015fkisi: \u201cM\u00fcphemlik\u201dten Pragmatizme Uzanan Bir Tasar\u0131m S\u00fcreciThe Relationship between Culture and Politics in T\u00fcrkiye: A Process of Social Design from &#8220;Ambivalence&#8221; to PragmatismHazan G\u00fcler Sar\u0131 Is the Liraization Strategy of the Central Bank of Republic of T\u00fcrkiye Successful?T\u00fcrkiye Cumhuriyeti Merkez Bankas\u0131\u2019n\u0131n Lirala\u015fma Stratejisi Ba\u015far\u0131l\u0131 m\u0131?Bekir Eren T\u00fcrkiye\u2019de Yast\u0131kalt\u0131ndaki Alt\u0131nlar\u0131n Finansal Sisteme Kazand\u0131r\u0131lmas\u0131na Y\u00f6nelik Alternatif ProjelerAlternative Projects For The Financialization of Gold Under the Mattress in TurkeyNihal K\u0131z\u0131la\u011f\u0131l &amp; Umut Evlimo\u011flu Suriyelilere Y\u00f6nelik \u00d6nyarg\u0131lar: Sosyal Bask\u0131nl\u0131k Y\u00f6nelimi ve Alg\u0131lanan Tehdidin Rol\u00fcPrejudices Towards Syrians: The Role of Social Dominance Orientation and Threat PerceptionsHamza Bahad\u0131r Eser &amp; Koray \u00c7etinceli Zafer \u00d6zkan &amp; Eda Ot Hanc\u0131 Informal Employment Areas for Syrian Asylum Seekers in T\u00fcrkiye: A Fuzzy TOPSIS AnalysisT\u00fcrkiye&#8217;de Suriyeli S\u0131\u011f\u0131nmac\u0131lar\u0131n Kay\u0131td\u0131\u015f\u0131 \u0130stihdam Alanlar\u0131: Bulan\u0131k TOPSIS Analizi\u0130rfan Ersin &amp; Faik Tanr\u0131kulu <\/p>\n","protected":false},"excerpt":{"rendered":"<p>Bireysel \u00d6zg\u00fcrl\u00fckten Rasyonelle\u015fmeye: Georg Simmel ve Paran\u0131n FelsefesiFrom Individual Freedom to Rationalization: Georg Simmel and The Philosophy of Money\u015eeyma Ak\u0131n Cumhuriyet, Yasa ve T\u00fcrkiye\u2019de Modern Siyasetin<span class=\"excerpt-hellip\"> [\u2026]<\/span><\/p>\n","protected":false},"featured_media":0,"template":"","meta":{"_monsterinsights_skip_tracking":false,"_monsterinsights_sitenote_active":false,"_monsterinsights_sitenote_note":"","_monsterinsights_sitenote_category":0},"product_brand":[],"product_cat":[13527],"product_tag":[],"class_list":{"0":"post-766127","1":"product","2":"type-product","3":"status-publish","5":"product_cat-sureli-yayinlar","6":"pa_cilt-ciltsiz","7":"pa_tur-dergi","8":"pa_yayinevi-liberte-yayinlari","9":"pa_yazar-kolektif","11":"first","12":"instock","13":"sale","14":"shipping-taxable","15":"purchasable","16":"product-type-simple"},"_links":{"self":[{"href":"https:\/\/roveyayinevi.com.tr\/index.php\/wp-json\/wp\/v2\/product\/766127","targetHints":{"allow":["GET"]}}],"collection":[{"href":"https:\/\/roveyayinevi.com.tr\/index.php\/wp-json\/wp\/v2\/product"}],"about":[{"href":"https:\/\/roveyayinevi.com.tr\/index.php\/wp-json\/wp\/v2\/types\/product"}],"wp:attachment":[{"href":"https:\/\/roveyayinevi.com.tr\/index.php\/wp-json\/wp\/v2\/media?parent=766127"}],"wp:term":[{"taxonomy":"product_brand","embeddable":true,"href":"https:\/\/roveyayinevi.com.tr\/index.php\/wp-json\/wp\/v2\/product_brand?post=766127"},{"taxonomy":"product_cat","embeddable":true,"href":"https:\/\/roveyayinevi.com.tr\/index.php\/wp-json\/wp\/v2\/product_cat?post=766127"},{"taxonomy":"product_tag","embeddable":true,"href":"https:\/\/roveyayinevi.com.tr\/index.php\/wp-json\/wp\/v2\/product_tag?post=766127"}],"curies":[{"name":"wp","href":"https:\/\/api.w.org\/{rel}","templated":true}]}}