{"id":766126,"date":"2025-08-28T12:03:08","date_gmt":"2025-08-28T09:03:08","guid":{"rendered":"https:\/\/roveyayinevi.com.tr\/index.php\/urun\/ifade-ozgurlugu-ve-sosyal-medya\/"},"modified":"2026-04-15T03:32:05","modified_gmt":"2026-04-15T00:32:05","slug":"ifade-ozgurlugu-ve-sosyal-medya","status":"publish","type":"product","link":"https:\/\/roveyayinevi.com.tr\/index.php\/urun\/ifade-ozgurlugu-ve-sosyal-medya\/","title":{"rendered":"\u0130fade \u00d6zg\u00fcrl\u00fc\u011f\u00fc ve Sosyal Medya"},"content":{"rendered":"<p>\u0130fade \u00d6zg\u00fcrl\u00fc\u011f\u00fc ve Sosyal Medya ba\u015fl\u0131kl\u0131 \u00e7al\u0131\u015fman\u0131n temel arg\u00fcman\u0131, sosyal medyan\u0131n ger\u00e7ek hayattaki kullan\u0131m alanlar\u0131ndan baz\u0131 farkl\u0131l\u0131klar g\u00f6sterse de ifade \u00f6zg\u00fcrl\u00fc\u011f\u00fcn\u00fcn temel niteli\u011fini de\u011fi\u015ftirmedi\u011fidir.Ancak, sosyal medyada ifade \u00f6zg\u00fcrl\u00fc\u011f\u00fcne getirilen s\u0131n\u0131rlamalar, sosyal medyan\u0131n yap\u0131s\u0131 ve \u00f6zellikleri g\u00f6z \u00f6n\u00fcnde bulundurularak yeniden de\u011ferlendirilmelidir. Bu kitapta, sosyal medyan\u0131n ifade \u00f6zg\u00fcrl\u00fc\u011f\u00fcne getirdi\u011fi f\u0131rsatlar ve zorluklar anonimlik, algoritmalar, bilgi kirlili\u011fi, nefret s\u00f6ylemi, kutupla\u015fma, g\u00f6zetim ve demokrasi gibi konular \u00e7er\u00e7evesinde incelenmi\u015ftir.\u0130fade \u00f6zg\u00fcrl\u00fc\u011f\u00fcn\u00fc koruma m\u00fccadelesi, ger\u00e7ek hayatta da devam etmektedir. Sosyal medyan\u0131n yayg\u0131n kullan\u0131m\u0131 ve getirdi\u011fi zorluklar, bu sorunlarla do\u011frudan y\u00fczle\u015fmemizi sa\u011flam\u0131\u015ft\u0131r. Sosyal medya platformlar\u0131nda, ifade \u00f6zg\u00fcrl\u00fc\u011f\u00fcne ili\u015fkin s\u0131n\u0131rlamalara bu bak\u0131\u015f a\u00e7\u0131s\u0131yla yakla\u015fmak, sorunlar\u0131n \u00e7\u00f6z\u00fcm\u00fcnde daha ger\u00e7ek\u00e7i \u00f6nlemler al\u0131nmas\u0131n\u0131 sa\u011flayacakt\u0131r.<\/p>\n","protected":false},"excerpt":{"rendered":"<p>\u0130fade \u00d6zg\u00fcrl\u00fc\u011f\u00fc ve Sosyal Medya ba\u015fl\u0131kl\u0131 \u00e7al\u0131\u015fman\u0131n temel arg\u00fcman\u0131, sosyal medyan\u0131n ger\u00e7ek hayattaki kullan\u0131m alanlar\u0131ndan baz\u0131 farkl\u0131l\u0131klar g\u00f6sterse de ifade \u00f6zg\u00fcrl\u00fc\u011f\u00fcn\u00fcn temel niteli\u011fini de\u011fi\u015ftirmedi\u011fidir.Ancak, sosyal medyada<span class=\"excerpt-hellip\"> [\u2026]<\/span><\/p>\n","protected":false},"featured_media":0,"template":"","meta":{"_monsterinsights_skip_tracking":false,"_monsterinsights_sitenote_active":false,"_monsterinsights_sitenote_note":"","_monsterinsights_sitenote_category":0},"product_brand":[],"product_cat":[15983,13488],"product_tag":[],"class_list":{"0":"post-766126","1":"product","2":"type-product","3":"status-publish","5":"product_cat-iletisim-ve-medya","6":"product_cat-toplum-ve-insan","7":"pa_cilt-ciltsiz","8":"pa_tur-kitap","9":"pa_yayinevi-liberte-yayinlari","10":"pa_yazar-tugba-pusa","12":"first","13":"instock","14":"sale","15":"shipping-taxable","16":"purchasable","17":"product-type-simple"},"_links":{"self":[{"href":"https:\/\/roveyayinevi.com.tr\/index.php\/wp-json\/wp\/v2\/product\/766126","targetHints":{"allow":["GET"]}}],"collection":[{"href":"https:\/\/roveyayinevi.com.tr\/index.php\/wp-json\/wp\/v2\/product"}],"about":[{"href":"https:\/\/roveyayinevi.com.tr\/index.php\/wp-json\/wp\/v2\/types\/product"}],"wp:attachment":[{"href":"https:\/\/roveyayinevi.com.tr\/index.php\/wp-json\/wp\/v2\/media?parent=766126"}],"wp:term":[{"taxonomy":"product_brand","embeddable":true,"href":"https:\/\/roveyayinevi.com.tr\/index.php\/wp-json\/wp\/v2\/product_brand?post=766126"},{"taxonomy":"product_cat","embeddable":true,"href":"https:\/\/roveyayinevi.com.tr\/index.php\/wp-json\/wp\/v2\/product_cat?post=766126"},{"taxonomy":"product_tag","embeddable":true,"href":"https:\/\/roveyayinevi.com.tr\/index.php\/wp-json\/wp\/v2\/product_tag?post=766126"}],"curies":[{"name":"wp","href":"https:\/\/api.w.org\/{rel}","templated":true}]}}