{"id":766125,"date":"2025-08-28T12:03:06","date_gmt":"2025-08-28T09:03:06","guid":{"rendered":"https:\/\/roveyayinevi.com.tr\/index.php\/urun\/peygamberimin-ev-hali\/"},"modified":"2026-01-28T03:54:46","modified_gmt":"2026-01-28T00:54:46","slug":"peygamberimin-ev-hali","status":"publish","type":"product","link":"https:\/\/roveyayinevi.com.tr\/index.php\/urun\/peygamberimin-ev-hali\/","title":{"rendered":"Peygamberimin Ev Hali"},"content":{"rendered":"<p>Evlili\u011finizi yeniden canland\u0131rmak istiyorsan\u0131z, bu kitap tam size g\u00f6re! E\u015finizle her ge\u00e7en g\u00fcn daha fazla uzakla\u015ft\u0131\u011f\u0131n\u0131z\u0131 m\u0131 hissediyorsunuz? Birbirinizi anlamakta g\u00fc\u00e7l\u00fck m\u00fc \u00e7ekiyorsunuz? Evlili\u011finizde eski heyecan\u0131 bulam\u0131yor musunuz? Mahrem hayat\u0131n\u0131z istedi\u011finiz gibi gitmiyor mu? G\u00fcn\u00fcm\u00fcz \u00e7iftlerinin kar\u015f\u0131la\u015ft\u0131\u011f\u0131 bu zorlu sorunlar, \u00e7iftleri birbirinden uzakla\u015ft\u0131r\u0131yor. Ancak Peygamber Efendimizin (s.a.v.) e\u015fsiz aile hayat\u0131, bize bu sorunlar\u0131 a\u015fmak i\u00e7in yol g\u00f6steriyor. Peygamberimizin (s.a.v.) \u00f6rnekli\u011finde evlili\u011finizi yeniden in\u015fa edebilirsiniz. Evlili\u011fin cazibesini O\u2019nun (s.a.v.) rehberli\u011finde ke\u015ffedin! <\/p>\n","protected":false},"excerpt":{"rendered":"<p>Evlili\u011finizi yeniden canland\u0131rmak istiyorsan\u0131z, bu kitap tam size g\u00f6re! E\u015finizle her ge\u00e7en g\u00fcn daha fazla uzakla\u015ft\u0131\u011f\u0131n\u0131z\u0131 m\u0131 hissediyorsunuz? Birbirinizi anlamakta g\u00fc\u00e7l\u00fck m\u00fc \u00e7ekiyorsunuz? Evlili\u011finizde eski heyecan\u0131<span class=\"excerpt-hellip\"> [\u2026]<\/span><\/p>\n","protected":false},"featured_media":0,"template":"","meta":{"_monsterinsights_skip_tracking":false,"_monsterinsights_sitenote_active":false,"_monsterinsights_sitenote_note":"","_monsterinsights_sitenote_category":0},"product_brand":[],"product_cat":[12718,12719,18109],"product_tag":[],"class_list":{"0":"post-766125","1":"product","2":"type-product","3":"status-publish","5":"product_cat-din","6":"product_cat-islam","7":"product_cat-islam-tarihi","8":"pa_cilt-ciltsiz","9":"pa_tur-kitap","10":"pa_yayinevi-aile-yayinlari","11":"pa_yazar-mehmed-paksu","13":"first","14":"instock","15":"sale","16":"shipping-taxable","17":"purchasable","18":"product-type-simple"},"_links":{"self":[{"href":"https:\/\/roveyayinevi.com.tr\/index.php\/wp-json\/wp\/v2\/product\/766125","targetHints":{"allow":["GET"]}}],"collection":[{"href":"https:\/\/roveyayinevi.com.tr\/index.php\/wp-json\/wp\/v2\/product"}],"about":[{"href":"https:\/\/roveyayinevi.com.tr\/index.php\/wp-json\/wp\/v2\/types\/product"}],"wp:attachment":[{"href":"https:\/\/roveyayinevi.com.tr\/index.php\/wp-json\/wp\/v2\/media?parent=766125"}],"wp:term":[{"taxonomy":"product_brand","embeddable":true,"href":"https:\/\/roveyayinevi.com.tr\/index.php\/wp-json\/wp\/v2\/product_brand?post=766125"},{"taxonomy":"product_cat","embeddable":true,"href":"https:\/\/roveyayinevi.com.tr\/index.php\/wp-json\/wp\/v2\/product_cat?post=766125"},{"taxonomy":"product_tag","embeddable":true,"href":"https:\/\/roveyayinevi.com.tr\/index.php\/wp-json\/wp\/v2\/product_tag?post=766125"}],"curies":[{"name":"wp","href":"https:\/\/api.w.org\/{rel}","templated":true}]}}