{"id":766124,"date":"2025-08-28T12:03:05","date_gmt":"2025-08-28T09:03:05","guid":{"rendered":"https:\/\/roveyayinevi.com.tr\/index.php\/urun\/kirildigin-yerden-guclen\/"},"modified":"2026-01-28T03:54:46","modified_gmt":"2026-01-28T00:54:46","slug":"kirildigin-yerden-guclen","status":"publish","type":"product","link":"https:\/\/roveyayinevi.com.tr\/index.php\/urun\/kirildigin-yerden-guclen\/","title":{"rendered":"K\u0131r\u0131ld\u0131\u011f\u0131n Yerden G\u00fc\u00e7len"},"content":{"rendered":"<p>Hayat\u0131n\u0131za giren ki\u015filer de\u011fi\u015fiyor ama sorunlar hep ayn\u0131 kal\u0131yorsa\u2026 E\u015finizle ilgili, \u201cNeden b\u00f6yle davran\u0131yor? Neden bunlar\u0131 ya\u015f\u0131yoruz anlam\u0131yorum?\u201d diye sorular soruyorsan\u0131z\u2026 Kendinizi, evlili\u011finizde yaln\u0131z ve sevgisiz kalm\u0131\u015f hissediyorsan\u0131z\u2026 Kar\u015f\u0131n\u0131zdaki ki\u015fiyle anla\u015fam\u0131yor ve onun taraf\u0131ndan anla\u015f\u0131lam\u0131yorsan\u0131z\u2026 Bu kitap tam size g\u00f6re! Kendinizin ve e\u015finizin ki\u015filik tipi nedir? Sevgiyi al\u0131p vermenin teknikleri nelerdir? Sadakatsizli\u011fin k\u00f6keni neye dayan\u0131r? Sa\u011fl\u0131kl\u0131 bir cinsel hayat\u0131n \u015fifreleri var m\u0131d\u0131r? \u0130li\u015fkimizde kendimizi \u00f6fkeli, hayal k\u0131r\u0131kl\u0131\u011f\u0131na u\u011fram\u0131\u015f ve yaln\u0131z hissediyorsak mutlulu\u011fu bulmak nas\u0131l m\u00fcmk\u00fcn olur? T\u00fcm bu sorular\u0131n cevab\u0131n\u0131 ve \u00e7ok daha fazlas\u0131n\u0131 bu kitab\u0131n sat\u0131rlar\u0131nda bulacaks\u0131n\u0131z! K\u0131r\u0131ld\u0131\u011f\u0131n Yerden G\u00fc\u00e7len! Hayat\u0131nda ileti\u015fim sorunu ya\u015fayanlara, evlenmek isteyen ama mutsuz olmaktan korkan bek\u00e2rlara, evlilere, anne-babalara, aile dan\u0131\u015fmanlar\u0131na, psikologlara, \u00f6\u011fretmenlere; yani insanlarla etkile\u015fimde ve ileti\u015fimde bulunan herkese iyi gelecek. <\/p>\n","protected":false},"excerpt":{"rendered":"<p>Hayat\u0131n\u0131za giren ki\u015filer de\u011fi\u015fiyor ama sorunlar hep ayn\u0131 kal\u0131yorsa\u2026 E\u015finizle ilgili, \u201cNeden b\u00f6yle davran\u0131yor? Neden bunlar\u0131 ya\u015f\u0131yoruz anlam\u0131yorum?\u201d diye sorular soruyorsan\u0131z\u2026 Kendinizi, evlili\u011finizde yaln\u0131z ve sevgisiz<span class=\"excerpt-hellip\"> [\u2026]<\/span><\/p>\n","protected":false},"featured_media":0,"template":"","meta":{"_monsterinsights_skip_tracking":false,"_monsterinsights_sitenote_active":false,"_monsterinsights_sitenote_note":"","_monsterinsights_sitenote_category":0},"product_brand":[],"product_cat":[12357],"product_tag":[],"class_list":{"0":"post-766124","1":"product","2":"type-product","3":"status-publish","5":"product_cat-psikoloji","6":"pa_cilt-ciltsiz","7":"pa_tur-kitap","8":"pa_yayinevi-aile-yayinlari","9":"pa_yazar-aysegul-ozkonak","11":"first","12":"instock","13":"sale","14":"shipping-taxable","15":"purchasable","16":"product-type-simple"},"_links":{"self":[{"href":"https:\/\/roveyayinevi.com.tr\/index.php\/wp-json\/wp\/v2\/product\/766124","targetHints":{"allow":["GET"]}}],"collection":[{"href":"https:\/\/roveyayinevi.com.tr\/index.php\/wp-json\/wp\/v2\/product"}],"about":[{"href":"https:\/\/roveyayinevi.com.tr\/index.php\/wp-json\/wp\/v2\/types\/product"}],"wp:attachment":[{"href":"https:\/\/roveyayinevi.com.tr\/index.php\/wp-json\/wp\/v2\/media?parent=766124"}],"wp:term":[{"taxonomy":"product_brand","embeddable":true,"href":"https:\/\/roveyayinevi.com.tr\/index.php\/wp-json\/wp\/v2\/product_brand?post=766124"},{"taxonomy":"product_cat","embeddable":true,"href":"https:\/\/roveyayinevi.com.tr\/index.php\/wp-json\/wp\/v2\/product_cat?post=766124"},{"taxonomy":"product_tag","embeddable":true,"href":"https:\/\/roveyayinevi.com.tr\/index.php\/wp-json\/wp\/v2\/product_tag?post=766124"}],"curies":[{"name":"wp","href":"https:\/\/api.w.org\/{rel}","templated":true}]}}