{"id":766123,"date":"2025-08-28T12:03:03","date_gmt":"2025-08-28T09:03:03","guid":{"rendered":"https:\/\/roveyayinevi.com.tr\/index.php\/urun\/dikkat-guclendirme-kitabi\/"},"modified":"2026-04-15T03:32:05","modified_gmt":"2026-04-15T00:32:05","slug":"dikkat-guclendirme-kitabi","status":"publish","type":"product","link":"https:\/\/roveyayinevi.com.tr\/index.php\/urun\/dikkat-guclendirme-kitabi\/","title":{"rendered":"Dikkat G\u00fc\u00e7lendirme Kitab\u0131"},"content":{"rendered":"<p>Mill\u00ee Egitim Bakanl\u0131g\u0131 Temel Egitim Program\u0131n\u0131n \u0130lkokul 1. S\u0131n\u0131f yeni m\u00fcfredat\u0131ndaki kazan\u0131mlar dikkate al\u0131narak haz\u0131rlanm\u0131st\u0131r. \u0130lkokul bir ve \u00fcst\u00fc \u00e7ocuklar\u0131n g\u00f6rsel alg\u0131 becerileri ile dikkat geli\u015fimleri g\u00f6z \u00f6n\u00fcnde bulundurularak s\u00f6zel, say\u0131sal becerileri ve zek\u00e2 geli\u015fimlerini destekleyici etkinliklerden olu\u015fur. Uluslararas\u0131 gelisim ve zek\u00e2 envarterleri dikkate al\u0131narak haz\u0131rlanm\u0131st\u0131r. \u00c7ocuklar\u0131n dikkatlerinin bir veya birden \u00e7ok nesneye odaklanmas\u0131 ve dikkat s\u00fcrelerinin artmas\u0131 ama\u00e7lanm\u0131st\u0131r.<\/p>\n","protected":false},"excerpt":{"rendered":"<p>Mill\u00ee Egitim Bakanl\u0131g\u0131 Temel Egitim Program\u0131n\u0131n \u0130lkokul 1. S\u0131n\u0131f yeni m\u00fcfredat\u0131ndaki kazan\u0131mlar dikkate al\u0131narak haz\u0131rlanm\u0131st\u0131r. \u0130lkokul bir ve \u00fcst\u00fc \u00e7ocuklar\u0131n g\u00f6rsel alg\u0131 becerileri ile dikkat geli\u015fimleri<span class=\"excerpt-hellip\"> [\u2026]<\/span><\/p>\n","protected":false},"featured_media":0,"template":"","meta":{"_monsterinsights_skip_tracking":false,"_monsterinsights_sitenote_active":false,"_monsterinsights_sitenote_note":"","_monsterinsights_sitenote_category":0},"product_brand":[],"product_cat":[12274,15842],"product_tag":[],"class_list":{"0":"post-766123","1":"product","2":"type-product","3":"status-publish","5":"product_cat-cocuk-ve-genclik-kitaplari","6":"product_cat-egitici-kitaplar","7":"pa_cilt-ciltsiz","8":"pa_tur-kitap","9":"pa_yayinevi-mavi-boncuk","10":"pa_yazar-gulcan-yumus","12":"first","13":"instock","14":"sale","15":"shipping-taxable","16":"purchasable","17":"product-type-simple"},"_links":{"self":[{"href":"https:\/\/roveyayinevi.com.tr\/index.php\/wp-json\/wp\/v2\/product\/766123","targetHints":{"allow":["GET"]}}],"collection":[{"href":"https:\/\/roveyayinevi.com.tr\/index.php\/wp-json\/wp\/v2\/product"}],"about":[{"href":"https:\/\/roveyayinevi.com.tr\/index.php\/wp-json\/wp\/v2\/types\/product"}],"wp:attachment":[{"href":"https:\/\/roveyayinevi.com.tr\/index.php\/wp-json\/wp\/v2\/media?parent=766123"}],"wp:term":[{"taxonomy":"product_brand","embeddable":true,"href":"https:\/\/roveyayinevi.com.tr\/index.php\/wp-json\/wp\/v2\/product_brand?post=766123"},{"taxonomy":"product_cat","embeddable":true,"href":"https:\/\/roveyayinevi.com.tr\/index.php\/wp-json\/wp\/v2\/product_cat?post=766123"},{"taxonomy":"product_tag","embeddable":true,"href":"https:\/\/roveyayinevi.com.tr\/index.php\/wp-json\/wp\/v2\/product_tag?post=766123"}],"curies":[{"name":"wp","href":"https:\/\/api.w.org\/{rel}","templated":true}]}}