{"id":766116,"date":"2025-08-28T12:02:51","date_gmt":"2025-08-28T09:02:51","guid":{"rendered":"https:\/\/roveyayinevi.com.tr\/index.php\/urun\/cocugumu-kesfediyorum\/"},"modified":"2026-01-28T03:54:46","modified_gmt":"2026-01-28T00:54:46","slug":"cocugumu-kesfediyorum","status":"publish","type":"product","link":"https:\/\/roveyayinevi.com.tr\/index.php\/urun\/cocugumu-kesfediyorum\/","title":{"rendered":"\u00c7ocu\u011fumu Ke\u015ffediyorum"},"content":{"rendered":"<p>\u201c\u00c7ocu\u011fum b\u00fcy\u00fcy\u00fcnce ne olacak?\u201d diye dertlenen ebeveynler!Sorunuzun cevab\u0131n\u0131 veriyoruz: Mutlu olacak!Her \u00e7ocuk d\u00fcnyaya bir potansiyelle gelir ve her ebeveyn o potansiyeli ortaya \u00e7\u0131karmakla y\u00fck\u00fcml\u00fc bir k\u00e2\u015fiftir.Benim \u00e7ocu\u011fumun potansiyeli ne? D\u00fcnyadaki yeri neresi? \u0130\u00e7inde saklad\u0131\u011f\u0131 inci mercan hangisi?P4C E\u011fitmeni \u00d6znur \u00c7olako\u011flu Cam, \u00e7ocu\u011funun yeteneklerini ke\u015ffetmek isteyen aileler ve \u00f6\u011frencilerini yar\u0131na haz\u0131rlayan \u00f6\u011fretmenler i\u00e7in yazd\u0131.\u00c7ocu\u011fumu Ke\u015ffediyorum!\u00c7\u00fcnk\u00fc en yaz\u0131k olmu\u015f \u015fey, harcanm\u0131\u015f potansiyeldir!<\/p>\n","protected":false},"excerpt":{"rendered":"<p>\u201c\u00c7ocu\u011fum b\u00fcy\u00fcy\u00fcnce ne olacak?\u201d diye dertlenen ebeveynler!Sorunuzun cevab\u0131n\u0131 veriyoruz: Mutlu olacak!Her \u00e7ocuk d\u00fcnyaya bir potansiyelle gelir ve her ebeveyn o potansiyeli ortaya \u00e7\u0131karmakla y\u00fck\u00fcml\u00fc bir k\u00e2\u015fiftir.Benim<span class=\"excerpt-hellip\"> [\u2026]<\/span><\/p>\n","protected":false},"featured_media":0,"template":"","meta":{"_monsterinsights_skip_tracking":false,"_monsterinsights_sitenote_active":false,"_monsterinsights_sitenote_note":"","_monsterinsights_sitenote_category":0},"product_brand":[],"product_cat":[12831,12324],"product_tag":[],"class_list":{"0":"post-766116","1":"product","2":"type-product","3":"status-publish","5":"product_cat-aile-ve-cocuk","6":"product_cat-sosyoloji","7":"pa_cilt-ciltsiz","8":"pa_tur-kitap","9":"pa_yayinevi-aile-yayinlari","10":"pa_yazar-oznur-colakoglu-cam","12":"first","13":"instock","14":"sale","15":"shipping-taxable","16":"purchasable","17":"product-type-simple"},"_links":{"self":[{"href":"https:\/\/roveyayinevi.com.tr\/index.php\/wp-json\/wp\/v2\/product\/766116","targetHints":{"allow":["GET"]}}],"collection":[{"href":"https:\/\/roveyayinevi.com.tr\/index.php\/wp-json\/wp\/v2\/product"}],"about":[{"href":"https:\/\/roveyayinevi.com.tr\/index.php\/wp-json\/wp\/v2\/types\/product"}],"wp:attachment":[{"href":"https:\/\/roveyayinevi.com.tr\/index.php\/wp-json\/wp\/v2\/media?parent=766116"}],"wp:term":[{"taxonomy":"product_brand","embeddable":true,"href":"https:\/\/roveyayinevi.com.tr\/index.php\/wp-json\/wp\/v2\/product_brand?post=766116"},{"taxonomy":"product_cat","embeddable":true,"href":"https:\/\/roveyayinevi.com.tr\/index.php\/wp-json\/wp\/v2\/product_cat?post=766116"},{"taxonomy":"product_tag","embeddable":true,"href":"https:\/\/roveyayinevi.com.tr\/index.php\/wp-json\/wp\/v2\/product_tag?post=766116"}],"curies":[{"name":"wp","href":"https:\/\/api.w.org\/{rel}","templated":true}]}}