{"id":766114,"date":"2025-08-28T12:02:46","date_gmt":"2025-08-28T09:02:46","guid":{"rendered":"https:\/\/roveyayinevi.com.tr\/index.php\/urun\/geri-donup-bakmak\/"},"modified":"2026-04-15T03:32:05","modified_gmt":"2026-04-15T00:32:05","slug":"geri-donup-bakmak","status":"publish","type":"product","link":"https:\/\/roveyayinevi.com.tr\/index.php\/urun\/geri-donup-bakmak\/","title":{"rendered":"Geri D\u00f6n\u00fcp Bakmak"},"content":{"rendered":"<p>\u0130tiraf etmek laz\u0131m, \u00f6yle herhangi bir hayat de\u011fildi onunki. \u00c7a\u011fda\u015f edebiyat\u0131n en \u00f6nde gelen yazarlar\u0131ndan Juan Gabriel V\u00e1squez, Kolombiyal\u0131 y\u00f6netmen Sergio Cabrera\u2019yla birlikte geri d\u00f6n\u00fcp bakmaya \u00e7a\u011f\u0131r\u0131yor okuru: Babas\u0131n\u0131n \u00f6l\u00fcm haberini alan ve cenazesine gitmeyi reddeden Sergio Cabrera, kendi filmlerinin retrospektif g\u00f6sterimine kat\u0131lmak, s\u00f6yle\u015filer yapmak i\u00e7in Barselona\u2019ya gider; \u00fclkesindeki referandumdan beklemedi\u011fi bir sonu\u00e7 \u00e7\u0131km\u0131\u015f, Kolombiya h\u00fck\u00fcmetiyle gerillalar aras\u0131ndaki bar\u0131\u015f g\u00f6r\u00fc\u015fmeleri olumsuz sonu\u00e7lanm\u0131\u015ft\u0131r. \u00dcstelik evlili\u011fi da\u011f\u0131lmak \u00fczeredir. Barselona\u2019da iki y\u0131ld\u0131r g\u00f6rmedi\u011fi o\u011fluyla bulu\u015facak, her \u015feyin ba\u015flad\u0131\u011f\u0131 sokaklarda y\u00fcr\u00fcy\u00fcp kendi filmlerini izleyecektir.   S\u0131rad\u0131\u015f\u0131 bir hayat\u0131n d\u00f6k\u00fcm\u00fc Geri D\u00f6n\u00fcp Bakmak. \u0130spanyol \u0130\u00e7 Sava\u015f\u0131\u2019ndan Latin Amerika s\u00fcrg\u00fcnlerine; \u00c7in K\u00fclt\u00fcr Devrimi\u2019nden, Kolombiya\u2019n\u0131n 1960\u2019lardaki gerilla hareketlerine uzanan; Sergio\u2019nun i\u00e7 sava\u015f s\u0131ras\u0131nda \u0130spanya\u2019dan ka\u00e7\u0131p Latin Amerika\u2019ya g\u00f6\u00e7 eden dedesi Domingo\u2019yu, Felipe Day\u0131\u2019y\u0131, Brecht \u015fiirleri okuyan bir akt\u00f6r olmak i\u00e7in hayallerinin pe\u015finden ko\u015fan babas\u0131 Fausto\u2019yu, Sergio\u2019yla birlikte K\u0131z\u0131l Muhaf\u0131zlar\u2019a ve gerillaya kat\u0131lm\u0131\u015f k\u0131z karde\u015fi Marianella\u2019y\u0131 tan\u0131d\u0131\u011f\u0131m\u0131z bir yolculuk.   Ya\u015fad\u0131klar\u0131 hayat\u0131 ba\u015fkalar\u0131n\u0131n anlayamayaca\u011f\u0131ndan emin olanlar\u0131n, mutlu olabilmenin tek yolunun isyan etmeden ya\u015fananlara teslim olmaktan ge\u00e7ti\u011fini bilenlerin payla\u015ft\u0131\u011f\u0131 vefa duygusuydu bu.<\/p>\n","protected":false},"excerpt":{"rendered":"<p>\u0130tiraf etmek laz\u0131m, \u00f6yle herhangi bir hayat de\u011fildi onunki. \u00c7a\u011fda\u015f edebiyat\u0131n en \u00f6nde gelen yazarlar\u0131ndan Juan Gabriel V\u00e1squez, Kolombiyal\u0131 y\u00f6netmen Sergio Cabrera\u2019yla birlikte geri d\u00f6n\u00fcp bakmaya<span class=\"excerpt-hellip\"> [\u2026]<\/span><\/p>\n","protected":false},"featured_media":0,"template":"","meta":{"_monsterinsights_skip_tracking":false,"_monsterinsights_sitenote_active":false,"_monsterinsights_sitenote_note":"","_monsterinsights_sitenote_category":0},"product_brand":[],"product_cat":[12291,12711],"product_tag":[],"class_list":{"0":"post-766114","1":"product","2":"type-product","3":"status-publish","5":"product_cat-edebiyat","6":"product_cat-roman-oyku","7":"pa_cilt-ciltsiz","8":"pa_tur-kitap","9":"pa_yayinevi-everest-yayinlari","10":"pa_yazar-juan-gabriel-vasquez","12":"first","13":"instock","14":"sale","15":"shipping-taxable","16":"purchasable","17":"product-type-simple"},"_links":{"self":[{"href":"https:\/\/roveyayinevi.com.tr\/index.php\/wp-json\/wp\/v2\/product\/766114","targetHints":{"allow":["GET"]}}],"collection":[{"href":"https:\/\/roveyayinevi.com.tr\/index.php\/wp-json\/wp\/v2\/product"}],"about":[{"href":"https:\/\/roveyayinevi.com.tr\/index.php\/wp-json\/wp\/v2\/types\/product"}],"wp:attachment":[{"href":"https:\/\/roveyayinevi.com.tr\/index.php\/wp-json\/wp\/v2\/media?parent=766114"}],"wp:term":[{"taxonomy":"product_brand","embeddable":true,"href":"https:\/\/roveyayinevi.com.tr\/index.php\/wp-json\/wp\/v2\/product_brand?post=766114"},{"taxonomy":"product_cat","embeddable":true,"href":"https:\/\/roveyayinevi.com.tr\/index.php\/wp-json\/wp\/v2\/product_cat?post=766114"},{"taxonomy":"product_tag","embeddable":true,"href":"https:\/\/roveyayinevi.com.tr\/index.php\/wp-json\/wp\/v2\/product_tag?post=766114"}],"curies":[{"name":"wp","href":"https:\/\/api.w.org\/{rel}","templated":true}]}}