{"id":766112,"date":"2025-08-28T12:02:42","date_gmt":"2025-08-28T09:02:42","guid":{"rendered":"https:\/\/roveyayinevi.com.tr\/index.php\/urun\/adanin-dik-yokusu\/"},"modified":"2026-04-15T03:32:04","modified_gmt":"2026-04-15T00:32:04","slug":"adanin-dik-yokusu","status":"publish","type":"product","link":"https:\/\/roveyayinevi.com.tr\/index.php\/urun\/adanin-dik-yokusu\/","title":{"rendered":"Ada\u2019n\u0131n Dik Yoku\u015fu"},"content":{"rendered":"<p>G\u00fcne\u015f son \u0131\u015f\u0131klar\u0131n\u0131 bakkal\u0131n tentesinden daha \u00e7ekmeden sokakta renk renk \u00e7ocuk kafalar\u0131 belirmeye ba\u015flam\u0131\u015f. Ben mi? Ben pencereden onlar\u0131 izliyorum. Ada\u2019n\u0131n dik yoku\u015fu \u00fczerindeki evimizin penceresinden&#8230; Birazdan aralar\u0131na kat\u0131laca\u011f\u0131m. Sen de bizimle oynamak istersen bu kitab\u0131n sayfalar\u0131nda bekliyor olaca\u011f\u0131z. Ama sak\u0131n ha, Ada\u2019n\u0131n dik yoku\u015funda kar\u015f\u0131 kar\u015f\u0131ya ge\u00e7erken \u00f6nce sola, sonra sa\u011fa sonra tekrar sola bakmay\u0131 unutma!Bet\u00fcl \u0130lter, bu s\u0131cac\u0131k \u00f6yk\u00fcs\u00fcyle hen\u00fcz teknolojik cihazlar\u0131n hayat\u0131m\u0131zda bunca yer tutmad\u0131\u011f\u0131 g\u00fcnlere bir pencere aral\u0131yor. Bizleri, y\u0131llard\u0131r oynanan sokak oyunlar\u0131n\u0131n tam ortas\u0131na b\u0131rakan bu sat\u0131rlar, hem \u00e7ocuklar\u0131n hem de yeti\u015fkinlerin kalbini \u0131s\u0131tacak. <\/p>\n","protected":false},"excerpt":{"rendered":"<p>G\u00fcne\u015f son \u0131\u015f\u0131klar\u0131n\u0131 bakkal\u0131n tentesinden daha \u00e7ekmeden sokakta renk renk \u00e7ocuk kafalar\u0131 belirmeye ba\u015flam\u0131\u015f. Ben mi? Ben pencereden onlar\u0131 izliyorum. Ada\u2019n\u0131n dik yoku\u015fu \u00fczerindeki evimizin penceresinden&#8230;<span class=\"excerpt-hellip\"> [\u2026]<\/span><\/p>\n","protected":false},"featured_media":0,"template":"","meta":{"_monsterinsights_skip_tracking":false,"_monsterinsights_sitenote_active":false,"_monsterinsights_sitenote_note":"","_monsterinsights_sitenote_category":0},"product_brand":[],"product_cat":[12291,18202],"product_tag":[],"class_list":{"0":"post-766112","1":"product","2":"type-product","3":"status-publish","5":"product_cat-edebiyat","6":"product_cat-hikaye","7":"pa_cilt-ciltsiz","8":"pa_tur-kitap","9":"pa_yayinevi-fom-kitap","10":"pa_yazar-betul-ilter","12":"first","13":"instock","14":"sale","15":"shipping-taxable","16":"purchasable","17":"product-type-simple"},"_links":{"self":[{"href":"https:\/\/roveyayinevi.com.tr\/index.php\/wp-json\/wp\/v2\/product\/766112","targetHints":{"allow":["GET"]}}],"collection":[{"href":"https:\/\/roveyayinevi.com.tr\/index.php\/wp-json\/wp\/v2\/product"}],"about":[{"href":"https:\/\/roveyayinevi.com.tr\/index.php\/wp-json\/wp\/v2\/types\/product"}],"wp:attachment":[{"href":"https:\/\/roveyayinevi.com.tr\/index.php\/wp-json\/wp\/v2\/media?parent=766112"}],"wp:term":[{"taxonomy":"product_brand","embeddable":true,"href":"https:\/\/roveyayinevi.com.tr\/index.php\/wp-json\/wp\/v2\/product_brand?post=766112"},{"taxonomy":"product_cat","embeddable":true,"href":"https:\/\/roveyayinevi.com.tr\/index.php\/wp-json\/wp\/v2\/product_cat?post=766112"},{"taxonomy":"product_tag","embeddable":true,"href":"https:\/\/roveyayinevi.com.tr\/index.php\/wp-json\/wp\/v2\/product_tag?post=766112"}],"curies":[{"name":"wp","href":"https:\/\/api.w.org\/{rel}","templated":true}]}}