{"id":766111,"date":"2025-08-28T12:02:40","date_gmt":"2025-08-28T09:02:40","guid":{"rendered":"https:\/\/roveyayinevi.com.tr\/index.php\/urun\/kizil-mese\/"},"modified":"2026-04-15T03:32:04","modified_gmt":"2026-04-15T00:32:04","slug":"kizil-mese","status":"publish","type":"product","link":"https:\/\/roveyayinevi.com.tr\/index.php\/urun\/kizil-mese\/","title":{"rendered":"K\u0131z\u0131l Me\u015fe"},"content":{"rendered":"<p>\u201cK\u0131z\u0131l bir me\u015fe a\u011fac\u0131d\u0131r o. Buradaki herkes ona \u015eeref A\u011fac\u0131 der. Bu bozk\u0131rdaki en g\u00fczel \u015fey odur. Ama kasabal\u0131 korkar ondan.\u201d Bozk\u0131r\u0131n ortas\u0131nda ye\u015feren bir umudun etraf\u0131nda \u015fekillenen sekiz \u00f6yk\u00fcde Ufuk Tekin okuru kendisiyle y\u00fczle\u015fmeye, insan ili\u015fkilerinin tekd\u00fczeli\u011fine kar\u015f\u0131 \u00e7\u0131kmaya, orman\u0131n kalbinde anlam aramaya, ortakla\u015fan yazg\u0131lara, ahlak\u0131n ikiy\u00fczl\u00fcl\u00fc\u011f\u00fcne ve adaletin hem ge\u00e7mi\u015fle hem de gelecekle kurdu\u011fu ili\u015fkiye bakmaya davet ediyor. <\/p>\n","protected":false},"excerpt":{"rendered":"<p>\u201cK\u0131z\u0131l bir me\u015fe a\u011fac\u0131d\u0131r o. Buradaki herkes ona \u015eeref A\u011fac\u0131 der. Bu bozk\u0131rdaki en g\u00fczel \u015fey odur. Ama kasabal\u0131 korkar ondan.\u201d Bozk\u0131r\u0131n ortas\u0131nda ye\u015feren bir umudun<span class=\"excerpt-hellip\"> [\u2026]<\/span><\/p>\n","protected":false},"featured_media":0,"template":"","meta":{"_monsterinsights_skip_tracking":false,"_monsterinsights_sitenote_active":false,"_monsterinsights_sitenote_note":"","_monsterinsights_sitenote_category":0},"product_brand":[],"product_cat":[12291,12711],"product_tag":[],"class_list":{"0":"post-766111","1":"product","2":"type-product","3":"status-publish","5":"product_cat-edebiyat","6":"product_cat-roman-oyku","7":"pa_cilt-ciltsiz","8":"pa_tur-kitap","9":"pa_yayinevi-bilgi-yayinevi","10":"pa_yazar-ufuk-tekin","12":"first","13":"instock","14":"sale","15":"shipping-taxable","16":"purchasable","17":"product-type-simple"},"_links":{"self":[{"href":"https:\/\/roveyayinevi.com.tr\/index.php\/wp-json\/wp\/v2\/product\/766111","targetHints":{"allow":["GET"]}}],"collection":[{"href":"https:\/\/roveyayinevi.com.tr\/index.php\/wp-json\/wp\/v2\/product"}],"about":[{"href":"https:\/\/roveyayinevi.com.tr\/index.php\/wp-json\/wp\/v2\/types\/product"}],"wp:attachment":[{"href":"https:\/\/roveyayinevi.com.tr\/index.php\/wp-json\/wp\/v2\/media?parent=766111"}],"wp:term":[{"taxonomy":"product_brand","embeddable":true,"href":"https:\/\/roveyayinevi.com.tr\/index.php\/wp-json\/wp\/v2\/product_brand?post=766111"},{"taxonomy":"product_cat","embeddable":true,"href":"https:\/\/roveyayinevi.com.tr\/index.php\/wp-json\/wp\/v2\/product_cat?post=766111"},{"taxonomy":"product_tag","embeddable":true,"href":"https:\/\/roveyayinevi.com.tr\/index.php\/wp-json\/wp\/v2\/product_tag?post=766111"}],"curies":[{"name":"wp","href":"https:\/\/api.w.org\/{rel}","templated":true}]}}