{"id":766109,"date":"2025-08-28T12:02:35","date_gmt":"2025-08-28T09:02:35","guid":{"rendered":"https:\/\/roveyayinevi.com.tr\/index.php\/urun\/kayip-ciltli-2\/"},"modified":"2026-04-15T03:32:04","modified_gmt":"2026-04-15T00:32:04","slug":"kayip-ciltli-2","status":"publish","type":"product","link":"https:\/\/roveyayinevi.com.tr\/index.php\/urun\/kayip-ciltli-2\/","title":{"rendered":"Kay\u0131p (Ciltli)"},"content":{"rendered":"<p>&#8220;Yenemeyece\u011fin tek ki\u015fi kendinsin ve sen kendinle sava\u015f\u0131yorsun.&#8221;   Ezgi \u00c7ora, ge\u00e7irdi\u011fi trafik kazas\u0131ndan sonra iki ay komada kal\u0131r. Uyand\u0131\u011f\u0131nda son \u00fc\u00e7 y\u0131l\u0131na dair hi\u00e7bir \u015fey hat\u0131rlam\u0131yordur ve zihninde kendi sesi d\u0131\u015f\u0131nda ba\u015fka sesler de vard\u0131r.   \u0130yile\u015fmesini bekleyen insanlar\u0131 g\u00f6rd\u00fc\u011f\u00fcnde yeni hayat\u0131n\u0131n yalanlar \u00fczerine kuruldu\u011funu d\u00fc\u015f\u00fcn\u00fcr. \u00dczerine titreyen anne babas\u0131, sevecen arkada\u015flar\u0131 ve ilgisiyle \u015fa\u015f\u0131rtan Asilkan ona \u00e7ok yabanc\u0131 gelir. \u00c7\u00fcnk\u00fc Ezgi&#8217;nin hat\u0131rlad\u0131\u011f\u0131 son \u015fey, asl\u0131nda ne kadar yaln\u0131z oldu\u011fudur. Okul \u00e7\u0131k\u0131\u015f\u0131nda gelip onu seyreden, ortak ge\u00e7mi\u015flerinin oldu\u011funu s\u00f6yleyen ama kimsenin tan\u0131mad\u0131\u011f\u0131 Ushan da akl\u0131n\u0131 iyice kar\u0131\u015ft\u0131r\u0131r.   An\u0131lar\u0131n\u0131 hat\u0131rlamaya ve as\u0131l benli\u011fini bulmaya \u00e7al\u0131\u015fan Ezgi&#8217;nin en b\u00fcy\u00fck sava\u015f\u0131 kendiyle olacakt\u0131r. Kazanmak istiyorsa zihnindeki seslerden bir an \u00f6nce kurtulmas\u0131, yoluna tek ba\u015f\u0131na devam etmeyi \u00f6\u011frenmesi gerekmektedir.   &#8220;Mavi&#8217;nin k\u00fc\u00e7\u00fck vedas\u0131nayd\u0131, siyah\u0131n buruk tebess\u00fcm\u00fc.&#8221; <\/p>\n","protected":false},"excerpt":{"rendered":"<p>&#8220;Yenemeyece\u011fin tek ki\u015fi kendinsin ve sen kendinle sava\u015f\u0131yorsun.&#8221; Ezgi \u00c7ora, ge\u00e7irdi\u011fi trafik kazas\u0131ndan sonra iki ay komada kal\u0131r. Uyand\u0131\u011f\u0131nda son \u00fc\u00e7 y\u0131l\u0131na dair hi\u00e7bir \u015fey hat\u0131rlam\u0131yordur<span class=\"excerpt-hellip\"> [\u2026]<\/span><\/p>\n","protected":false},"featured_media":0,"template":"","meta":{"_monsterinsights_skip_tracking":false,"_monsterinsights_sitenote_active":false,"_monsterinsights_sitenote_note":"","_monsterinsights_sitenote_category":0},"product_brand":[],"product_cat":[12291,12711],"product_tag":[],"class_list":{"0":"post-766109","1":"product","2":"type-product","3":"status-publish","5":"product_cat-edebiyat","6":"product_cat-roman-oyku","7":"pa_cilt-ciltli","8":"pa_tur-kitap","9":"pa_yayinevi-athica-yayinlari","10":"pa_yazar-zeynep-sey","12":"first","13":"instock","14":"sale","15":"shipping-taxable","16":"purchasable","17":"product-type-simple"},"_links":{"self":[{"href":"https:\/\/roveyayinevi.com.tr\/index.php\/wp-json\/wp\/v2\/product\/766109","targetHints":{"allow":["GET"]}}],"collection":[{"href":"https:\/\/roveyayinevi.com.tr\/index.php\/wp-json\/wp\/v2\/product"}],"about":[{"href":"https:\/\/roveyayinevi.com.tr\/index.php\/wp-json\/wp\/v2\/types\/product"}],"wp:attachment":[{"href":"https:\/\/roveyayinevi.com.tr\/index.php\/wp-json\/wp\/v2\/media?parent=766109"}],"wp:term":[{"taxonomy":"product_brand","embeddable":true,"href":"https:\/\/roveyayinevi.com.tr\/index.php\/wp-json\/wp\/v2\/product_brand?post=766109"},{"taxonomy":"product_cat","embeddable":true,"href":"https:\/\/roveyayinevi.com.tr\/index.php\/wp-json\/wp\/v2\/product_cat?post=766109"},{"taxonomy":"product_tag","embeddable":true,"href":"https:\/\/roveyayinevi.com.tr\/index.php\/wp-json\/wp\/v2\/product_tag?post=766109"}],"curies":[{"name":"wp","href":"https:\/\/api.w.org\/{rel}","templated":true}]}}