{"id":766108,"date":"2025-08-28T12:02:33","date_gmt":"2025-08-28T09:02:33","guid":{"rendered":"https:\/\/roveyayinevi.com.tr\/index.php\/urun\/yok-mu-bana-bir-yuva\/"},"modified":"2026-04-15T03:32:04","modified_gmt":"2026-04-15T00:32:04","slug":"yok-mu-bana-bir-yuva","status":"publish","type":"product","link":"https:\/\/roveyayinevi.com.tr\/index.php\/urun\/yok-mu-bana-bir-yuva\/","title":{"rendered":"Yok Mu Bana Bir Yuva?"},"content":{"rendered":"<p>G\u00f6z\u00fc ya\u015fl\u0131 minik bir kedi ormanda, Ailesi de yok ki yan\u0131nda, S\u0131cak bir yuva bulmal\u0131 ona. Tav\u015fan, aslan, fil, geyik, Timsah, maymun, kaplumba\u011fa Hangisinin ailesiyle ya\u015far ki bir arada?   G\u00fczel bir s\u00fcrpriz vard\u0131r her aray\u0131\u015f\u0131n sonunda\u2026 <\/p>\n","protected":false},"excerpt":{"rendered":"<p>G\u00f6z\u00fc ya\u015fl\u0131 minik bir kedi ormanda, Ailesi de yok ki yan\u0131nda, S\u0131cak bir yuva bulmal\u0131 ona. Tav\u015fan, aslan, fil, geyik, Timsah, maymun, kaplumba\u011fa Hangisinin ailesiyle ya\u015far<span class=\"excerpt-hellip\"> [\u2026]<\/span><\/p>\n","protected":false},"featured_media":0,"template":"","meta":{"_monsterinsights_skip_tracking":false,"_monsterinsights_sitenote_active":false,"_monsterinsights_sitenote_note":"","_monsterinsights_sitenote_category":0},"product_brand":[],"product_cat":[12274,12518],"product_tag":[],"class_list":{"0":"post-766108","1":"product","2":"type-product","3":"status-publish","5":"product_cat-cocuk-ve-genclik-kitaplari","6":"product_cat-okul-oncesi-kitaplar","7":"pa_cilt-ciltsiz","8":"pa_tur-kitap","9":"pa_yayinevi-bilgi-yayinevi","10":"pa_yazar-nuri-kurucu","12":"first","13":"instock","14":"sale","15":"shipping-taxable","16":"purchasable","17":"product-type-simple"},"_links":{"self":[{"href":"https:\/\/roveyayinevi.com.tr\/index.php\/wp-json\/wp\/v2\/product\/766108","targetHints":{"allow":["GET"]}}],"collection":[{"href":"https:\/\/roveyayinevi.com.tr\/index.php\/wp-json\/wp\/v2\/product"}],"about":[{"href":"https:\/\/roveyayinevi.com.tr\/index.php\/wp-json\/wp\/v2\/types\/product"}],"wp:attachment":[{"href":"https:\/\/roveyayinevi.com.tr\/index.php\/wp-json\/wp\/v2\/media?parent=766108"}],"wp:term":[{"taxonomy":"product_brand","embeddable":true,"href":"https:\/\/roveyayinevi.com.tr\/index.php\/wp-json\/wp\/v2\/product_brand?post=766108"},{"taxonomy":"product_cat","embeddable":true,"href":"https:\/\/roveyayinevi.com.tr\/index.php\/wp-json\/wp\/v2\/product_cat?post=766108"},{"taxonomy":"product_tag","embeddable":true,"href":"https:\/\/roveyayinevi.com.tr\/index.php\/wp-json\/wp\/v2\/product_tag?post=766108"}],"curies":[{"name":"wp","href":"https:\/\/api.w.org\/{rel}","templated":true}]}}