{"id":766107,"date":"2025-08-28T12:02:30","date_gmt":"2025-08-28T09:02:30","guid":{"rendered":"https:\/\/roveyayinevi.com.tr\/index.php\/urun\/mahya-iblisi\/"},"modified":"2026-04-15T03:32:04","modified_gmt":"2026-04-15T00:32:04","slug":"mahya-iblisi","status":"publish","type":"product","link":"https:\/\/roveyayinevi.com.tr\/index.php\/urun\/mahya-iblisi\/","title":{"rendered":"Mahya \u0130blisi"},"content":{"rendered":"<p>Demir \u00f6k\u00e7eleriyle nam salm\u0131\u015f III. Osman\u2019\u0131n Kostantiniyye\u2019sinde \u015fehrin muhtelif yerlerine gerdi\u011fi korsan mahyalarla tan\u0131nan b\u00fcy\u00fck bir bela vard\u0131r; \u015fak\u015fak\u00e7\u0131lardan kavuk sallayanlar\u0131na, z\u00fcb\u00fcklerden taht pe\u015finde ko\u015fanlar\u0131na&#8230; hepsinin uykusunu ka\u00e7\u0131r\u0131r Mahya \u0130blisi.   Elinizdeki kitap u\u00e7may\u0131 b\u0131rakan s\u00f6zlerin kondu\u011fu sayfalarla doludur; nereden geldi\u011fi me\u00e7hul garip ve acayip inlemeleri, cad\u0131 kahkahalar\u0131n\u0131, cin k\u0131k\u0131rdamalar\u0131n\u0131, hortlak feryatlar\u0131n\u0131 da duyman\u0131z pek m\u00fcmk\u00fcnd\u00fcr. H\u00fcrer Ebeo\u011flu, ger\u00e7eklerle h\u00fclyalar\u0131n kar\u0131\u015ft\u0131\u011f\u0131 bu romanda kafeslerle \u00e7evreledi\u011fimiz vicdanlar\u0131m\u0131z\u0131 sahici bir hesapla\u015fmaya davet ediyor. &#8220;Mahya \u0130blisi gitmeden \u00f6nce g\u00f6z\u00fcn\u00fc t\u0131kabasa Kostantiniyye\u2019yle doldurdu. Bu d\u00fcnya \u00fczerinde kuraca\u011f\u0131 son hayal elbette ki S\u00fcleymaniye\u2019nin minareleri aras\u0131na gerilmi\u015f bir korsan mahya olmal\u0131yd\u0131: KUL OLMA \u0130NSAN OL.\u201d <\/p>\n","protected":false},"excerpt":{"rendered":"<p>Demir \u00f6k\u00e7eleriyle nam salm\u0131\u015f III. Osman\u2019\u0131n Kostantiniyye\u2019sinde \u015fehrin muhtelif yerlerine gerdi\u011fi korsan mahyalarla tan\u0131nan b\u00fcy\u00fck bir bela vard\u0131r; \u015fak\u015fak\u00e7\u0131lardan kavuk sallayanlar\u0131na, z\u00fcb\u00fcklerden taht pe\u015finde ko\u015fanlar\u0131na&#8230; hepsinin<span class=\"excerpt-hellip\"> [\u2026]<\/span><\/p>\n","protected":false},"featured_media":0,"template":"","meta":{"_monsterinsights_skip_tracking":false,"_monsterinsights_sitenote_active":false,"_monsterinsights_sitenote_note":"","_monsterinsights_sitenote_category":0},"product_brand":[],"product_cat":[12291,12711],"product_tag":[],"class_list":{"0":"post-766107","1":"product","2":"type-product","3":"status-publish","5":"product_cat-edebiyat","6":"product_cat-roman-oyku","7":"pa_cilt-ciltsiz","8":"pa_tur-kitap","9":"pa_yayinevi-bilgi-yayinevi","10":"pa_yazar-hurer-ebeoglu","12":"first","13":"instock","14":"sale","15":"shipping-taxable","16":"purchasable","17":"product-type-simple"},"_links":{"self":[{"href":"https:\/\/roveyayinevi.com.tr\/index.php\/wp-json\/wp\/v2\/product\/766107","targetHints":{"allow":["GET"]}}],"collection":[{"href":"https:\/\/roveyayinevi.com.tr\/index.php\/wp-json\/wp\/v2\/product"}],"about":[{"href":"https:\/\/roveyayinevi.com.tr\/index.php\/wp-json\/wp\/v2\/types\/product"}],"wp:attachment":[{"href":"https:\/\/roveyayinevi.com.tr\/index.php\/wp-json\/wp\/v2\/media?parent=766107"}],"wp:term":[{"taxonomy":"product_brand","embeddable":true,"href":"https:\/\/roveyayinevi.com.tr\/index.php\/wp-json\/wp\/v2\/product_brand?post=766107"},{"taxonomy":"product_cat","embeddable":true,"href":"https:\/\/roveyayinevi.com.tr\/index.php\/wp-json\/wp\/v2\/product_cat?post=766107"},{"taxonomy":"product_tag","embeddable":true,"href":"https:\/\/roveyayinevi.com.tr\/index.php\/wp-json\/wp\/v2\/product_tag?post=766107"}],"curies":[{"name":"wp","href":"https:\/\/api.w.org\/{rel}","templated":true}]}}