{"id":766094,"date":"2025-08-28T12:02:02","date_gmt":"2025-08-28T09:02:02","guid":{"rendered":"https:\/\/roveyayinevi.com.tr\/index.php\/urun\/is-kokan-zeytin-agaci-2\/"},"modified":"2026-04-15T03:32:04","modified_gmt":"2026-04-15T00:32:04","slug":"is-kokan-zeytin-agaci-2","status":"publish","type":"product","link":"https:\/\/roveyayinevi.com.tr\/index.php\/urun\/is-kokan-zeytin-agaci-2\/","title":{"rendered":"\u0130s Kokan Zeytin A\u011fac\u0131 2"},"content":{"rendered":"<p>\u201cG\u00fcne\u015f, \u0131\u015f\u0131klar\u0131n\u0131 sende ta\u015f\u0131yor sanki. Yaz g\u00fcn\u00fc g\u00f6\u011fe bak\u0131nca nas\u0131l kama\u015f\u0131yorsa g\u00f6zlerim, mevsim fark etmeksizin sana bak\u0131nca da ayn\u0131s\u0131n\u0131 ya\u015f\u0131yorum.\u201d   \u0130lteri\u015f\u2019te ger\u00e7ekle\u015fen bomba sald\u0131r\u0131lar\u0131n\u0131n ard\u0131ndan sava\u015f art\u0131k daha da \u00e7etin bir hale gelmi\u015ftir. Karahan\u2019da bir\u00e7ok \u015fehir yerle bir olurken hayatta kalanlar\u0131n bir k\u0131sm\u0131 ba\u015fka \u00fclkelere g\u00f6\u00e7 etmeye ba\u015flar. \u00dclkede her \u015fey k\u00f6t\u00fcye giderken Yusuf Ag\u00e2h\u2019la Mihra\u2019n\u0131n aras\u0131ndaki a\u015fk, zor g\u00fcnlere meydan okurcas\u0131na b\u00fcy\u00fcr ve zirvesini kara bulutlar\u0131n sard\u0131\u011f\u0131 da\u011flar\u0131n aras\u0131nda parlak bir g\u00fcne\u015f gibi a\u00e7ar. Ancak bu g\u00fcne\u015fin yayd\u0131\u011f\u0131 \u0131\u015f\u0131k, bombalar\u0131n sa\u00e7t\u0131\u011f\u0131 alevleri bast\u0131rmaya yetecek midir?   \u201cD\u00f6neceksin, de\u011fil mi?\u201d \u201cYa\u015fad\u0131\u011f\u0131m m\u00fcddet\u00e7e benim yerim senin yan\u0131nd\u0131r, Mihra. Ya\u015fad\u0131\u011f\u0131m m\u00fcddet\u00e7e d\u00f6nece\u011fim sana.\u201d <\/p>\n","protected":false},"excerpt":{"rendered":"<p>\u201cG\u00fcne\u015f, \u0131\u015f\u0131klar\u0131n\u0131 sende ta\u015f\u0131yor sanki. Yaz g\u00fcn\u00fc g\u00f6\u011fe bak\u0131nca nas\u0131l kama\u015f\u0131yorsa g\u00f6zlerim, mevsim fark etmeksizin sana bak\u0131nca da ayn\u0131s\u0131n\u0131 ya\u015f\u0131yorum.\u201d \u0130lteri\u015f\u2019te ger\u00e7ekle\u015fen bomba sald\u0131r\u0131lar\u0131n\u0131n ard\u0131ndan sava\u015f<span class=\"excerpt-hellip\"> [\u2026]<\/span><\/p>\n","protected":false},"featured_media":0,"template":"","meta":{"_monsterinsights_skip_tracking":false,"_monsterinsights_sitenote_active":false,"_monsterinsights_sitenote_note":"","_monsterinsights_sitenote_category":0},"product_brand":[],"product_cat":[12291,12711],"product_tag":[],"class_list":{"0":"post-766094","1":"product","2":"type-product","3":"status-publish","5":"product_cat-edebiyat","6":"product_cat-roman-oyku","7":"pa_cilt-ciltsiz","8":"pa_tur-kitap","9":"pa_yayinevi-indigo-kitap","10":"pa_yazar-sule-avlamaz","12":"first","13":"instock","14":"sale","15":"shipping-taxable","16":"purchasable","17":"product-type-simple"},"_links":{"self":[{"href":"https:\/\/roveyayinevi.com.tr\/index.php\/wp-json\/wp\/v2\/product\/766094","targetHints":{"allow":["GET"]}}],"collection":[{"href":"https:\/\/roveyayinevi.com.tr\/index.php\/wp-json\/wp\/v2\/product"}],"about":[{"href":"https:\/\/roveyayinevi.com.tr\/index.php\/wp-json\/wp\/v2\/types\/product"}],"wp:attachment":[{"href":"https:\/\/roveyayinevi.com.tr\/index.php\/wp-json\/wp\/v2\/media?parent=766094"}],"wp:term":[{"taxonomy":"product_brand","embeddable":true,"href":"https:\/\/roveyayinevi.com.tr\/index.php\/wp-json\/wp\/v2\/product_brand?post=766094"},{"taxonomy":"product_cat","embeddable":true,"href":"https:\/\/roveyayinevi.com.tr\/index.php\/wp-json\/wp\/v2\/product_cat?post=766094"},{"taxonomy":"product_tag","embeddable":true,"href":"https:\/\/roveyayinevi.com.tr\/index.php\/wp-json\/wp\/v2\/product_tag?post=766094"}],"curies":[{"name":"wp","href":"https:\/\/api.w.org\/{rel}","templated":true}]}}