{"id":766093,"date":"2025-08-28T12:01:59","date_gmt":"2025-08-28T09:01:59","guid":{"rendered":"https:\/\/roveyayinevi.com.tr\/index.php\/urun\/mrs-dalloway-8\/"},"modified":"2026-04-15T03:32:04","modified_gmt":"2026-04-15T00:32:04","slug":"mrs-dalloway-8","status":"publish","type":"product","link":"https:\/\/roveyayinevi.com.tr\/index.php\/urun\/mrs-dalloway-8\/","title":{"rendered":"Mrs. Dalloway"},"content":{"rendered":"<p>Her \u015feye ra\u011fmen g\u00fcne\u015f parl\u0131yordu. Her \u015feye ra\u011fmen insan ya\u015fad\u0131klar\u0131n\u0131n \u00fcstesinden geliyordu. Her \u015feye ra\u011fmen hayat, g\u00fcn\u00fc g\u00fcne eklemenin bir yolunu buluyordu.   Londra cemiyetinin \u00f6nemli isimlerinden Clarissa Dalloway, o ak\u015fam evinde verece\u011fi parti i\u00e7in haz\u0131rl\u0131k yaparken zihninde dalgalanan an\u0131lar\u0131, ge\u00e7mi\u015fe dair pi\u015fmanl\u0131klar\u0131 ve arzular\u0131yla y\u00fczle\u015fiyor. Bu s\u0131rada Londra\u2019n\u0131n \u00e7ok da uzak olmayan bir ba\u015fka k\u00f6\u015fesinde, eski bir asker olan Septimus Warren Smith, Birinci D\u00fcnya Sava\u015f\u0131\u2019n\u0131n b\u0131rakt\u0131\u011f\u0131 izleri silmeye, kafas\u0131n\u0131n i\u00e7indeki \u015feytanlarla m\u00fccadele etmeye \u00e7al\u0131\u015f\u0131yor. D\u00fcnyan\u0131n bir ucundan, Hindistan\u2019dan yeni d\u00f6nen Peter Walsh ise Clarissa Dalloway\u2019e duydu\u011fu eski hisleri yeniden ke\u015ffederken kendi g\u00fcvensizlikleriyle hesapla\u015f\u0131yor.   Virginia Woolf\u2019un ba\u015fyap\u0131t\u0131, modern roman\u0131n d\u00f6n\u00fcm noktas\u0131 say\u0131labilecek Mrs. Dalloway, g\u00f6r\u00fcn\u00fc\u015fte birbirinden \u00e7ok ba\u015fka hayatlar ya\u015fayan karakterlerin asl\u0131nda nas\u0131l benzer sorunlarla bo\u011fu\u015ftuklar\u0131n\u0131 anlat\u0131rken sava\u015f sonras\u0131 \u0130ngiltere\u2019sinde bireylerin psikolojik durumunu ve toplumsal yap\u0131y\u0131 irdeliyor. G\u00fcndelik ayr\u0131nt\u0131lar\u0131n \u00f6tesine ge\u00e7erek ya\u015fam\u0131n k\u0131r\u0131lganl\u0131\u011f\u0131n\u0131 ve insan ruhunun derinliklerini apa\u00e7\u0131k sunuyor.   \u201cBelki de Woolf\u2019un ba\u015fyap\u0131t\u0131\u2026 Zarif ve m\u00fckemmel bir \u015fekilde yap\u0131land\u0131r\u0131lm\u0131\u015f\u2026 \u00c7o\u011fu yazar gibi, eserlerini olu\u015ftururken y\u00fczey ile derinlik aras\u0131nda bir se\u00e7im yapmas\u0131 gereken Woolf y\u00fczeyi se\u00e7iyor ve ard\u0131ndan olabildi\u011fince derine inmeye \u00e7al\u0131\u015f\u0131yor.\u201d E. M. Forster <\/p>\n","protected":false},"excerpt":{"rendered":"<p>Her \u015feye ra\u011fmen g\u00fcne\u015f parl\u0131yordu. Her \u015feye ra\u011fmen insan ya\u015fad\u0131klar\u0131n\u0131n \u00fcstesinden geliyordu. Her \u015feye ra\u011fmen hayat, g\u00fcn\u00fc g\u00fcne eklemenin bir yolunu buluyordu. Londra cemiyetinin \u00f6nemli isimlerinden<span class=\"excerpt-hellip\"> [\u2026]<\/span><\/p>\n","protected":false},"featured_media":0,"template":"","meta":{"_monsterinsights_skip_tracking":false,"_monsterinsights_sitenote_active":false,"_monsterinsights_sitenote_note":"","_monsterinsights_sitenote_category":0},"product_brand":[],"product_cat":[12291,12711],"product_tag":[],"class_list":{"0":"post-766093","1":"product","2":"type-product","3":"status-publish","5":"product_cat-edebiyat","6":"product_cat-roman-oyku","7":"pa_cilt-ciltsiz","8":"pa_tur-kitap","9":"pa_yayinevi-can-yayinlari","10":"pa_yazar-virginia-woolf","12":"first","13":"instock","14":"sale","15":"shipping-taxable","16":"purchasable","17":"product-type-simple"},"_links":{"self":[{"href":"https:\/\/roveyayinevi.com.tr\/index.php\/wp-json\/wp\/v2\/product\/766093","targetHints":{"allow":["GET"]}}],"collection":[{"href":"https:\/\/roveyayinevi.com.tr\/index.php\/wp-json\/wp\/v2\/product"}],"about":[{"href":"https:\/\/roveyayinevi.com.tr\/index.php\/wp-json\/wp\/v2\/types\/product"}],"wp:attachment":[{"href":"https:\/\/roveyayinevi.com.tr\/index.php\/wp-json\/wp\/v2\/media?parent=766093"}],"wp:term":[{"taxonomy":"product_brand","embeddable":true,"href":"https:\/\/roveyayinevi.com.tr\/index.php\/wp-json\/wp\/v2\/product_brand?post=766093"},{"taxonomy":"product_cat","embeddable":true,"href":"https:\/\/roveyayinevi.com.tr\/index.php\/wp-json\/wp\/v2\/product_cat?post=766093"},{"taxonomy":"product_tag","embeddable":true,"href":"https:\/\/roveyayinevi.com.tr\/index.php\/wp-json\/wp\/v2\/product_tag?post=766093"}],"curies":[{"name":"wp","href":"https:\/\/api.w.org\/{rel}","templated":true}]}}