{"id":766088,"date":"2025-08-28T12:01:48","date_gmt":"2025-08-28T09:01:48","guid":{"rendered":"https:\/\/roveyayinevi.com.tr\/index.php\/urun\/ay-duserken\/"},"modified":"2026-04-15T03:32:04","modified_gmt":"2026-04-15T00:32:04","slug":"ay-duserken","status":"publish","type":"product","link":"https:\/\/roveyayinevi.com.tr\/index.php\/urun\/ay-duserken\/","title":{"rendered":"Ay D\u00fc\u015ferken"},"content":{"rendered":"<p>Bir anne, sezgilerini g\u00f6rmezden gelmekten daha b\u00fcy\u00fck bir g\u00fcnah i\u015fleyebilir mi? K\u00fc\u00e7\u00fck ya\u015flar\u0131ndan itibaren istedi\u011fi her \u015feyi t\u0131rnaklar\u0131n\u0131 kaz\u0131yarak elde edebilece\u011fini \u00f6\u011frenen Fereiba, \u00fcvey bir annenin, sevgisini nas\u0131l g\u00f6sterece\u011fini bilmeyen bir baban\u0131n, ard\u0131 arkas\u0131 gelmeyen hayal k\u0131r\u0131kl\u0131klar\u0131n\u0131n ve gelece\u011fi karanl\u0131k g\u00f6r\u00fcnen Afganistan\u2019\u0131n g\u00f6lgesinde b\u00fcy\u00fcm\u00fc\u015f bir kad\u0131nd\u0131r. Yapt\u0131\u011f\u0131 mutlu evlilik sonras\u0131 talihinin d\u00f6nd\u00fc\u011f\u00fcn\u00fc d\u00fc\u015f\u00fcnse de kaderin onun i\u00e7in planlad\u0131klar\u0131ndan habersizdir. Taliban\u2019\u0131n Afganistan\u2019\u0131 ele ge\u00e7irmesi sonras\u0131 kocas\u0131 Mahmood\u2019un trajik bir \u015fekilde hayat\u0131n\u0131 kaybetmesiyle g\u00fcvenli sand\u0131\u011f\u0131 yuvas\u0131 parampar\u00e7a olur. A\u00e7 kalma tehlikesiyle kar\u015f\u0131 kar\u015f\u0131ya geldiklerinde Fereiba, cesur davran\u0131p \u00fc\u00e7 \u00e7ocu\u011funu \u00fclkeden ka\u00e7\u0131rmak i\u00e7in bir yol bulmas\u0131 gerekti\u011fini anlar. \u0130mk\u00e2ns\u0131z gibi g\u00f6r\u00fcnen yolculuklar\u0131n\u0131n hedefinde k\u0131z karde\u015finin Londra\u2019daki evi vard\u0131r ancak bu yol, Avrupa\u2019n\u0131n hi\u00e7 tan\u0131mad\u0131klar\u0131 karanl\u0131k sokaklar\u0131ndan, insan ka\u00e7ak\u00e7\u0131lar\u0131n\u0131n t\u00fcrl\u00fc oyunlar\u0131ndan ve m\u00fclteci kamplar\u0131n\u0131n g\u00f6lgesinden ge\u00e7mektedir. \u00c7ocuklar\u0131 u\u011fruna verdi\u011fi sava\u015fta her g\u00fcn yeni bir yenilgiyle kar\u015f\u0131la\u015fan Fereiba\u2019y\u0131 zorlu kararlar, k\u00fc\u00e7\u00fck o\u011flu Saleem\u2019i ise erken ya\u015fta olgunla\u015fmas\u0131na neden olacak m\u00fccadeleler beklemektedir. Kabu\u011funu K\u0131ran \u0130nci, Penceresiz Ev ve Y\u0131ld\u0131zlara G\u00fcl\u00fcmseyen K\u0131z kitaplar\u0131n\u0131n yazar\u0131 Nadia Hashimi, yeni roman\u0131nda tekrar bir araya gelmek i\u00e7in \u00e7\u0131rp\u0131nan bir ailenin umut, cesaret ve sevgiyle \u00f6r\u00fcl\u00fc m\u00fccadelesini g\u00f6zler \u00f6n\u00fcne seriyor. &#8220;Yeni bir hayata ba\u015flaman\u0131n verdi\u011fi endi\u015fe ve heyecan\u0131 ustal\u0131kla tasvir eden Hashimi\u2019nin s\u00fcr\u00fckleyici eseri, kitap kul\u00fcpleri i\u00e7in m\u00fckemmel.&#8221; Library Journal &#8220;S\u0131n\u0131rlar, engeller ve cesur bir annenin verdi\u011fi m\u00fccadelesi \u00fczerine ka\u00e7\u0131r\u0131lmamas\u0131 gereken destans\u0131 bir eser.&#8221; Oprah Magazine \u201cMerhametten yoksun bir d\u00fcnyada, samimi bir cesaret \u00f6yk\u00fcs\u00fc.\u201d Toronto Star<\/p>\n","protected":false},"excerpt":{"rendered":"<p>Bir anne, sezgilerini g\u00f6rmezden gelmekten daha b\u00fcy\u00fck bir g\u00fcnah i\u015fleyebilir mi? K\u00fc\u00e7\u00fck ya\u015flar\u0131ndan itibaren istedi\u011fi her \u015feyi t\u0131rnaklar\u0131n\u0131 kaz\u0131yarak elde edebilece\u011fini \u00f6\u011frenen Fereiba, \u00fcvey bir annenin,<span class=\"excerpt-hellip\"> [\u2026]<\/span><\/p>\n","protected":false},"featured_media":0,"template":"","meta":{"_monsterinsights_skip_tracking":false,"_monsterinsights_sitenote_active":false,"_monsterinsights_sitenote_note":"","_monsterinsights_sitenote_category":0},"product_brand":[],"product_cat":[12291,12711],"product_tag":[],"class_list":{"0":"post-766088","1":"product","2":"type-product","3":"status-publish","5":"product_cat-edebiyat","6":"product_cat-roman-oyku","7":"pa_cilt-ciltsiz","8":"pa_tur-kitap","9":"pa_yayinevi-arkadya-yayinlari","10":"pa_yazar-nadia-hashimi","12":"first","13":"instock","14":"sale","15":"shipping-taxable","16":"purchasable","17":"product-type-simple"},"_links":{"self":[{"href":"https:\/\/roveyayinevi.com.tr\/index.php\/wp-json\/wp\/v2\/product\/766088","targetHints":{"allow":["GET"]}}],"collection":[{"href":"https:\/\/roveyayinevi.com.tr\/index.php\/wp-json\/wp\/v2\/product"}],"about":[{"href":"https:\/\/roveyayinevi.com.tr\/index.php\/wp-json\/wp\/v2\/types\/product"}],"wp:attachment":[{"href":"https:\/\/roveyayinevi.com.tr\/index.php\/wp-json\/wp\/v2\/media?parent=766088"}],"wp:term":[{"taxonomy":"product_brand","embeddable":true,"href":"https:\/\/roveyayinevi.com.tr\/index.php\/wp-json\/wp\/v2\/product_brand?post=766088"},{"taxonomy":"product_cat","embeddable":true,"href":"https:\/\/roveyayinevi.com.tr\/index.php\/wp-json\/wp\/v2\/product_cat?post=766088"},{"taxonomy":"product_tag","embeddable":true,"href":"https:\/\/roveyayinevi.com.tr\/index.php\/wp-json\/wp\/v2\/product_tag?post=766088"}],"curies":[{"name":"wp","href":"https:\/\/api.w.org\/{rel}","templated":true}]}}