{"id":766085,"date":"2025-08-28T12:01:42","date_gmt":"2025-08-28T09:01:42","guid":{"rendered":"https:\/\/roveyayinevi.com.tr\/index.php\/urun\/ebeveynler-icin-oz-sefkat\/"},"modified":"2026-04-15T03:32:04","modified_gmt":"2026-04-15T00:32:04","slug":"ebeveynler-icin-oz-sefkat","status":"publish","type":"product","link":"https:\/\/roveyayinevi.com.tr\/index.php\/urun\/ebeveynler-icin-oz-sefkat\/","title":{"rendered":"Ebeveynler \u0130\u00e7in \u00d6z \u015eefkat"},"content":{"rendered":"<p>\u201c\u00c7ocuklara yine ba\u011f\u0131rd\u0131m!\u201d \u201cV\u00fccudum berbat h\u00e2lde ama b\u0131rak\u0131n egzersiz yapmay\u0131, banyo yapacak vaktim bile yok.\u201d \u201cSan\u0131r\u0131m olmay\u0131 hayal etti\u011fim anne\/baba de\u011filim.\u201d Bu c\u00fcmleler tan\u0131d\u0131k geliyor mu? \u00c7ocu\u011funuza yapt\u0131\u011f\u0131n\u0131z ya da s\u00f6yledi\u011finiz bir \u015fey y\u00fcz\u00fcnden kendinizden nefret etti\u011finiz oldu mu hi\u00e7? Hi\u00e7 k\u00fcplere bindiniz mi? D\u00fc\u015f\u00fcnmek bile istemedi\u011finiz \u015fekilde davrand\u0131\u011f\u0131n\u0131z oldu mu? \u201cEbeveyn polisinin\u201d (neyse ki \u00f6yle bir \u015fey yok) gelip su\u00e7unuzdan dolay\u0131 sizi tutuklayaca\u011f\u0131n\u0131 d\u00fc\u015f\u00fcnerek \u00e7aresizli\u011fe kap\u0131ld\u0131n\u0131z m\u0131? Endi\u015felenmeyin, yaln\u0131z de\u011filsiniz. Kimse m\u00fckemmel bir ebeveyn de\u011fil ve herkes \u00e7uvall\u0131yor. Buras\u0131 yarg\u0131laman\u0131n olmad\u0131\u011f\u0131 bir yer. S\u0131rlar\u0131n\u0131z g\u00fcvende. Ebeveynler \u0130\u00e7in \u00d6z \u015eeat kendinden nefret etmek, bir kutu dondurma yemek ya da bir sakinle\u015ftirici almak yerine, kendinize nas\u0131l \u015fefkatle kar\u015f\u0131l\u0131k verece\u011finizi g\u00f6stermek amac\u0131yla haz\u0131rland\u0131. Otuz y\u0131l\u0131 a\u015fk\u0131n deneyime sahip bir klinik psikolog ve tecr\u00fcbeli bir anne olan Dr. Susan Pollak, kitap boyunca etkileyici \u00f6rnekler kullanarak ebeveynli\u011fin zorluklar\u0131n\u0131 \u00e7ok iyi bildi\u011fini ortaya koyarken okuyucular\u0131 usulca, kendileri ve aileleriyle sevgi dolu, yer ve zamandan ba\u011f\u0131ms\u0131z ba\u011flar kurabilecekleri yepyeni bir ili\u015fkiye y\u00f6nlendiriyor. K\u00fc\u00e7\u00fck \u00e7ocu\u011funuz \u00f6e krizi ya\u015fad\u0131\u011f\u0131nda, k\u0131z\u0131n\u0131z lisede zorbal\u0131\u011fa maruz kald\u0131\u011f\u0131nda, ebeveynlik yapma \u015fekliniz konusunda e\u015finizle hemfikir olmad\u0131\u011f\u0131n\u0131zda, tatil stresi artmaya ba\u015flad\u0131\u011f\u0131nda ya da \u00e7ok bunald\u0131\u011f\u0131n\u0131zda, deneyimli ve \u015fefkatli birinin kap\u0131dan i\u00e7eri girmesini istiyorsan\u0131z, bu kitap tam size g\u00f6re.<\/p>\n","protected":false},"excerpt":{"rendered":"<p>\u201c\u00c7ocuklara yine ba\u011f\u0131rd\u0131m!\u201d \u201cV\u00fccudum berbat h\u00e2lde ama b\u0131rak\u0131n egzersiz yapmay\u0131, banyo yapacak vaktim bile yok.\u201d \u201cSan\u0131r\u0131m olmay\u0131 hayal etti\u011fim anne\/baba de\u011filim.\u201d Bu c\u00fcmleler tan\u0131d\u0131k geliyor mu?<span class=\"excerpt-hellip\"> [\u2026]<\/span><\/p>\n","protected":false},"featured_media":0,"template":"","meta":{"_monsterinsights_skip_tracking":false,"_monsterinsights_sitenote_active":false,"_monsterinsights_sitenote_note":"","_monsterinsights_sitenote_category":0},"product_brand":[],"product_cat":[12357],"product_tag":[],"class_list":{"0":"post-766085","1":"product","2":"type-product","3":"status-publish","5":"product_cat-psikoloji","6":"pa_cilt-ciltsiz","7":"pa_tur-kitap","8":"pa_yayinevi-koridor-yayincilik","9":"pa_yazar-dr-susan-m-pollak","11":"first","12":"instock","13":"sale","14":"shipping-taxable","15":"purchasable","16":"product-type-simple"},"_links":{"self":[{"href":"https:\/\/roveyayinevi.com.tr\/index.php\/wp-json\/wp\/v2\/product\/766085","targetHints":{"allow":["GET"]}}],"collection":[{"href":"https:\/\/roveyayinevi.com.tr\/index.php\/wp-json\/wp\/v2\/product"}],"about":[{"href":"https:\/\/roveyayinevi.com.tr\/index.php\/wp-json\/wp\/v2\/types\/product"}],"wp:attachment":[{"href":"https:\/\/roveyayinevi.com.tr\/index.php\/wp-json\/wp\/v2\/media?parent=766085"}],"wp:term":[{"taxonomy":"product_brand","embeddable":true,"href":"https:\/\/roveyayinevi.com.tr\/index.php\/wp-json\/wp\/v2\/product_brand?post=766085"},{"taxonomy":"product_cat","embeddable":true,"href":"https:\/\/roveyayinevi.com.tr\/index.php\/wp-json\/wp\/v2\/product_cat?post=766085"},{"taxonomy":"product_tag","embeddable":true,"href":"https:\/\/roveyayinevi.com.tr\/index.php\/wp-json\/wp\/v2\/product_tag?post=766085"}],"curies":[{"name":"wp","href":"https:\/\/api.w.org\/{rel}","templated":true}]}}