{"id":766084,"date":"2025-08-28T12:01:40","date_gmt":"2025-08-28T09:01:40","guid":{"rendered":"https:\/\/roveyayinevi.com.tr\/index.php\/urun\/gorunmez\/"},"modified":"2025-08-31T20:58:53","modified_gmt":"2025-08-31T17:58:53","slug":"gorunmez","status":"publish","type":"product","link":"https:\/\/roveyayinevi.com.tr\/index.php\/urun\/gorunmez\/","title":{"rendered":"G\u00f6r\u00fcnmez"},"content":{"rendered":"<p>HANG\u0130M\u0130Z B\u0130R NOKTADA G\u00d6R\u00dcNMEZ OLMAYI D\u0130LEMED\u0130K K\u0130?    VE HANG\u0130M\u0130Z ARTIK G\u00d6R\u00dcN\u00dcR H\u00c2LE GELMEK \u0130STEMED\u0130K?    \u201cSorun \u015fu ki bu g\u00fcc\u00fc asl\u0131nda hi\u00e7 iyi kontrol etmeyi ba\u015faramad\u0131m: Bazen g\u00f6r\u00fcnmez olmay\u0131 en \u00e7ok istedi\u011fim anlarda bir s\u00fcr\u00fc ki\u015finin dikkatini \u00e7ekiyordum, beni herkes g\u00f6rs\u00fcn istedi\u011fimdeyse bedenimin ortadan kaybolas\u0131 geliyordu.\u201d    Etkileyici, dokunakl\u0131, s\u0131ra d\u0131\u015f\u0131\u2026 G\u00f6r\u00fcnmez, bir \u00e7ocu\u011fun g\u00f6z\u00fcnden anlat\u0131lsa da hepimizin hik\u00e2yesi olabilecek bir hik\u00e2ye.      \u201cHer sayfas\u0131 duygular ve ac\u0131yla dolu, y\u00fcrek s\u0131zlatacak kadar i\u00e7ten bir roman. Ya\u015f s\u0131n\u0131r\u0131 olmaks\u0131z\u0131n herkese \u015fiddetle tavsiye ediyorum. G\u00f6r\u00fcnmez, ger\u00e7ekler kar\u015f\u0131s\u0131nda g\u00f6zlerinizin a\u00e7\u0131lmas\u0131n\u0131 sa\u011fl\u0131yor, kurgu pay\u0131 \u00e7ok az.\u201d \u00c9rase un libro   \u201cAnlat\u0131lan hik\u00e2yenin b\u00fct\u00fcn\u00fcn\u00fc g\u00f6rebilmek i\u00e7in okurlar olarak tamamlamam\u0131z gereken yapbozun par\u00e7alar\u0131n\u0131 bize tek tek veren bir kitap. Sert, ger\u00e7ek\u00e7i ve elzem. \u015eiddetle tavsiye ediyorum.\u201d El Caos Literario   \u201cBu kitap sizi d\u00fc\u015f\u00fcnmeye sevk ediyor ve daha iyi bir insan olmay\u0131 istemenizi sa\u011fl\u0131yor.\u201d Lioncourt   \u201cG\u00f6r\u00fcnmez\u2019e bay\u0131ld\u0131m. \u00c7ok dokunakl\u0131, mutlaka okunmas\u0131 gereken, y\u00fcre\u011finize i\u015fleyecek bir hik\u00e2ye.\u201d Iris de Asomo <\/p>\n","protected":false},"excerpt":{"rendered":"<p>HANG\u0130M\u0130Z B\u0130R NOKTADA G\u00d6R\u00dcNMEZ OLMAYI D\u0130LEMED\u0130K K\u0130? VE HANG\u0130M\u0130Z ARTIK G\u00d6R\u00dcN\u00dcR H\u00c2LE GELMEK \u0130STEMED\u0130K? \u201cSorun \u015fu ki bu g\u00fcc\u00fc asl\u0131nda hi\u00e7 iyi kontrol etmeyi ba\u015faramad\u0131m: Bazen<span class=\"excerpt-hellip\"> [\u2026]<\/span><\/p>\n","protected":false},"featured_media":0,"template":"","meta":{"_monsterinsights_skip_tracking":false,"_monsterinsights_sitenote_active":false,"_monsterinsights_sitenote_note":"","_monsterinsights_sitenote_category":0},"product_brand":[],"product_cat":[12291,12711],"product_tag":[],"class_list":{"0":"post-766084","1":"product","2":"type-product","3":"status-publish","5":"product_cat-edebiyat","6":"product_cat-roman-oyku","7":"pa_cilt-ciltsiz","8":"pa_tur-kitap","9":"pa_yayinevi-pegasus-yayinlari","10":"pa_yazar-eloy-moreno","12":"first","13":"instock","14":"sale","15":"shipping-taxable","16":"purchasable","17":"product-type-simple"},"_links":{"self":[{"href":"https:\/\/roveyayinevi.com.tr\/index.php\/wp-json\/wp\/v2\/product\/766084","targetHints":{"allow":["GET"]}}],"collection":[{"href":"https:\/\/roveyayinevi.com.tr\/index.php\/wp-json\/wp\/v2\/product"}],"about":[{"href":"https:\/\/roveyayinevi.com.tr\/index.php\/wp-json\/wp\/v2\/types\/product"}],"wp:attachment":[{"href":"https:\/\/roveyayinevi.com.tr\/index.php\/wp-json\/wp\/v2\/media?parent=766084"}],"wp:term":[{"taxonomy":"product_brand","embeddable":true,"href":"https:\/\/roveyayinevi.com.tr\/index.php\/wp-json\/wp\/v2\/product_brand?post=766084"},{"taxonomy":"product_cat","embeddable":true,"href":"https:\/\/roveyayinevi.com.tr\/index.php\/wp-json\/wp\/v2\/product_cat?post=766084"},{"taxonomy":"product_tag","embeddable":true,"href":"https:\/\/roveyayinevi.com.tr\/index.php\/wp-json\/wp\/v2\/product_tag?post=766084"}],"curies":[{"name":"wp","href":"https:\/\/api.w.org\/{rel}","templated":true}]}}