{"id":766079,"date":"2025-08-28T12:01:30","date_gmt":"2025-08-28T09:01:30","guid":{"rendered":"https:\/\/roveyayinevi.com.tr\/index.php\/urun\/cocuk-ve-ergenlerde-travmayla-mucadelede-sanatin-rolu-nixart-terapi\/"},"modified":"2026-04-15T03:32:04","modified_gmt":"2026-04-15T00:32:04","slug":"cocuk-ve-ergenlerde-travmayla-mucadelede-sanatin-rolu-nixart-terapi","status":"publish","type":"product","link":"https:\/\/roveyayinevi.com.tr\/index.php\/urun\/cocuk-ve-ergenlerde-travmayla-mucadelede-sanatin-rolu-nixart-terapi\/","title":{"rendered":"\u00c7ocuk ve Ergenlerde Travmayla M\u00fccadelede Sanat\u0131n Rol\u00fc: NixArt Terapi"},"content":{"rendered":"<p>Bu kitap insan ya\u015fam\u0131nda kritik bir evre olan \u00e7ocukluk ve ergenlik d\u00f6nemindeki travmatik deneyimleri (do\u011fal afet, kaza, kay\u0131p, istismar, ebeveyn kayb\u0131 veya bo\u015fanmas\u0131 vb.) bulunan bireylerin ruh sa\u011fl\u0131\u011f\u0131n\u0131 desteklemeye ve iyile\u015ftirmeye katk\u0131 sunmak amac\u0131yla yaz\u0131lm\u0131\u015ft\u0131r. \u00c7ocuk ve ergenlerin ilgisini \u00e7ekmesi ve grup \u00e7al\u0131\u015fmalar\u0131nda ya\u015fanabilecek diren\u00e7 ve transferans\u0131n etkisinin minimize edilmesi i\u00e7in sanat\u0131n kullan\u0131lmas\u0131 ama\u00e7lanm\u0131\u015ft\u0131r.   Bu sayede hem sa\u011falt\u0131m ya\u015famalar\u0131, hem keyif almalar\u0131 hem de i\u00e7lerindeki yarat\u0131c\u0131l\u0131\u011f\u0131 uyand\u0131rmalar\u0131\/geli\u015ftirmeleri hedeflenmi\u015ftir. Grubun mikrokozmos \u00f6zelli\u011fi sayesinde yaparak-ya\u015fayarak-deneyimleyerek \u00f6\u011frenmeleri, d\u00fc\u015f\u00fcnmeleri ve hissetmeleri istenmektedir. Bunun i\u00e7in de kitapta grup s\u00fcrecine ve sanatsal faaliyetlere dair her a\u015famaya ad\u0131m ad\u0131m yer verilmi\u015ftir.<\/p>\n","protected":false},"excerpt":{"rendered":"<p>Bu kitap insan ya\u015fam\u0131nda kritik bir evre olan \u00e7ocukluk ve ergenlik d\u00f6nemindeki travmatik deneyimleri (do\u011fal afet, kaza, kay\u0131p, istismar, ebeveyn kayb\u0131 veya bo\u015fanmas\u0131 vb.) bulunan bireylerin<span class=\"excerpt-hellip\"> [\u2026]<\/span><\/p>\n","protected":false},"featured_media":0,"template":"","meta":{"_monsterinsights_skip_tracking":false,"_monsterinsights_sitenote_active":false,"_monsterinsights_sitenote_note":"","_monsterinsights_sitenote_category":0},"product_brand":[],"product_cat":[12573,12566],"product_tag":[],"class_list":{"0":"post-766079","1":"product","2":"type-product","3":"status-publish","5":"product_cat-akademik-kitaplar","6":"product_cat-egitim","7":"pa_cilt-ciltsiz","8":"pa_tur-kitap","9":"pa_yayinevi-egiten-kitap","10":"pa_yazar-kolektif","12":"first","13":"instock","14":"sale","15":"shipping-taxable","16":"purchasable","17":"product-type-simple"},"_links":{"self":[{"href":"https:\/\/roveyayinevi.com.tr\/index.php\/wp-json\/wp\/v2\/product\/766079","targetHints":{"allow":["GET"]}}],"collection":[{"href":"https:\/\/roveyayinevi.com.tr\/index.php\/wp-json\/wp\/v2\/product"}],"about":[{"href":"https:\/\/roveyayinevi.com.tr\/index.php\/wp-json\/wp\/v2\/types\/product"}],"wp:attachment":[{"href":"https:\/\/roveyayinevi.com.tr\/index.php\/wp-json\/wp\/v2\/media?parent=766079"}],"wp:term":[{"taxonomy":"product_brand","embeddable":true,"href":"https:\/\/roveyayinevi.com.tr\/index.php\/wp-json\/wp\/v2\/product_brand?post=766079"},{"taxonomy":"product_cat","embeddable":true,"href":"https:\/\/roveyayinevi.com.tr\/index.php\/wp-json\/wp\/v2\/product_cat?post=766079"},{"taxonomy":"product_tag","embeddable":true,"href":"https:\/\/roveyayinevi.com.tr\/index.php\/wp-json\/wp\/v2\/product_tag?post=766079"}],"curies":[{"name":"wp","href":"https:\/\/api.w.org\/{rel}","templated":true}]}}