{"id":766078,"date":"2025-08-28T12:01:29","date_gmt":"2025-08-28T09:01:29","guid":{"rendered":"https:\/\/roveyayinevi.com.tr\/index.php\/urun\/erken-cocukluk-egitim-programlarinda-doga-egitimi\/"},"modified":"2026-04-15T03:32:04","modified_gmt":"2026-04-15T00:32:04","slug":"erken-cocukluk-egitim-programlarinda-doga-egitimi","status":"publish","type":"product","link":"https:\/\/roveyayinevi.com.tr\/index.php\/urun\/erken-cocukluk-egitim-programlarinda-doga-egitimi\/","title":{"rendered":"Erken \u00c7ocukluk E\u011fitim Programlar\u0131nda Do\u011fa E\u011fitimi"},"content":{"rendered":"<p>Do\u011fa\u2019n\u0131n insan ile zamans\u0131z bir \u015fekilde bir arada oldu\u011fu ve insan var olduk\u00e7a do\u011fan\u0131n da onun ayr\u0131lmaz bir par\u00e7as\u0131 oldu\u011fu a\u015fik\u00e2r. \u0130\u015fte bu nedenle do\u011fay\u0131 seven, koruyan ve ona kar\u015f\u0131 de\u011fil onunla birlikte olan \u00e7ocuklar\u0131n yeti\u015ftirilmesi son derece \u00f6nemli. Tam da bu ba\u011flamda, s\u00fcrd\u00fcr\u00fclebilirlik kavram\u0131 ortaya \u00e7\u0131k\u0131yor \u00e7\u00fcnk\u00fc insan bir yandan da do\u011fay\u0131 t\u00fcketiyor. \u00d6zellikle son y\u0131llarda sanayile\u015fme, globalle\u015fme ve dijitalle\u015fmenin etkisi ile \u00e7ocuklar do\u011fadan kopuyor, onunla bir araya gelemiyor, bu da \u00e7ocuklarda \u201cdo\u011fa eksikli\u011fi sendromu\u201dnun ortaya \u00e7\u0131kmas\u0131n\u0131 sa\u011fl\u0131yor. S\u00fcrd\u00fcr\u00fclebilirlik anlay\u0131\u015f\u0131, \u00f6z\u00fcnde insana \u00f6nem veren, mevcut n\u00fcfusun ekonomik ve toplumsal ihtiya\u00e7lar\u0131n\u0131n kar\u015f\u0131lanmas\u0131 i\u00e7in gerekli \u00e7abay\u0131 g\u00f6sterme s\u0131ras\u0131nda gelecek ku\u015faklar\u0131n da ihtiya\u00e7lar\u0131n\u0131 g\u00f6zeterek do\u011fal ve k\u00fclt\u00fcrel kaynaklar\u0131n \u00f6zenli bir bi\u00e7imde t\u00fcketilmesini \u00f6ng\u00f6ren s\u00fcrd\u00fcr\u00fclebilir kalk\u0131nma kavram\u0131n\u0131 ortaya \u00e7\u0131karm\u0131\u015ft\u0131r.   Bu kitapta, s\u00fcrd\u00fcr\u00fclebilirlik perspektifinden erken \u00e7ocuklukta do\u011fa e\u011fitiminin e\u011fitim programlar\u0131na dahil edilmesi ele al\u0131nmaktad\u0131r.<\/p>\n","protected":false},"excerpt":{"rendered":"<p>Do\u011fa\u2019n\u0131n insan ile zamans\u0131z bir \u015fekilde bir arada oldu\u011fu ve insan var olduk\u00e7a do\u011fan\u0131n da onun ayr\u0131lmaz bir par\u00e7as\u0131 oldu\u011fu a\u015fik\u00e2r. \u0130\u015fte bu nedenle do\u011fay\u0131 seven,<span class=\"excerpt-hellip\"> [\u2026]<\/span><\/p>\n","protected":false},"featured_media":0,"template":"","meta":{"_monsterinsights_skip_tracking":false,"_monsterinsights_sitenote_active":false,"_monsterinsights_sitenote_note":"","_monsterinsights_sitenote_category":0},"product_brand":[],"product_cat":[12573,12566],"product_tag":[],"class_list":{"0":"post-766078","1":"product","2":"type-product","3":"status-publish","5":"product_cat-akademik-kitaplar","6":"product_cat-egitim","7":"pa_cilt-ciltsiz","8":"pa_tur-kitap","9":"pa_yayinevi-egiten-kitap","10":"pa_yazar-kolektif","12":"first","13":"instock","14":"sale","15":"shipping-taxable","16":"purchasable","17":"product-type-simple"},"_links":{"self":[{"href":"https:\/\/roveyayinevi.com.tr\/index.php\/wp-json\/wp\/v2\/product\/766078","targetHints":{"allow":["GET"]}}],"collection":[{"href":"https:\/\/roveyayinevi.com.tr\/index.php\/wp-json\/wp\/v2\/product"}],"about":[{"href":"https:\/\/roveyayinevi.com.tr\/index.php\/wp-json\/wp\/v2\/types\/product"}],"wp:attachment":[{"href":"https:\/\/roveyayinevi.com.tr\/index.php\/wp-json\/wp\/v2\/media?parent=766078"}],"wp:term":[{"taxonomy":"product_brand","embeddable":true,"href":"https:\/\/roveyayinevi.com.tr\/index.php\/wp-json\/wp\/v2\/product_brand?post=766078"},{"taxonomy":"product_cat","embeddable":true,"href":"https:\/\/roveyayinevi.com.tr\/index.php\/wp-json\/wp\/v2\/product_cat?post=766078"},{"taxonomy":"product_tag","embeddable":true,"href":"https:\/\/roveyayinevi.com.tr\/index.php\/wp-json\/wp\/v2\/product_tag?post=766078"}],"curies":[{"name":"wp","href":"https:\/\/api.w.org\/{rel}","templated":true}]}}