{"id":766069,"date":"2025-08-28T12:01:11","date_gmt":"2025-08-28T09:01:11","guid":{"rendered":"https:\/\/roveyayinevi.com.tr\/index.php\/urun\/buzul-cagina-donus\/"},"modified":"2026-04-12T03:23:34","modified_gmt":"2026-04-12T00:23:34","slug":"buzul-cagina-donus","status":"publish","type":"product","link":"https:\/\/roveyayinevi.com.tr\/index.php\/urun\/buzul-cagina-donus\/","title":{"rendered":"Buzul \u00c7a\u011f\u0131na D\u00f6n\u00fc\u015f"},"content":{"rendered":"<p>2100 y\u0131l\u0131na gelindi\u011finde, insanl\u0131\u011f\u0131n hayal etti\u011fi gelecek yerini \u00e7ok daha karanl\u0131k bir ger\u00e7e\u011fe b\u0131rakm\u0131\u015ft\u0131.  \u0130klim de\u011fi\u015fiklikleriyle ba\u015f edilememi\u015f, k\u00fcresel \u0131s\u0131nman\u0131n yerini dondurucu bir so\u011fuk ve bitmeyen kar f\u0131rt\u0131nalar\u0131 alm\u0131\u015ft\u0131. D\u00fcnyan\u0131n d\u00f6rt bir yan\u0131ndaki ya\u015fam alanlar\u0131, buzullar\u0131n alt\u0131nda kaybolurken, hayatta kalmak bir l\u00fcks h\u00e2line gelmi\u015fti. Bu \u00e7etin ko\u015fullarda hayatta kalma m\u00fccadelesi veren \u00fc\u00e7 arkada\u015f, d\u00fcnyay\u0131 yeniden \u015fekillendiren bu zorlu d\u00f6nemin merkezinde bulurlar kendilerini.    Buzul \u00c7a\u011f\u0131\u2019na D\u00f6n\u00fc\u015f, insanl\u0131\u011f\u0131n hayal k\u0131r\u0131kl\u0131\u011f\u0131na u\u011fram\u0131\u015f gelece\u011fiyle y\u00fczle\u015fmesini, dostluk, cesaret ve hayatta kalma arzusu ile harmanlayan soluksuz bir ser\u00fcven sunuyor. D\u00fcnya art\u0131k bildi\u011fimiz yer de\u011fil, ama yine de umut, buzlar\u0131n alt\u0131nda parlamaya devam ediyor&#8230; <\/p>\n","protected":false},"excerpt":{"rendered":"<p>2100 y\u0131l\u0131na gelindi\u011finde, insanl\u0131\u011f\u0131n hayal etti\u011fi gelecek yerini \u00e7ok daha karanl\u0131k bir ger\u00e7e\u011fe b\u0131rakm\u0131\u015ft\u0131. \u0130klim de\u011fi\u015fiklikleriyle ba\u015f edilememi\u015f, k\u00fcresel \u0131s\u0131nman\u0131n yerini dondurucu bir so\u011fuk ve bitmeyen<span class=\"excerpt-hellip\"> [\u2026]<\/span><\/p>\n","protected":false},"featured_media":0,"template":"","meta":{"_monsterinsights_skip_tracking":false,"_monsterinsights_sitenote_active":false,"_monsterinsights_sitenote_note":"","_monsterinsights_sitenote_category":0},"product_brand":[],"product_cat":[12274,12284],"product_tag":[],"class_list":{"0":"post-766069","1":"product","2":"type-product","3":"status-publish","5":"product_cat-cocuk-ve-genclik-kitaplari","6":"product_cat-hikayeler","7":"pa_cilt-ciltsiz","8":"pa_tur-kitap","9":"pa_yayinevi-servet-yayinevi","10":"pa_yazar-gokhan-sozugecen","12":"first","13":"instock","14":"sale","15":"shipping-taxable","16":"purchasable","17":"product-type-simple"},"_links":{"self":[{"href":"https:\/\/roveyayinevi.com.tr\/index.php\/wp-json\/wp\/v2\/product\/766069","targetHints":{"allow":["GET"]}}],"collection":[{"href":"https:\/\/roveyayinevi.com.tr\/index.php\/wp-json\/wp\/v2\/product"}],"about":[{"href":"https:\/\/roveyayinevi.com.tr\/index.php\/wp-json\/wp\/v2\/types\/product"}],"wp:attachment":[{"href":"https:\/\/roveyayinevi.com.tr\/index.php\/wp-json\/wp\/v2\/media?parent=766069"}],"wp:term":[{"taxonomy":"product_brand","embeddable":true,"href":"https:\/\/roveyayinevi.com.tr\/index.php\/wp-json\/wp\/v2\/product_brand?post=766069"},{"taxonomy":"product_cat","embeddable":true,"href":"https:\/\/roveyayinevi.com.tr\/index.php\/wp-json\/wp\/v2\/product_cat?post=766069"},{"taxonomy":"product_tag","embeddable":true,"href":"https:\/\/roveyayinevi.com.tr\/index.php\/wp-json\/wp\/v2\/product_tag?post=766069"}],"curies":[{"name":"wp","href":"https:\/\/api.w.org\/{rel}","templated":true}]}}