{"id":766066,"date":"2025-08-28T12:01:06","date_gmt":"2025-08-28T09:01:06","guid":{"rendered":"https:\/\/roveyayinevi.com.tr\/index.php\/urun\/antikomunist-sebeke\/"},"modified":"2026-04-15T03:32:03","modified_gmt":"2026-04-15T00:32:03","slug":"antikomunist-sebeke","status":"publish","type":"product","link":"https:\/\/roveyayinevi.com.tr\/index.php\/urun\/antikomunist-sebeke\/","title":{"rendered":"Antikom\u00fcnist \u015eebeke"},"content":{"rendered":"<p>T\u00fcrkiye\u2019de milliyet\u00e7ili\u011fin, sa\u011f\u0131n ve antikom\u00fcnizmin tarihine ili\u015fkin kitaplar\u0131 ve biyografi \u00e7al\u0131\u015fmalar\u0131yla tan\u0131d\u0131\u011f\u0131m\u0131z Fatih Ya\u015fl\u0131, bu kez, T\u00fcrkiye\u2019de y\u00f6netici s\u0131n\u0131f\u0131n hegemonya krizleriyle dinselle\u015fme aras\u0131ndaki tarihsel ili\u015fkiye \u0131\u015f\u0131k tutuyor. \u2018\u20181923 paradigmas\u0131 nas\u0131l \u00e7\u00f6kt\u00fc, Cumhuriyet neden y\u0131k\u0131ld\u0131?\u2019\u2019 sorusundan yola \u00e7\u0131kan Ya\u015fl\u0131, T\u00fcrkiye\u2019de d\u00fczenin \u00fc\u00e7 farkl\u0131 d\u00f6neme\u00e7te ya\u015fad\u0131\u011f\u0131 hegemonya krizlerini a\u015fabilmek i\u00e7in devletle T\u00fcrk sa\u011f\u0131 aras\u0131nda bir mutabakat kuruldu\u011funu ve bu mutabakat\u0131n da temelini antikom\u00fcnizmin olu\u015fturdu\u011funu ileri s\u00fcr\u00fcyor. Bu mutabakat\u0131n bir \u00fcr\u00fcn\u00fc olarak 1946-1980 y\u0131llar\u0131 aras\u0131nda T\u00fcrkiye\u2019de ki\u015fileriyle, yay\u0131nlar\u0131yla ve \u00f6rg\u00fctleriyle antikom\u00fcnist bir \u015febekenin ortaya \u00e7\u0131kt\u0131\u011f\u0131n\u0131 savunan Ya\u015fl\u0131, 2000\u2019li y\u0131llardan ba\u015flayarak ya\u015fanan tedrici rejim de\u011fi\u015fikli\u011fini anlamak i\u00e7in bu antikom\u00fcnist \u015febekeyi merkeze alan bir tarih okumas\u0131na ihtiyac\u0131m\u0131z oldu\u011funa dikkat \u00e7ekiyor. Kom\u00fcnizmle M\u00fccadele Dernekleri\u2019nden \u0130lim Yayma Cemiyeti\u2019ne, B\u00fcy\u00fck Do\u011fu dergisinden Milliyet\u00e7iler Derne\u011fi\u2019ne, Milli T\u00fcrk Talebe Birli\u011fi\u2019nden Ayd\u0131nlar Oca\u011f\u0131\u2019na bir \u015febekenin ad\u0131m ad\u0131m in\u015fa edili\u015fini g\u00f6zler \u00f6n\u00fcne seren \u00e7al\u0131\u015fma, bu gelene\u011fin AKP\u2019nin kurmaya \u00e7al\u0131\u015ft\u0131\u011f\u0131 yeni rejim \u00fczerindeki siyasi ve ideolojik etkisini \u00e7arp\u0131c\u0131 ve berrak bir \u015fekilde ortaya koyuyor. Antikom\u00fcnist \u015eebeke, T\u00fcrk sa\u011f\u0131n\u0131n \u015feceresini \u00e7\u0131karmaya y\u00f6nelik kapsaml\u0131 bir \u00e7al\u0131\u015fma olman\u0131n \u00f6tesinde, T\u00fcrkiye tarihini tarihsel maddeci\/s\u0131n\u0131fsal bir perspektiften okuma \u00e7abalar\u0131na ufuk a\u00e7\u0131c\u0131 bir katk\u0131da bulunarak, deneyimlemeye devam etti\u011fimiz \u015fiddetli hegemonya bunal\u0131m\u0131n\u0131 anlamaya ve a\u00e7\u0131klamaya y\u00f6nelik yeni bir pencere a\u00e7\u0131yor.<\/p>\n","protected":false},"excerpt":{"rendered":"<p>T\u00fcrkiye\u2019de milliyet\u00e7ili\u011fin, sa\u011f\u0131n ve antikom\u00fcnizmin tarihine ili\u015fkin kitaplar\u0131 ve biyografi \u00e7al\u0131\u015fmalar\u0131yla tan\u0131d\u0131\u011f\u0131m\u0131z Fatih Ya\u015fl\u0131, bu kez, T\u00fcrkiye\u2019de y\u00f6netici s\u0131n\u0131f\u0131n hegemonya krizleriyle dinselle\u015fme aras\u0131ndaki tarihsel ili\u015fkiye \u0131\u015f\u0131k<span class=\"excerpt-hellip\"> [\u2026]<\/span><\/p>\n","protected":false},"featured_media":0,"template":"","meta":{"_monsterinsights_skip_tracking":false,"_monsterinsights_sitenote_active":false,"_monsterinsights_sitenote_note":"","_monsterinsights_sitenote_category":0},"product_brand":[],"product_cat":[13590,12337],"product_tag":[],"class_list":{"0":"post-766066","1":"product","2":"type-product","3":"status-publish","5":"product_cat-arastirma-inceleme-politika-siyaset","6":"product_cat-politika-siyaset","7":"pa_cilt-ciltsiz","8":"pa_tur-kitap","9":"pa_yayinevi-yordam-kitap","10":"pa_yazar-fatih-yasli","12":"first","13":"instock","14":"sale","15":"shipping-taxable","16":"purchasable","17":"product-type-simple"},"_links":{"self":[{"href":"https:\/\/roveyayinevi.com.tr\/index.php\/wp-json\/wp\/v2\/product\/766066","targetHints":{"allow":["GET"]}}],"collection":[{"href":"https:\/\/roveyayinevi.com.tr\/index.php\/wp-json\/wp\/v2\/product"}],"about":[{"href":"https:\/\/roveyayinevi.com.tr\/index.php\/wp-json\/wp\/v2\/types\/product"}],"wp:attachment":[{"href":"https:\/\/roveyayinevi.com.tr\/index.php\/wp-json\/wp\/v2\/media?parent=766066"}],"wp:term":[{"taxonomy":"product_brand","embeddable":true,"href":"https:\/\/roveyayinevi.com.tr\/index.php\/wp-json\/wp\/v2\/product_brand?post=766066"},{"taxonomy":"product_cat","embeddable":true,"href":"https:\/\/roveyayinevi.com.tr\/index.php\/wp-json\/wp\/v2\/product_cat?post=766066"},{"taxonomy":"product_tag","embeddable":true,"href":"https:\/\/roveyayinevi.com.tr\/index.php\/wp-json\/wp\/v2\/product_tag?post=766066"}],"curies":[{"name":"wp","href":"https:\/\/api.w.org\/{rel}","templated":true}]}}