{"id":766065,"date":"2025-08-28T12:01:05","date_gmt":"2025-08-28T09:01:05","guid":{"rendered":"https:\/\/roveyayinevi.com.tr\/index.php\/urun\/turkiyede-sinif-mucadeleleri-cilt-2\/"},"modified":"2026-04-15T03:31:43","modified_gmt":"2026-04-15T00:31:43","slug":"turkiyede-sinif-mucadeleleri-cilt-2","status":"publish","type":"product","link":"https:\/\/roveyayinevi.com.tr\/index.php\/urun\/turkiyede-sinif-mucadeleleri-cilt-2\/","title":{"rendered":"T\u00fcrkiye\u2019de S\u0131n\u0131f M\u00fccadeleleri Cilt: 2"},"content":{"rendered":"<p>B\u00fcy\u00fck kentlerimizin, ekonomik durumu iyi, e\u011fitimi y\u00fcksek n\u00fcfusu nezdinde bir ara\u015ft\u0131rma yap\u0131lsa \u00fclkenin son \u00e7eyrek y\u00fczy\u0131l boyunca i\u00e7inden ge\u00e7mekte oldu\u011fu d\u00f6neme ili\u015fkin \u015fu yarg\u0131ya ula\u015facak insan oran\u0131 \u00e7ok y\u00fcksek \u00e7\u0131kacakt\u0131r: \u201cT\u00fcrkiye hi\u00e7 b\u00f6ylesine k\u00f6t\u00fc bir d\u00f6nemden ge\u00e7memi\u015fti.\u201d Sungur Savran tersini s\u00f6yl\u00fcyor: En az bug\u00fcnk\u00fc kadar k\u00f6t\u00fc bir d\u00f6nemden ge\u00e7mi\u015fti. \u00dcstelik bug\u00fcn ya\u015fanan b\u00fct\u00fcn gericiliklerin k\u00f6kleri de o d\u00f6nemde yat\u0131yor. O d\u00f6nem 12 Eyl\u00fcl\u2019d\u00fcr, yazar\u0131n kulland\u0131\u011f\u0131 terimle \u201c12 Eyl\u00fcl kar\u015f\u0131devrimi\u201ddir. Bu kitab\u0131n birinci cildi ilk kez 1992\u2019de bas\u0131lm\u0131\u015ft\u0131. Bug\u00fcne kadar be\u015f bask\u0131 yapan birinci cilt, 1908-1980 aras\u0131 T\u00fcrkiye\u2019sini s\u0131n\u0131f m\u00fccadelelerini merkeze alarak inceliyordu. Uzun bir bekleyi\u015ften sonra yay\u0131nlanmakta olan ikinci cilt, hik\u00e2yeyi 1980\u2019den yirminci y\u00fczy\u0131l\u0131n sonuna getiriyor. Kitab\u0131n \u00fc\u00e7\u00fcnc\u00fc ve son cildi ise 2025 y\u0131l\u0131 i\u00e7inde yay\u0131nlanacak. Erdo\u011fan ve AKP h\u00e2kimiyetinde ge\u00e7en son \u00e7eyrek y\u00fczy\u0131l\u0131, cumhuriyet d\u00f6neminin b\u00fct\u00fcn\u00fc ile ili\u015fkisi \u00e7er\u00e7evesinde ve d\u00fcnyan\u0131n bug\u00fcn ya\u015fad\u0131\u011f\u0131 gerici ortamla b\u00fct\u00fcnl\u00fc\u011f\u00fc i\u00e7inde de\u011ferlendirecek. Kitab\u0131n elinizdeki ikinci cildi, 12 Eyl\u00fcl kar\u015f\u0131devriminin T\u00fcrkiye tarihinde esas d\u00f6n\u00fcm noktas\u0131 oldu\u011funu ortaya koymay\u0131 hedefliyor. Yazara g\u00f6re Erdo\u011fan d\u00f6nemini anlamak i\u00e7in \u00f6nce Kenan Evren-Turgut \u00d6zal d\u00f6nemini anlamak gerekiyor. Kitab\u0131n bu cildi de aynen birinci cilt gibi hem T\u00fcrk hem K\u00fcrt solu \u00fczerinde \u00e7ok b\u00fcy\u00fck etki yapm\u0131\u015f olan sol liberal ideolojinin ve onun kendine has\u0131m olarak bellemi\u015f oldu\u011fu sol Kemalizmin, bunlar\u0131n her ikisini de kar\u015f\u0131s\u0131na alan bir \u00fc\u00e7\u00fcnc\u00fc pozisyondan, Marksist s\u0131n\u0131f m\u00fccadeleleri perspektifinden ele\u015ftirisini anlat\u0131m\u0131n merkezine yerle\u015ftiriyor. <\/p>\n","protected":false},"excerpt":{"rendered":"<p>B\u00fcy\u00fck kentlerimizin, ekonomik durumu iyi, e\u011fitimi y\u00fcksek n\u00fcfusu nezdinde bir ara\u015ft\u0131rma yap\u0131lsa \u00fclkenin son \u00e7eyrek y\u00fczy\u0131l boyunca i\u00e7inden ge\u00e7mekte oldu\u011fu d\u00f6neme ili\u015fkin \u015fu yarg\u0131ya ula\u015facak insan<span class=\"excerpt-hellip\"> [\u2026]<\/span><\/p>\n","protected":false},"featured_media":0,"template":"","meta":{"_monsterinsights_skip_tracking":false,"_monsterinsights_sitenote_active":false,"_monsterinsights_sitenote_note":"","_monsterinsights_sitenote_category":0},"product_brand":[],"product_cat":[13590,12337],"product_tag":[],"class_list":{"0":"post-766065","1":"product","2":"type-product","3":"status-publish","5":"product_cat-arastirma-inceleme-politika-siyaset","6":"product_cat-politika-siyaset","7":"pa_cilt-ciltsiz","8":"pa_tur-kitap","9":"pa_yayinevi-yordam-kitap","10":"pa_yazar-sungur-savran","12":"first","13":"instock","14":"sale","15":"shipping-taxable","16":"purchasable","17":"product-type-simple"},"_links":{"self":[{"href":"https:\/\/roveyayinevi.com.tr\/index.php\/wp-json\/wp\/v2\/product\/766065","targetHints":{"allow":["GET"]}}],"collection":[{"href":"https:\/\/roveyayinevi.com.tr\/index.php\/wp-json\/wp\/v2\/product"}],"about":[{"href":"https:\/\/roveyayinevi.com.tr\/index.php\/wp-json\/wp\/v2\/types\/product"}],"wp:attachment":[{"href":"https:\/\/roveyayinevi.com.tr\/index.php\/wp-json\/wp\/v2\/media?parent=766065"}],"wp:term":[{"taxonomy":"product_brand","embeddable":true,"href":"https:\/\/roveyayinevi.com.tr\/index.php\/wp-json\/wp\/v2\/product_brand?post=766065"},{"taxonomy":"product_cat","embeddable":true,"href":"https:\/\/roveyayinevi.com.tr\/index.php\/wp-json\/wp\/v2\/product_cat?post=766065"},{"taxonomy":"product_tag","embeddable":true,"href":"https:\/\/roveyayinevi.com.tr\/index.php\/wp-json\/wp\/v2\/product_tag?post=766065"}],"curies":[{"name":"wp","href":"https:\/\/api.w.org\/{rel}","templated":true}]}}