{"id":766064,"date":"2025-08-28T12:01:04","date_gmt":"2025-08-28T09:01:04","guid":{"rendered":"https:\/\/roveyayinevi.com.tr\/index.php\/urun\/osmanli-tasvir-sanatlari-2-carsi-ressamlari\/"},"modified":"2026-04-15T03:31:43","modified_gmt":"2026-04-15T00:31:43","slug":"osmanli-tasvir-sanatlari-2-carsi-ressamlari","status":"publish","type":"product","link":"https:\/\/roveyayinevi.com.tr\/index.php\/urun\/osmanli-tasvir-sanatlari-2-carsi-ressamlari\/","title":{"rendered":"Osmanl\u0131 Tasvir Sanatlar\u0131 2: \u00c7ar\u015f\u0131 Ressamlar\u0131"},"content":{"rendered":"<p>Metin And, 1985\u2019te yay\u0131mlad\u0131\u011f\u0131 bir yaz\u0131da \u201c\u00c7ar\u015f\u0131 Ressamlar\u0131\u201d deyimini ilk kez kulland\u0131\u011f\u0131 zaman, hem sanat tarihi terimlerimize yeni bir kavram eklemi\u015f hem de bu sanat\u00e7\u0131lar\u0131n d\u00fcnyas\u0131n\u0131, nas\u0131l \u00e7al\u0131\u015ft\u0131klar\u0131n\u0131, neleri resmettiklerini, bu eserlerin nerelerde bulundu\u011funu, sanat ve k\u00fclt\u00fcr tarihi ara\u015ft\u0131rmalar\u0131nda bunlardan nas\u0131l yararlan\u0131laca\u011f\u0131n\u0131 \u00f6rnekleriyle g\u00f6stermi\u015fti. 2007\u2019ye kadar devam eden bu yaz\u0131lar, yer yer tekrarlanan i\u00e7erikleriyle bir tan\u0131tma, benimsetme ve bilgilendirme \u00e7al\u0131\u015fmas\u0131n\u0131n uzant\u0131s\u0131 olarak anla\u015f\u0131lmal\u0131d\u0131r.   \u00c7ar\u015f\u0131 Ressamlar\u0131 ve eserleri ba\u015flang\u0131\u00e7ta minyat\u00fcrlerle birlikte an\u0131lm\u0131\u015f, ilk \u00f6rnekleri yay\u0131mlayan F. Taeschner de bu resimleri minyat\u00fcr olarak adland\u0131rm\u0131\u015f, ayr\u0131 bir ad verme ihtiyac\u0131 duymam\u0131\u015ft\u0131r. Bunlar\u0131 benzerlerinden ay\u0131rmay\u0131, tasvir sanatlar\u0131n\u0131n farkl\u0131 bir dal\u0131 olarak tan\u0131tmaya \u00e7al\u0131\u015fmay\u0131 ilk kez Metin And denemi\u015f, d\u00fcnyan\u0131n d\u00f6rt bir yan\u0131na da\u011f\u0131lm\u0131\u015f olan \u201c\u00c7ar\u015f\u0131 Resmi Alb\u00fcmleri\u201dnin g\u00f6r\u00fcnt\u00fclerini binbir g\u00fc\u00e7l\u00fckle temin ederek yaz\u0131lar\u0131nda, kitaplar\u0131nda kullanm\u0131\u015ft\u0131r.   Osmanl\u0131 Tasvir Sanatlar\u0131 2: \u00c7ar\u015f\u0131 Ressamlar\u0131, 1985-2007 aras\u0131nda yay\u0131mlanm\u0131\u015f on iki makale ve T\u00fcl\u00fcn De\u011firmenci\u2019nin uzun bir giri\u015f yaz\u0131s\u0131yla muhtasar bir Alb\u00fcm\u2019den olu\u015fuyor. And\u2019\u0131n hayat\u0131 boyunca tutkuyla pe\u015flerinden ko\u015ftu\u011fu tasvirler ve yaz\u0131lar, onun yaz\u0131lm\u0131\u015f ama yok olmu\u015f ya da hi\u00e7bir zaman yaz\u0131lamam\u0131\u015f kitab\u0131n\u0131n ayak sesleri yaln\u0131zca\u2026 <\/p>\n","protected":false},"excerpt":{"rendered":"<p>Metin And, 1985\u2019te yay\u0131mlad\u0131\u011f\u0131 bir yaz\u0131da \u201c\u00c7ar\u015f\u0131 Ressamlar\u0131\u201d deyimini ilk kez kulland\u0131\u011f\u0131 zaman, hem sanat tarihi terimlerimize yeni bir kavram eklemi\u015f hem de bu sanat\u00e7\u0131lar\u0131n d\u00fcnyas\u0131n\u0131,<span class=\"excerpt-hellip\"> [\u2026]<\/span><\/p>\n","protected":false},"featured_media":0,"template":"","meta":{"_monsterinsights_skip_tracking":false,"_monsterinsights_sitenote_active":false,"_monsterinsights_sitenote_note":"","_monsterinsights_sitenote_category":0},"product_brand":[],"product_cat":[12408],"product_tag":[],"class_list":{"0":"post-766064","1":"product","2":"type-product","3":"status-publish","5":"product_cat-sanat","6":"pa_cilt-ciltsiz","7":"pa_tur-kitap","8":"pa_yayinevi-yapi-kredi-yayinlari-sanat","9":"pa_yazar-metin-and","11":"first","12":"instock","13":"sale","14":"shipping-taxable","15":"purchasable","16":"product-type-simple"},"_links":{"self":[{"href":"https:\/\/roveyayinevi.com.tr\/index.php\/wp-json\/wp\/v2\/product\/766064","targetHints":{"allow":["GET"]}}],"collection":[{"href":"https:\/\/roveyayinevi.com.tr\/index.php\/wp-json\/wp\/v2\/product"}],"about":[{"href":"https:\/\/roveyayinevi.com.tr\/index.php\/wp-json\/wp\/v2\/types\/product"}],"wp:attachment":[{"href":"https:\/\/roveyayinevi.com.tr\/index.php\/wp-json\/wp\/v2\/media?parent=766064"}],"wp:term":[{"taxonomy":"product_brand","embeddable":true,"href":"https:\/\/roveyayinevi.com.tr\/index.php\/wp-json\/wp\/v2\/product_brand?post=766064"},{"taxonomy":"product_cat","embeddable":true,"href":"https:\/\/roveyayinevi.com.tr\/index.php\/wp-json\/wp\/v2\/product_cat?post=766064"},{"taxonomy":"product_tag","embeddable":true,"href":"https:\/\/roveyayinevi.com.tr\/index.php\/wp-json\/wp\/v2\/product_tag?post=766064"}],"curies":[{"name":"wp","href":"https:\/\/api.w.org\/{rel}","templated":true}]}}