{"id":766061,"date":"2025-08-28T12:00:58","date_gmt":"2025-08-28T09:00:58","guid":{"rendered":"https:\/\/roveyayinevi.com.tr\/index.php\/urun\/en-kotu-hafta-sali\/"},"modified":"2026-04-15T03:31:42","modified_gmt":"2026-04-15T00:31:42","slug":"en-kotu-hafta-sali","status":"publish","type":"product","link":"https:\/\/roveyayinevi.com.tr\/index.php\/urun\/en-kotu-hafta-sali\/","title":{"rendered":"En K\u00f6t\u00fc Hafta \u2013 Sal\u0131"},"content":{"rendered":"<p>Hi\u00e7 daha \u00f6nce K\u00d6T\u00dc B\u0130R HAFTA ge\u00e7irdi\u011fin oldu mu?   Justin Chase ge\u00e7irdi, i\u015fte bu da kan\u0131t\u0131!   PAZARTES\u0130 ile ba\u015fa \u00e7\u0131kabilmi\u015fti, ancak s\u0131rada SALI var!   Kedisi h\u00e2l\u00e2 kay\u0131p, b\u00fcy\u00fck ihtimalle uzayl\u0131lar taraf\u0131ndan ka\u00e7\u0131r\u0131ld\u0131. Babas\u0131 her zamankinden daha can s\u0131k\u0131c\u0131. \u0130nternette hi\u00e7 beklemedi\u011fi anda berbat \u015fekilde viral oldu. Ve okuldaki toplu foto\u011fraf \u00e7ekimi Fevkalede Fen Tak\u0131m\u0131\u2019n\u0131n etkinli\u011fiyle \u00e7ak\u0131\u015f\u0131nca bir sa\u00e7 facias\u0131na yol a\u00e7t\u0131.     \u201cSALI sallan\u0131yor.\u201d Eva Amores   \u201cEn K\u00f6t\u00fc Hafta m\u0131? Daha \u00e7ok EN \u0130Y\u0130 K\u0130TAP gibi.\u201d  Matt Cosgrove   \u201cEbeveynlerimiz hakk\u0131nda \u00e7ok ama \u00e7ok ciddi hayal k\u0131r\u0131kl\u0131\u011f\u0131 ya\u015f\u0131yoruz.\u201d Eva ve Matt\u2019in \u00e7ocuklar\u0131 <\/p>\n","protected":false},"excerpt":{"rendered":"<p>Hi\u00e7 daha \u00f6nce K\u00d6T\u00dc B\u0130R HAFTA ge\u00e7irdi\u011fin oldu mu? Justin Chase ge\u00e7irdi, i\u015fte bu da kan\u0131t\u0131! PAZARTES\u0130 ile ba\u015fa \u00e7\u0131kabilmi\u015fti, ancak s\u0131rada SALI var! Kedisi h\u00e2l\u00e2<span class=\"excerpt-hellip\"> [\u2026]<\/span><\/p>\n","protected":false},"featured_media":0,"template":"","meta":{"_monsterinsights_skip_tracking":false,"_monsterinsights_sitenote_active":false,"_monsterinsights_sitenote_note":"","_monsterinsights_sitenote_category":0},"product_brand":[],"product_cat":[12275,12274],"product_tag":[],"class_list":{"0":"post-766061","1":"product","2":"type-product","3":"status-publish","5":"product_cat-6-12-yas-kitaplari","6":"product_cat-cocuk-ve-genclik-kitaplari","7":"pa_cilt-ciltsiz","8":"pa_tur-kitap","9":"pa_yayinevi-yapi-kredi-yayinlari","10":"pa_yazar-eva-amores-matt-cosgrove","12":"first","13":"instock","14":"sale","15":"shipping-taxable","16":"purchasable","17":"product-type-simple"},"_links":{"self":[{"href":"https:\/\/roveyayinevi.com.tr\/index.php\/wp-json\/wp\/v2\/product\/766061","targetHints":{"allow":["GET"]}}],"collection":[{"href":"https:\/\/roveyayinevi.com.tr\/index.php\/wp-json\/wp\/v2\/product"}],"about":[{"href":"https:\/\/roveyayinevi.com.tr\/index.php\/wp-json\/wp\/v2\/types\/product"}],"wp:attachment":[{"href":"https:\/\/roveyayinevi.com.tr\/index.php\/wp-json\/wp\/v2\/media?parent=766061"}],"wp:term":[{"taxonomy":"product_brand","embeddable":true,"href":"https:\/\/roveyayinevi.com.tr\/index.php\/wp-json\/wp\/v2\/product_brand?post=766061"},{"taxonomy":"product_cat","embeddable":true,"href":"https:\/\/roveyayinevi.com.tr\/index.php\/wp-json\/wp\/v2\/product_cat?post=766061"},{"taxonomy":"product_tag","embeddable":true,"href":"https:\/\/roveyayinevi.com.tr\/index.php\/wp-json\/wp\/v2\/product_tag?post=766061"}],"curies":[{"name":"wp","href":"https:\/\/api.w.org\/{rel}","templated":true}]}}