{"id":766060,"date":"2025-08-28T12:00:56","date_gmt":"2025-08-28T09:00:56","guid":{"rendered":"https:\/\/roveyayinevi.com.tr\/index.php\/urun\/en-kotu-hafta-pazartesi\/"},"modified":"2026-04-15T03:31:42","modified_gmt":"2026-04-15T00:31:42","slug":"en-kotu-hafta-pazartesi","status":"publish","type":"product","link":"https:\/\/roveyayinevi.com.tr\/index.php\/urun\/en-kotu-hafta-pazartesi\/","title":{"rendered":"En K\u00f6t\u00fc Hafta \u2013 Pazartesi"},"content":{"rendered":"<p>Hi\u00e7 daha \u00f6nce K\u00d6T\u00dc B\u0130R HAFTA ge\u00e7irdi\u011fin oldu mu?   Justin Chase ge\u00e7irdi, \u0130\u015fte bu da kan\u0131t\u0131!   Annesi bir vampir ile evlendi. Babas\u0131 tekerlekli devasa bir tuvalet s\u00fcr\u00fcyor. Kedisi b\u00fcy\u00fck olas\u0131l\u0131kla uzayl\u0131lar taraf\u0131ndan ka\u00e7\u0131r\u0131ld\u0131. Zorba bir \u00e7ocuk okulun ilk g\u00fcn\u00fcn\u00fc tam bir eziyete \u00e7evirdi. \u015eimdi ise Justin on metre y\u00fcksekli\u011findeki atlama tahtas\u0131n\u0131n ucunda, s\u00f6k\u00fclmeye ba\u015flayan \u00f6rg\u00fc mayosuyla t\u00fcm s\u0131n\u0131f\u0131n g\u00f6z\u00fc \u00f6n\u00fcnde as\u0131l\u0131 kalm\u0131\u015f.   \u00dcstelik bug\u00fcn daha Pazartesi!     \u201cPAZARTES\u0130 ger\u00e7ekten de \u00e7orap gibi kokuyor.\u201d Eva Amores   \u201cEn K\u00f6t\u00fc Hafta m\u0131? Daha \u00e7ok EN \u0130Y\u0130 K\u0130TAP gibi.\u201d Matt Cosgrove   \u201cEbeveynlerimiz hakk\u0131nda ciddi hayal k\u0131r\u0131kl\u0131\u011f\u0131 ya\u015f\u0131yoruz.\u201d Eva ve Matt\u2019in \u00e7ocuklar\u0131 <\/p>\n","protected":false},"excerpt":{"rendered":"<p>Hi\u00e7 daha \u00f6nce K\u00d6T\u00dc B\u0130R HAFTA ge\u00e7irdi\u011fin oldu mu? Justin Chase ge\u00e7irdi, \u0130\u015fte bu da kan\u0131t\u0131! Annesi bir vampir ile evlendi. Babas\u0131 tekerlekli devasa bir tuvalet<span class=\"excerpt-hellip\"> [\u2026]<\/span><\/p>\n","protected":false},"featured_media":0,"template":"","meta":{"_monsterinsights_skip_tracking":false,"_monsterinsights_sitenote_active":false,"_monsterinsights_sitenote_note":"","_monsterinsights_sitenote_category":0},"product_brand":[],"product_cat":[12275,12274],"product_tag":[],"class_list":{"0":"post-766060","1":"product","2":"type-product","3":"status-publish","5":"product_cat-6-12-yas-kitaplari","6":"product_cat-cocuk-ve-genclik-kitaplari","7":"pa_cilt-ciltsiz","8":"pa_tur-kitap","9":"pa_yayinevi-yapi-kredi-yayinlari","10":"pa_yazar-eva-amores-matt-cosgrove","12":"first","13":"instock","14":"sale","15":"shipping-taxable","16":"purchasable","17":"product-type-simple"},"_links":{"self":[{"href":"https:\/\/roveyayinevi.com.tr\/index.php\/wp-json\/wp\/v2\/product\/766060","targetHints":{"allow":["GET"]}}],"collection":[{"href":"https:\/\/roveyayinevi.com.tr\/index.php\/wp-json\/wp\/v2\/product"}],"about":[{"href":"https:\/\/roveyayinevi.com.tr\/index.php\/wp-json\/wp\/v2\/types\/product"}],"wp:attachment":[{"href":"https:\/\/roveyayinevi.com.tr\/index.php\/wp-json\/wp\/v2\/media?parent=766060"}],"wp:term":[{"taxonomy":"product_brand","embeddable":true,"href":"https:\/\/roveyayinevi.com.tr\/index.php\/wp-json\/wp\/v2\/product_brand?post=766060"},{"taxonomy":"product_cat","embeddable":true,"href":"https:\/\/roveyayinevi.com.tr\/index.php\/wp-json\/wp\/v2\/product_cat?post=766060"},{"taxonomy":"product_tag","embeddable":true,"href":"https:\/\/roveyayinevi.com.tr\/index.php\/wp-json\/wp\/v2\/product_tag?post=766060"}],"curies":[{"name":"wp","href":"https:\/\/api.w.org\/{rel}","templated":true}]}}