{"id":766057,"date":"2025-08-28T12:00:51","date_gmt":"2025-08-28T09:00:51","guid":{"rendered":"https:\/\/roveyayinevi.com.tr\/index.php\/urun\/karialilar-kucuk-boy\/"},"modified":"2026-04-15T03:31:42","modified_gmt":"2026-04-15T00:31:42","slug":"karialilar-kucuk-boy","status":"publish","type":"product","link":"https:\/\/roveyayinevi.com.tr\/index.php\/urun\/karialilar-kucuk-boy\/","title":{"rendered":"Karial\u0131lar  (K\u00fc\u00e7\u00fck Boy)"},"content":{"rendered":"<p>Karial\u0131lar &#8211; Denizcilerden Kent Kuruculara, Karia B\u00f6lgesi\u2019nin prehistorik \u00e7a\u011flara tarihlenen en erken yerle\u015fimlerinden Ge\u00e7 Osmanl\u0131 D\u00f6nemi\u2019ne uzanan arkeolojik ve tarihi ge\u00e7mi\u015fi hakk\u0131nda bug\u00fcne dek yap\u0131lm\u0131\u015f \u00e7al\u0131\u015fmalar\u0131n ve g\u00fcncel ara\u015ft\u0131rmalar\u0131n bir \u00f6zetini i\u00e7ermektedir. Anadolu Yar\u0131madas\u0131\u2019n\u0131n g\u00fcneybat\u0131 kesiminde yer alan ve Antik\u00e7a\u011f \u2019da Karia olarak bilinen co\u011frafi b\u00f6lgenin kuzey s\u0131n\u0131r\u0131n\u0131 B\u00fcy\u00fck Menderes Vadisi, do\u011fu s\u0131n\u0131r\u0131n\u0131 Dalaman \u00c7ay\u0131 belirler.   M\u00d6 2. biny\u0131la tarihlenen yaz\u0131l\u0131 kaynaklarda bir\u00e7ok kez ad\u0131 ge\u00e7en Karial\u0131lar\u0131n, Hitit istilalar\u0131 kar\u015f\u0131s\u0131nda Anadolu halklar\u0131n\u0131 destekledikleri ancak daha sonra M\u0131s\u0131rl\u0131lar kar\u015f\u0131s\u0131nda Hititlerin yan\u0131nda yer ald\u0131klar\u0131 g\u00f6r\u00fcl\u00fcr. Karial\u0131lar\u0131n ad\u0131, t\u00fcm Akdeniz\u2019de ge\u00e7tikleri yerleri talan ederek Ge\u00e7 Tun\u00e7 \u00c7a\u011f\u0131\u2019n\u0131n g\u00fc\u00e7l\u00fc imparatorluklar\u0131n\u0131n \u00e7\u00f6k\u00fc\u015f\u00fcne katk\u0131da bulunan efsanevi \u201cDeniz Kavimleri\u201d aras\u0131nda da an\u0131l\u0131r. \u0130lerleyen d\u00f6nemlerde, Homeros Karial\u0131lar\u0131n Yunanlara kar\u015f\u0131 Troia kentini savunmaya gelen halklar aras\u0131nda yer ald\u0131\u011f\u0131ndan bahsederken \u201csava\u015fmaya bir k\u0131z gibi alt\u0131nlarla s\u00fcsl\u00fc geldiler\u201d s\u00f6zleriyle Karial\u0131lar\u0131n zenginli\u011fini vurgular. <\/p>\n","protected":false},"excerpt":{"rendered":"<p>Karial\u0131lar &#8211; Denizcilerden Kent Kuruculara, Karia B\u00f6lgesi\u2019nin prehistorik \u00e7a\u011flara tarihlenen en erken yerle\u015fimlerinden Ge\u00e7 Osmanl\u0131 D\u00f6nemi\u2019ne uzanan arkeolojik ve tarihi ge\u00e7mi\u015fi hakk\u0131nda bug\u00fcne dek yap\u0131lm\u0131\u015f \u00e7al\u0131\u015fmalar\u0131n<span class=\"excerpt-hellip\"> [\u2026]<\/span><\/p>\n","protected":false},"featured_media":0,"template":"","meta":{"_monsterinsights_skip_tracking":false,"_monsterinsights_sitenote_active":false,"_monsterinsights_sitenote_note":"","_monsterinsights_sitenote_category":0},"product_brand":[],"product_cat":[12304],"product_tag":[],"class_list":{"0":"post-766057","1":"product","2":"type-product","3":"status-publish","5":"product_cat-tarih","6":"pa_cilt-ciltsiz","7":"pa_tur-kitap","8":"pa_yayinevi-yapi-kredi-yayinlari","9":"pa_yazar-olivier-c-henry-ayse-belgin-henry","11":"first","12":"instock","13":"sale","14":"shipping-taxable","15":"purchasable","16":"product-type-simple"},"_links":{"self":[{"href":"https:\/\/roveyayinevi.com.tr\/index.php\/wp-json\/wp\/v2\/product\/766057","targetHints":{"allow":["GET"]}}],"collection":[{"href":"https:\/\/roveyayinevi.com.tr\/index.php\/wp-json\/wp\/v2\/product"}],"about":[{"href":"https:\/\/roveyayinevi.com.tr\/index.php\/wp-json\/wp\/v2\/types\/product"}],"wp:attachment":[{"href":"https:\/\/roveyayinevi.com.tr\/index.php\/wp-json\/wp\/v2\/media?parent=766057"}],"wp:term":[{"taxonomy":"product_brand","embeddable":true,"href":"https:\/\/roveyayinevi.com.tr\/index.php\/wp-json\/wp\/v2\/product_brand?post=766057"},{"taxonomy":"product_cat","embeddable":true,"href":"https:\/\/roveyayinevi.com.tr\/index.php\/wp-json\/wp\/v2\/product_cat?post=766057"},{"taxonomy":"product_tag","embeddable":true,"href":"https:\/\/roveyayinevi.com.tr\/index.php\/wp-json\/wp\/v2\/product_tag?post=766057"}],"curies":[{"name":"wp","href":"https:\/\/api.w.org\/{rel}","templated":true}]}}