{"id":766054,"date":"2025-08-28T12:00:46","date_gmt":"2025-08-28T09:00:46","guid":{"rendered":"https:\/\/roveyayinevi.com.tr\/index.php\/urun\/dedektif-serife-kayip-golgeler-pesinde\/"},"modified":"2026-04-15T03:31:42","modified_gmt":"2026-04-15T00:31:42","slug":"dedektif-serife-kayip-golgeler-pesinde","status":"publish","type":"product","link":"https:\/\/roveyayinevi.com.tr\/index.php\/urun\/dedektif-serife-kayip-golgeler-pesinde\/","title":{"rendered":"Dedektif \u015eerife Kay\u0131p G\u00f6lgeler Pe\u015finde"},"content":{"rendered":"<p>Defne \u00e7ok sevdi\u011fi ba\u015fucu lambas\u0131n\u0131 a\u00e7t\u0131. Filler, zu\u0308rafalar ve zebralar havada u\u00e7u\u015fmaya ba\u015flad\u0131. Pijamas\u0131n\u0131 \u015fim\u015fek h\u0131z\u0131yla giydi.Heyecanla yata\u011fa z\u0131plad\u0131 ve u\u0308stu\u0308nu\u0308 \u00f6rterek annesine seslendi:\u201cHaz\u0131r\u0131m anne, hadi \u00e7abuk gel!\u201dHik\u00e2ye ve gizem du\u0308\u015fku\u0308nu\u0308 Defne, annesinin anlatt\u0131\u011f\u0131 Dedektif \u015eerife \u00f6yku\u0308lerine bay\u0131l\u0131r. Annesi Menek\u015fe\u2019den \u015eerife\u2019nin maceralar\u0131n\u0131 dinlemek i\u00e7in hafta sonlar\u0131n\u0131 iple \u00e7eker. K\u0131vrak zek\u00e2l\u0131 ve cesur \u015eerife ile sakarl\u0131kta s\u0131n\u0131r tan\u0131mayan yard\u0131mc\u0131s\u0131 Sardunya bu kez neyin pe\u015fine du\u0308\u015fecek acaba? Gizemli bir \u015fekilde ortadan kaybolan g\u00f6lgeler ve kay\u0131p bir bilim insan\u0131\u2026 Bu yeni macera tam da Defne\u2019nin a\u011fz\u0131na lay\u0131kt\u0131r.Ra\u015fel Meseri, Dedektif \u015eerife Kay\u0131p G\u00f6lgelerin \u0130zinde kitab\u0131yla hik\u00e2yemizin kahraman\u0131 Defne kadar merakl\u0131 okurlara hitap ediyor.<\/p>\n","protected":false},"excerpt":{"rendered":"<p>Defne \u00e7ok sevdi\u011fi ba\u015fucu lambas\u0131n\u0131 a\u00e7t\u0131. Filler, zu\u0308rafalar ve zebralar havada u\u00e7u\u015fmaya ba\u015flad\u0131. Pijamas\u0131n\u0131 \u015fim\u015fek h\u0131z\u0131yla giydi.Heyecanla yata\u011fa z\u0131plad\u0131 ve u\u0308stu\u0308nu\u0308 \u00f6rterek annesine seslendi:\u201cHaz\u0131r\u0131m anne, hadi<span class=\"excerpt-hellip\"> [\u2026]<\/span><\/p>\n","protected":false},"featured_media":0,"template":"","meta":{"_monsterinsights_skip_tracking":false,"_monsterinsights_sitenote_active":false,"_monsterinsights_sitenote_note":"","_monsterinsights_sitenote_category":0},"product_brand":[],"product_cat":[12274,12284],"product_tag":[],"class_list":{"0":"post-766054","1":"product","2":"type-product","3":"status-publish","5":"product_cat-cocuk-ve-genclik-kitaplari","6":"product_cat-hikayeler","7":"pa_cilt-ciltsiz","8":"pa_tur-kitap","9":"pa_yayinevi-dinozor-cocuk","10":"pa_yazar-rasel-meseri","12":"first","13":"instock","14":"sale","15":"shipping-taxable","16":"purchasable","17":"product-type-simple"},"_links":{"self":[{"href":"https:\/\/roveyayinevi.com.tr\/index.php\/wp-json\/wp\/v2\/product\/766054","targetHints":{"allow":["GET"]}}],"collection":[{"href":"https:\/\/roveyayinevi.com.tr\/index.php\/wp-json\/wp\/v2\/product"}],"about":[{"href":"https:\/\/roveyayinevi.com.tr\/index.php\/wp-json\/wp\/v2\/types\/product"}],"wp:attachment":[{"href":"https:\/\/roveyayinevi.com.tr\/index.php\/wp-json\/wp\/v2\/media?parent=766054"}],"wp:term":[{"taxonomy":"product_brand","embeddable":true,"href":"https:\/\/roveyayinevi.com.tr\/index.php\/wp-json\/wp\/v2\/product_brand?post=766054"},{"taxonomy":"product_cat","embeddable":true,"href":"https:\/\/roveyayinevi.com.tr\/index.php\/wp-json\/wp\/v2\/product_cat?post=766054"},{"taxonomy":"product_tag","embeddable":true,"href":"https:\/\/roveyayinevi.com.tr\/index.php\/wp-json\/wp\/v2\/product_tag?post=766054"}],"curies":[{"name":"wp","href":"https:\/\/api.w.org\/{rel}","templated":true}]}}