{"id":766052,"date":"2025-08-28T12:00:42","date_gmt":"2025-08-28T09:00:42","guid":{"rendered":"https:\/\/roveyayinevi.com.tr\/index.php\/urun\/albayin-fotografi\/"},"modified":"2026-04-15T03:31:42","modified_gmt":"2026-04-15T00:31:42","slug":"albayin-fotografi","status":"publish","type":"product","link":"https:\/\/roveyayinevi.com.tr\/index.php\/urun\/albayin-fotografi\/","title":{"rendered":"Albay\u0131n Foto\u011fraf\u0131"},"content":{"rendered":"<p>Gergedan, Kel \u015eark\u0131c\u0131, G\u00f6n\u00fcll\u00fc Katil gibi tiyatro oyunlar\u0131yla abs\u00fcrt tiyatronun \u00f6nc\u00fclerinden ve \u00e7a\u011fda\u015f edebiyat\u0131n uyumsuz temsilcilerinden say\u0131lan Eug\u00e8ne Ionesco\u2019dan bir \u00f6yk\u00fcler toplam\u0131: Albay\u0131n Foto\u011fraf\u0131. \u0130nsan\u0131n d\u00fcnyadaki varolu\u015funun sa\u00e7mal\u0131\u011f\u0131n\u0131 dilde ya\u015fanan yabanc\u0131la\u015fma arac\u0131l\u0131\u011f\u0131yla hemen hemen yazd\u0131\u011f\u0131 her yap\u0131tta g\u00f6stermeyi ama\u00e7layan Ionesco\u2019nun \u00f6yk\u00fcleri, bu \u00e7aban\u0131n kusursuz bir \u00f6rne\u011fi.   Albay\u0131n Foto\u011fraf\u0131\u2019ndaki baz\u0131 \u00f6yk\u00fcler yazar\u0131n unutulmaz tiyatro oyunlar\u0131n\u0131n n\u00fcvesini olu\u015fturmu\u015ftu.     Ionesco, baz\u0131 ruh hastalar\u0131nca \u00e7ok ciddi bi\u00e7imde kullan\u0131lan ve ayr\u0131\u015f\u0131k d\u00fc\u015f\u00fcnme d\u00fczeni ya da marazi d\u00fc\u015f\u00fcnme d\u00fczeni olarak adland\u0131r\u0131lan bir y\u00f6nteme \u00e7ok s\u0131k ba\u015fvurur&#8230; Roland Barthes   Ionesco\u2019nun ve dehas\u0131n\u0131n \u00f6nemi h\u00e2l\u00e2 do\u011fru d\u00fcr\u00fcst \u00f6l\u00e7\u00fclm\u00fcyor. Claude Mauriac <\/p>\n","protected":false},"excerpt":{"rendered":"<p>Gergedan, Kel \u015eark\u0131c\u0131, G\u00f6n\u00fcll\u00fc Katil gibi tiyatro oyunlar\u0131yla abs\u00fcrt tiyatronun \u00f6nc\u00fclerinden ve \u00e7a\u011fda\u015f edebiyat\u0131n uyumsuz temsilcilerinden say\u0131lan Eug\u00e8ne Ionesco\u2019dan bir \u00f6yk\u00fcler toplam\u0131: Albay\u0131n Foto\u011fraf\u0131. \u0130nsan\u0131n d\u00fcnyadaki<span class=\"excerpt-hellip\"> [\u2026]<\/span><\/p>\n","protected":false},"featured_media":0,"template":"","meta":{"_monsterinsights_skip_tracking":false,"_monsterinsights_sitenote_active":false,"_monsterinsights_sitenote_note":"","_monsterinsights_sitenote_category":0},"product_brand":[],"product_cat":[12291,18202],"product_tag":[],"class_list":{"0":"post-766052","1":"product","2":"type-product","3":"status-publish","5":"product_cat-edebiyat","6":"product_cat-hikaye","7":"pa_cilt-ciltsiz","8":"pa_tur-kitap","9":"pa_yayinevi-yapi-kredi-yayinlari","10":"pa_yazar-eugene-ionesco","12":"first","13":"instock","14":"sale","15":"shipping-taxable","16":"purchasable","17":"product-type-simple"},"_links":{"self":[{"href":"https:\/\/roveyayinevi.com.tr\/index.php\/wp-json\/wp\/v2\/product\/766052","targetHints":{"allow":["GET"]}}],"collection":[{"href":"https:\/\/roveyayinevi.com.tr\/index.php\/wp-json\/wp\/v2\/product"}],"about":[{"href":"https:\/\/roveyayinevi.com.tr\/index.php\/wp-json\/wp\/v2\/types\/product"}],"wp:attachment":[{"href":"https:\/\/roveyayinevi.com.tr\/index.php\/wp-json\/wp\/v2\/media?parent=766052"}],"wp:term":[{"taxonomy":"product_brand","embeddable":true,"href":"https:\/\/roveyayinevi.com.tr\/index.php\/wp-json\/wp\/v2\/product_brand?post=766052"},{"taxonomy":"product_cat","embeddable":true,"href":"https:\/\/roveyayinevi.com.tr\/index.php\/wp-json\/wp\/v2\/product_cat?post=766052"},{"taxonomy":"product_tag","embeddable":true,"href":"https:\/\/roveyayinevi.com.tr\/index.php\/wp-json\/wp\/v2\/product_tag?post=766052"}],"curies":[{"name":"wp","href":"https:\/\/api.w.org\/{rel}","templated":true}]}}