{"id":766050,"date":"2025-08-28T12:00:38","date_gmt":"2025-08-28T09:00:38","guid":{"rendered":"https:\/\/roveyayinevi.com.tr\/index.php\/urun\/din-ve-mitoloji\/"},"modified":"2026-04-15T03:31:42","modified_gmt":"2026-04-15T00:31:42","slug":"din-ve-mitoloji","status":"publish","type":"product","link":"https:\/\/roveyayinevi.com.tr\/index.php\/urun\/din-ve-mitoloji\/","title":{"rendered":"Din ve Mitoloji"},"content":{"rendered":"<p>Din ve Mitoloji, isminden de anla\u015f\u0131laca\u011f\u0131 \u00fczere din ve mitoloji hakk\u0131nda \u00e7al\u0131\u015fmalardan olu\u015fan bir kitapt\u0131r. Din herkesin bildi\u011fi ve \u00e7o\u011fu insan\u0131n \u00f6yle ya da b\u00f6yle \u00e7ekim alan\u0131ndad\u0131r. Fakat Mitoloji \u00f6yle de\u011fildir. Ayr\u0131 bir \u00e7al\u0131\u015fma alan\u0131 ve ilgiye mazhard\u0131r. \u00c7o\u011fu ki\u015fi i\u00e7in dinlerin d\u0131\u015f\u0131nda bir olgudur. Mitolojik bilgilere ula\u015fmak i\u00e7in \u00f6zel bir merak duygusunun olmas\u0131 gerekir. Din ve Mitoloji, b\u00f6yle merak\u0131 olanlara yard\u0131mc\u0131 olacakt\u0131r. Bug\u00fcne kadar inan\u00e7 sistemimize girmi\u015f bilgilerin \u00e7o\u011funun do\u011fru olmad\u0131\u011f\u0131n\u0131 ve propaganda ama\u00e7l\u0131 kullan\u0131ld\u0131\u011f\u0131n\u0131 g\u00f6rmekteyiz. Bu hata kutsal kitaplar\u0131n de\u011fil, yaz\u0131lan\u0131 \u00f6yle anlay\u0131p, bunu toplumlara dayatanlar\u0131nd\u0131r. Adem topraktan yarat\u0131lmad\u0131\u011f\u0131 halde,herkesin topraktan yarat\u0131ld\u0131\u011f\u0131n\u0131 zannetmesi gibi. Kuran\u2019da a\u00e7\u0131k\u00e7a belirtildi\u011fi halde; \u201c\u0130sa\u2019n\u0131n yarad\u0131l\u0131\u015f meseli, Adem\u2019in yarad\u0131l\u0131\u015f meseli gibidir.\u201d Mitoloji de Kuran ile ayn\u0131 fikirdedir. \u0130nsan topraktan yarat\u0131lmam\u0131\u015ft\u0131r. Din ve Mitoloji, b\u00f6ylesine \u00f6nemli konularda okurda hayret uyand\u0131rabilecek bir \u00e7al\u0131\u015fmad\u0131r.<\/p>\n","protected":false},"excerpt":{"rendered":"<p>Din ve Mitoloji, isminden de anla\u015f\u0131laca\u011f\u0131 \u00fczere din ve mitoloji hakk\u0131nda \u00e7al\u0131\u015fmalardan olu\u015fan bir kitapt\u0131r. Din herkesin bildi\u011fi ve \u00e7o\u011fu insan\u0131n \u00f6yle ya da b\u00f6yle \u00e7ekim<span class=\"excerpt-hellip\"> [\u2026]<\/span><\/p>\n","protected":false},"featured_media":0,"template":"","meta":{"_monsterinsights_skip_tracking":false,"_monsterinsights_sitenote_active":false,"_monsterinsights_sitenote_note":"","_monsterinsights_sitenote_category":0},"product_brand":[],"product_cat":[19998,12388],"product_tag":[],"class_list":{"0":"post-766050","1":"product","2":"type-product","3":"status-publish","5":"product_cat-din-felsefesi","6":"product_cat-felsefe","7":"pa_cilt-ciltsiz","8":"pa_tur-kitap","9":"pa_yayinevi-totem-yayinlari","10":"pa_yazar-nayman-ali-fikircioglu","12":"first","13":"instock","14":"sale","15":"shipping-taxable","16":"purchasable","17":"product-type-simple"},"_links":{"self":[{"href":"https:\/\/roveyayinevi.com.tr\/index.php\/wp-json\/wp\/v2\/product\/766050","targetHints":{"allow":["GET"]}}],"collection":[{"href":"https:\/\/roveyayinevi.com.tr\/index.php\/wp-json\/wp\/v2\/product"}],"about":[{"href":"https:\/\/roveyayinevi.com.tr\/index.php\/wp-json\/wp\/v2\/types\/product"}],"wp:attachment":[{"href":"https:\/\/roveyayinevi.com.tr\/index.php\/wp-json\/wp\/v2\/media?parent=766050"}],"wp:term":[{"taxonomy":"product_brand","embeddable":true,"href":"https:\/\/roveyayinevi.com.tr\/index.php\/wp-json\/wp\/v2\/product_brand?post=766050"},{"taxonomy":"product_cat","embeddable":true,"href":"https:\/\/roveyayinevi.com.tr\/index.php\/wp-json\/wp\/v2\/product_cat?post=766050"},{"taxonomy":"product_tag","embeddable":true,"href":"https:\/\/roveyayinevi.com.tr\/index.php\/wp-json\/wp\/v2\/product_tag?post=766050"}],"curies":[{"name":"wp","href":"https:\/\/api.w.org\/{rel}","templated":true}]}}