{"id":766047,"date":"2025-08-28T12:00:32","date_gmt":"2025-08-28T09:00:32","guid":{"rendered":"https:\/\/roveyayinevi.com.tr\/index.php\/urun\/eldeki-malzemelerle-mutlu-olma-sanati\/"},"modified":"2026-04-03T03:23:07","modified_gmt":"2026-04-03T00:23:07","slug":"eldeki-malzemelerle-mutlu-olma-sanati","status":"publish","type":"product","link":"https:\/\/roveyayinevi.com.tr\/index.php\/urun\/eldeki-malzemelerle-mutlu-olma-sanati\/","title":{"rendered":"Eldeki Malzemelerle Mutlu Olma Sanat\u0131"},"content":{"rendered":"<p>\u201cBu benim ba\u015f\u0131ma gelmez\u201d dedi\u011finiz her \u015fey ger\u00e7ekle\u015fti\u011finde nas\u0131l tekrar aya\u011fa kalkars\u0131n\u0131z? \u0130lk kitab\u0131m Mecburiyetsiz\u2019e \u201cyolculu\u011fumda yapabildiklerimi\u201d s\u0131\u011fd\u0131rd\u0131m, bu kitapta ise \u201cyapamad\u0131klar\u0131m\u0131\u201d okuyacaks\u0131n\u0131z. Kendimi yeniden in\u015fa ederken ayn\u0131 bir bina gibi kat kat \u00e7\u0131kt\u0131\u011f\u0131m\u0131 g\u00f6receksiniz, bazen molozlar d\u00fc\u015fecek yere, bazen dekor istedi\u011fimiz gibi olmayacak ama oturaca\u011f\u0131z. En \u00f6nemlisi g\u00fczel bir yere bakarak oturaca\u011f\u0131z. Bir ya\u015fam m\u00fccadelesi de\u011fil de bir ya\u015fam kalitesi okumaya var m\u0131s\u0131n\u0131z?  Buyurun, giri\u015fler soldan. \u00dcnl\u00fc fenomen Demet I\u015f\u0131l, hastal\u0131k ve ayr\u0131l\u0131klar e\u015fli\u011finde fiziksel ve ruhsal bir sava\u015f\u0131n i\u00e7inden ge\u00e7ip kendini yeniden in\u015fa ediyor. Bo\u015fand\u0131\u011f\u0131 ve hayata s\u0131f\u0131rdan ba\u015flad\u0131\u011f\u0131 bu zorlu s\u00fcre\u00e7te, ya\u015fad\u0131\u011f\u0131 t\u00fcm zorluklar\u0131 ve deneyimlerini samimiyetle okuyucusuyla payla\u015f\u0131yor. Bu kitap, bir kad\u0131n\u0131n yeniden do\u011fu\u015funa tan\u0131kl\u0131k edenlere bir umut \u0131\u015f\u0131\u011f\u0131 yakarken, ayn\u0131 zamanda hayatta kar\u015f\u0131la\u015f\u0131lan her darbenin bir f\u0131rsata nas\u0131l d\u00f6n\u00fc\u015ft\u00fcr\u00fclebilece\u011fini g\u00f6steriyor. Yeniden ba\u015flamak isteyenler i\u00e7in ilham kayna\u011f\u0131 olacak bu yolculukta, elinizdeki malzemelerle nas\u0131l mutlu olunaca\u011f\u0131n\u0131 \u00f6\u011frenecek, ba\u015f\u0131n\u0131za gelen hi\u00e7bir \u015feyin tesad\u00fcf olmad\u0131\u011f\u0131n\u0131 fark edeceksiniz.Kendinize bir iyilik yap\u0131n, bu yolculu\u011fa siz de kat\u0131l\u0131n. Her \u015fey ters gitti\u011finde bile yeniden aya\u011fa kalkman\u0131n m\u00fcmk\u00fcn oldu\u011funu ke\u015ffedin! <\/p>\n","protected":false},"excerpt":{"rendered":"<p>\u201cBu benim ba\u015f\u0131ma gelmez\u201d dedi\u011finiz her \u015fey ger\u00e7ekle\u015fti\u011finde nas\u0131l tekrar aya\u011fa kalkars\u0131n\u0131z? \u0130lk kitab\u0131m Mecburiyetsiz\u2019e \u201cyolculu\u011fumda yapabildiklerimi\u201d s\u0131\u011fd\u0131rd\u0131m, bu kitapta ise \u201cyapamad\u0131klar\u0131m\u0131\u201d okuyacaks\u0131n\u0131z. Kendimi yeniden in\u015fa<span class=\"excerpt-hellip\"> [\u2026]<\/span><\/p>\n","protected":false},"featured_media":0,"template":"","meta":{"_monsterinsights_skip_tracking":false,"_monsterinsights_sitenote_active":false,"_monsterinsights_sitenote_note":"","_monsterinsights_sitenote_category":0},"product_brand":[],"product_cat":[12364,12376],"product_tag":[],"class_list":{"0":"post-766047","1":"product","2":"type-product","3":"status-publish","5":"product_cat-genel-konular","6":"product_cat-kisisel-gelisim","7":"pa_cilt-ciltsiz","8":"pa_tur-kitap","9":"pa_yayinevi-destek-yayinlari","10":"pa_yazar-demet-isil-yilmaz","12":"first","13":"instock","14":"sale","15":"shipping-taxable","16":"purchasable","17":"product-type-simple"},"_links":{"self":[{"href":"https:\/\/roveyayinevi.com.tr\/index.php\/wp-json\/wp\/v2\/product\/766047","targetHints":{"allow":["GET"]}}],"collection":[{"href":"https:\/\/roveyayinevi.com.tr\/index.php\/wp-json\/wp\/v2\/product"}],"about":[{"href":"https:\/\/roveyayinevi.com.tr\/index.php\/wp-json\/wp\/v2\/types\/product"}],"wp:attachment":[{"href":"https:\/\/roveyayinevi.com.tr\/index.php\/wp-json\/wp\/v2\/media?parent=766047"}],"wp:term":[{"taxonomy":"product_brand","embeddable":true,"href":"https:\/\/roveyayinevi.com.tr\/index.php\/wp-json\/wp\/v2\/product_brand?post=766047"},{"taxonomy":"product_cat","embeddable":true,"href":"https:\/\/roveyayinevi.com.tr\/index.php\/wp-json\/wp\/v2\/product_cat?post=766047"},{"taxonomy":"product_tag","embeddable":true,"href":"https:\/\/roveyayinevi.com.tr\/index.php\/wp-json\/wp\/v2\/product_tag?post=766047"}],"curies":[{"name":"wp","href":"https:\/\/api.w.org\/{rel}","templated":true}]}}