{"id":766045,"date":"2025-08-28T12:00:29","date_gmt":"2025-08-28T09:00:29","guid":{"rendered":"https:\/\/roveyayinevi.com.tr\/index.php\/urun\/felsefeden-dogan-yasam\/"},"modified":"2026-04-15T03:31:42","modified_gmt":"2026-04-15T00:31:42","slug":"felsefeden-dogan-yasam","status":"publish","type":"product","link":"https:\/\/roveyayinevi.com.tr\/index.php\/urun\/felsefeden-dogan-yasam\/","title":{"rendered":"Felsefeden Do\u011fan Ya\u015fam"},"content":{"rendered":"<p>Mutsuzluk ahlaks\u0131zl\u0131kt\u0131r.  D\u00fc\u015f\u00fcnen, ac\u0131 \u00e7eken ve arayan insan i\u00e7in zor bir \u00e7a\u011fday\u0131z. Bir kesim i\u00e7inse ya\u015famak sadece ya\u015fay\u0131p gitmekten ibaret. Ya\u015fam, sadece ge\u00e7imimizi, sa\u011fl\u0131\u011f\u0131m\u0131z\u0131, varl\u0131\u011f\u0131m\u0131z\u0131 s\u00fcrd\u00fcrmek i\u00e7in \u00e7abalad\u0131\u011f\u0131m\u0131z s\u00fcre\u00e7lerden ibaret oldu\u011funda ne kadar da dar, bas\u0131k ve bo\u011fucu&#8230; Peki \u00f6yleyse nas\u0131l ya\u015famal\u0131? \u0130nsan sadece zihniyle ya\u015famaz, bedeniyle, duygusuyla ve \u00e7evresiyle ya\u015fayan bir b\u00fct\u00fcnd\u00fcr. Bu b\u00fct\u00fcn insana can denir, insan can\u0131yla ya\u015far, can\u0131yla d\u00fc\u015f\u00fcn\u00fcr. Mutlu olmak, can olmakt\u0131r. \u0130\u00e7imizdeki daimonun, o insan\u00fcst\u00fc g\u00fcc\u00fcn iyi olmas\u0131d\u0131r. Mutluluk bir karakterdir, gelip ge\u00e7ici bir hal de\u011fildir. Felsefenin do\u011fdu\u011fu topraklarda b\u00fct\u00fcnl\u00fc\u011fe sayg\u0131 vard\u0131, felsefe kutsal olana duyulan sayg\u0131dan do\u011fdu, her \u015feyden \u00f6nce varolan o ezeli g\u00fc\u00e7ten\u2026 Bu felsefi s\u00f6yle\u015fide felsefeci, akademisyen, \u015fair ve edebiyat ele\u015ftirmeni Prof. Dr. Ahmet \u0130nam, yeni bir ya\u015fam bi\u00e7iminin olanaklar\u0131n\u0131 nas\u0131l ke\u015ffedebilece\u011fimiz, hayat\u0131 b\u00fct\u00fcn olarak nas\u0131l ya\u015fayabilece\u011fimize dair bir aray\u0131\u015fa \u00e7\u0131kar\u0131yor bizleri. A\u015fama a\u015fama a\u00e7\u0131lan bu canl\u0131 sohbete, kendine has cevaplar\u0131 bulabilmek i\u00e7in \u00f6rt\u00fcleri kald\u0131rmak isteyen herkes davetli. <\/p>\n","protected":false},"excerpt":{"rendered":"<p>Mutsuzluk ahlaks\u0131zl\u0131kt\u0131r. D\u00fc\u015f\u00fcnen, ac\u0131 \u00e7eken ve arayan insan i\u00e7in zor bir \u00e7a\u011fday\u0131z. Bir kesim i\u00e7inse ya\u015famak sadece ya\u015fay\u0131p gitmekten ibaret. Ya\u015fam, sadece ge\u00e7imimizi, sa\u011fl\u0131\u011f\u0131m\u0131z\u0131, varl\u0131\u011f\u0131m\u0131z\u0131 s\u00fcrd\u00fcrmek<span class=\"excerpt-hellip\"> [\u2026]<\/span><\/p>\n","protected":false},"featured_media":0,"template":"","meta":{"_monsterinsights_skip_tracking":false,"_monsterinsights_sitenote_active":false,"_monsterinsights_sitenote_note":"","_monsterinsights_sitenote_category":0},"product_brand":[],"product_cat":[12388],"product_tag":[],"class_list":{"0":"post-766045","1":"product","2":"type-product","3":"status-publish","5":"product_cat-felsefe","6":"pa_cilt-ciltsiz","7":"pa_tur-kitap","8":"pa_yayinevi-destek-yayinlari","9":"pa_yazar-ahmet-inam","11":"first","12":"instock","13":"sale","14":"shipping-taxable","15":"purchasable","16":"product-type-simple"},"_links":{"self":[{"href":"https:\/\/roveyayinevi.com.tr\/index.php\/wp-json\/wp\/v2\/product\/766045","targetHints":{"allow":["GET"]}}],"collection":[{"href":"https:\/\/roveyayinevi.com.tr\/index.php\/wp-json\/wp\/v2\/product"}],"about":[{"href":"https:\/\/roveyayinevi.com.tr\/index.php\/wp-json\/wp\/v2\/types\/product"}],"wp:attachment":[{"href":"https:\/\/roveyayinevi.com.tr\/index.php\/wp-json\/wp\/v2\/media?parent=766045"}],"wp:term":[{"taxonomy":"product_brand","embeddable":true,"href":"https:\/\/roveyayinevi.com.tr\/index.php\/wp-json\/wp\/v2\/product_brand?post=766045"},{"taxonomy":"product_cat","embeddable":true,"href":"https:\/\/roveyayinevi.com.tr\/index.php\/wp-json\/wp\/v2\/product_cat?post=766045"},{"taxonomy":"product_tag","embeddable":true,"href":"https:\/\/roveyayinevi.com.tr\/index.php\/wp-json\/wp\/v2\/product_tag?post=766045"}],"curies":[{"name":"wp","href":"https:\/\/api.w.org\/{rel}","templated":true}]}}