{"id":766041,"date":"2025-08-28T12:00:22","date_gmt":"2025-08-28T09:00:22","guid":{"rendered":"https:\/\/roveyayinevi.com.tr\/index.php\/urun\/sakura-bahari\/"},"modified":"2026-04-15T03:31:42","modified_gmt":"2026-04-15T00:31:42","slug":"sakura-bahari","status":"publish","type":"product","link":"https:\/\/roveyayinevi.com.tr\/index.php\/urun\/sakura-bahari\/","title":{"rendered":"Sakura Bahar\u0131"},"content":{"rendered":"<p>Sekiz ya\u015f\u0131ndaki Sakura, Frans\u0131z babas\u0131yla beraber Tokyo\u2019da ya\u015famaktad\u0131r. Ku\u0308\u00e7u\u0308k k\u0131z, annesini birka\u00e7 sene \u00f6nce bir kazada kaybetti\u011finden beri ac\u0131s\u0131n\u0131n u\u0308stesinden gelememektedir. \u0130\u015f dolay\u0131s\u0131yla birka\u00e7 haftal\u0131k bir seyahate \u00e7\u0131kacak olan babas\u0131, k\u0131z\u0131n\u0131 Japon bu\u0308yu\u0308kannesine emanet etmeye karar verir. Ancak do\u011fan\u0131n ritmine uygun geleneksel bir ya\u015fam bi\u00e7imi benimsemi\u015f bu bu\u0308yu\u0308kanneyle ge\u00e7irdi\u011fi ilk gu\u0308nler Sakura\u2019y\u0131 bu\u0308yu\u0308k bir \u015fa\u015fk\u0131nl\u0131\u011fa iter! \u00d6te yandan, beklemedi\u011fi ger\u00e7ekle\u015fecek ve bu yolculuk Sakura\u2019y\u0131 derinlemesine de\u011fi\u015ftirecektir\u2026 Masumi\u2019nin yan\u0131nda keyifli oldu\u011fu kadar sakin ge\u00e7en bahar gu\u0308nlerinde ku\u0308\u00e7u\u0308k k\u0131z kendi i\u00e7indeki g\u00f6zle g\u00f6ru\u0308lmez kaynaklar\u0131 ke\u015ffedecek, bu sayede ya\u015fad\u0131\u011f\u0131 dram\u0131 geride b\u0131rak\u0131p yeniden hayata a\u00e7\u0131lacakt\u0131r. Duyular\u0131n\u0131n uyan\u0131\u015f\u0131 ve basit zevklerin ke\u015ffi -deniz kabuklular\u0131n\u0131 toplama, dorayakilerin lezzeti, s\u0131cak kumun hissiyat\u0131, sazl\u0131klar\u0131n \u015fark\u0131s\u0131, bah\u00e7enin kokular\u0131, deniz havas\u0131, kasabal\u0131larla kurdu\u011fu dostluklar ve hatta bir kedinin \u015fefkatli refakati- metanetini korumas\u0131na yard\u0131m edecektir\u2026 Dokunakl\u0131 ve duygu dolu, engin bir \u015fairaneli\u011fin u\u0308ru\u0308nu\u0308 bu \u00e7izgi roman, bizi \u00f6ze d\u00f6nmeye davet ediyor. Sakura\u2019n\u0131n yolunda onu takip ederken okur, Japon ya\u015fam tarz\u0131na ve inceli\u011fine tan\u0131kl\u0131k edecek. <\/p>\n","protected":false},"excerpt":{"rendered":"<p>Sekiz ya\u015f\u0131ndaki Sakura, Frans\u0131z babas\u0131yla beraber Tokyo\u2019da ya\u015famaktad\u0131r. Ku\u0308\u00e7u\u0308k k\u0131z, annesini birka\u00e7 sene \u00f6nce bir kazada kaybetti\u011finden beri ac\u0131s\u0131n\u0131n u\u0308stesinden gelememektedir. \u0130\u015f dolay\u0131s\u0131yla birka\u00e7 haftal\u0131k bir<span class=\"excerpt-hellip\"> [\u2026]<\/span><\/p>\n","protected":false},"featured_media":0,"template":"","meta":{"_monsterinsights_skip_tracking":false,"_monsterinsights_sitenote_active":false,"_monsterinsights_sitenote_note":"","_monsterinsights_sitenote_category":0},"product_brand":[],"product_cat":[12416,12291],"product_tag":[],"class_list":{"0":"post-766041","1":"product","2":"type-product","3":"status-publish","5":"product_cat-cizgi-roman","6":"product_cat-edebiyat","7":"pa_cilt-ciltsiz","8":"pa_tur-kitap","9":"pa_yayinevi-athica-yayinlari","10":"pa_yazar-marie-jaffredo","12":"first","13":"instock","14":"sale","15":"shipping-taxable","16":"purchasable","17":"product-type-simple"},"_links":{"self":[{"href":"https:\/\/roveyayinevi.com.tr\/index.php\/wp-json\/wp\/v2\/product\/766041","targetHints":{"allow":["GET"]}}],"collection":[{"href":"https:\/\/roveyayinevi.com.tr\/index.php\/wp-json\/wp\/v2\/product"}],"about":[{"href":"https:\/\/roveyayinevi.com.tr\/index.php\/wp-json\/wp\/v2\/types\/product"}],"wp:attachment":[{"href":"https:\/\/roveyayinevi.com.tr\/index.php\/wp-json\/wp\/v2\/media?parent=766041"}],"wp:term":[{"taxonomy":"product_brand","embeddable":true,"href":"https:\/\/roveyayinevi.com.tr\/index.php\/wp-json\/wp\/v2\/product_brand?post=766041"},{"taxonomy":"product_cat","embeddable":true,"href":"https:\/\/roveyayinevi.com.tr\/index.php\/wp-json\/wp\/v2\/product_cat?post=766041"},{"taxonomy":"product_tag","embeddable":true,"href":"https:\/\/roveyayinevi.com.tr\/index.php\/wp-json\/wp\/v2\/product_tag?post=766041"}],"curies":[{"name":"wp","href":"https:\/\/api.w.org\/{rel}","templated":true}]}}