{"id":766039,"date":"2025-08-28T12:00:18","date_gmt":"2025-08-28T09:00:18","guid":{"rendered":"https:\/\/roveyayinevi.com.tr\/index.php\/urun\/kaybolduysan-dogru-yerdesin\/"},"modified":"2026-04-15T03:31:42","modified_gmt":"2026-04-15T00:31:42","slug":"kaybolduysan-dogru-yerdesin","status":"publish","type":"product","link":"https:\/\/roveyayinevi.com.tr\/index.php\/urun\/kaybolduysan-dogru-yerdesin\/","title":{"rendered":"Kaybolduysan Do\u011fru Yerdesin"},"content":{"rendered":"<p>BA\u015eARMAK ZORUNDA DE\u011e\u0130L, DENEMEK ZORUNDASIN. Kimi zaman kaybolmak, kendi yolumuzu bulmak i\u00e7in atmam\u0131z gereken ilk ad\u0131md\u0131r. Bu bir i\u015faret. Bu kitab\u0131 eline ald\u0131ysan, do\u011fru yerdesin. Hayat bazen yorar, y\u00f6n\u00fcm\u00fcz\u00fc kaybettirir ve ne istedi\u011fimizi sorgulat\u0131r. E\u011fer kendini s\u0131k\u0131\u015fm\u0131\u015f, umutsuz ya da kaybolmu\u015f hissediyorsan, bu kitap senin i\u00e7in yaz\u0131ld\u0131. \u015eimdi d\u00fc\u015f\u00fcn&#8230; Ne yapman gerekti\u011fini biliyorsun ama harekete ge\u00e7emiyor musun? Ayn\u0131 d\u00f6ng\u00fcde s\u0131k\u0131\u015fm\u0131\u015f ve \u00e7\u0131k\u0131\u015f yolu bulmakta zorlan\u0131yor musun? T\u00fcrkiye\u2019nin ilk kad\u0131n motivasyon konu\u015fmac\u0131s\u0131 olarak tan\u0131nan Saadet \u015een, kendi derin ya\u015fam deneyimlerinden, en dibe vurdu\u011fu zamanlardan ve yeniden do\u011fdu\u011fu anlardan yola \u00e7\u0131karak okura yaln\u0131z olmad\u0131\u011f\u0131n\u0131 ve her zaman bir yol oldu\u011funu hat\u0131rlat\u0131yor. Zorluklarla bo\u011fu\u015fan her ruh i\u00e7in bir umut \u0131\u015f\u0131\u011f\u0131 yak\u0131yor. Bu kitap, hayat\u0131n t\u00fcm zorluklar\u0131na ra\u011fmen kendi hik\u00e2yesini yeniden yazmak isteyenler i\u00e7in&#8230; \u00c7\u00fcnk\u00fc her zaman bir yol vard\u0131r. \u0130\u00e7indeki g\u00fcc\u00fc ke\u015ffetmeye haz\u0131r m\u0131s\u0131n? <\/p>\n","protected":false},"excerpt":{"rendered":"<p>BA\u015eARMAK ZORUNDA DE\u011e\u0130L, DENEMEK ZORUNDASIN. Kimi zaman kaybolmak, kendi yolumuzu bulmak i\u00e7in atmam\u0131z gereken ilk ad\u0131md\u0131r. Bu bir i\u015faret. Bu kitab\u0131 eline ald\u0131ysan, do\u011fru yerdesin. Hayat<span class=\"excerpt-hellip\"> [\u2026]<\/span><\/p>\n","protected":false},"featured_media":0,"template":"","meta":{"_monsterinsights_skip_tracking":false,"_monsterinsights_sitenote_active":false,"_monsterinsights_sitenote_note":"","_monsterinsights_sitenote_category":0},"product_brand":[],"product_cat":[13835],"product_tag":[],"class_list":{"0":"post-766039","1":"product","2":"type-product","3":"status-publish","5":"product_cat-cok-satanlar","6":"pa_cilt-ciltsiz","7":"pa_tur-kitap","8":"pa_yayinevi-destek-yayinlari","9":"pa_yazar-saadet-sen","11":"first","12":"instock","13":"sale","14":"shipping-taxable","15":"purchasable","16":"product-type-simple"},"_links":{"self":[{"href":"https:\/\/roveyayinevi.com.tr\/index.php\/wp-json\/wp\/v2\/product\/766039","targetHints":{"allow":["GET"]}}],"collection":[{"href":"https:\/\/roveyayinevi.com.tr\/index.php\/wp-json\/wp\/v2\/product"}],"about":[{"href":"https:\/\/roveyayinevi.com.tr\/index.php\/wp-json\/wp\/v2\/types\/product"}],"wp:attachment":[{"href":"https:\/\/roveyayinevi.com.tr\/index.php\/wp-json\/wp\/v2\/media?parent=766039"}],"wp:term":[{"taxonomy":"product_brand","embeddable":true,"href":"https:\/\/roveyayinevi.com.tr\/index.php\/wp-json\/wp\/v2\/product_brand?post=766039"},{"taxonomy":"product_cat","embeddable":true,"href":"https:\/\/roveyayinevi.com.tr\/index.php\/wp-json\/wp\/v2\/product_cat?post=766039"},{"taxonomy":"product_tag","embeddable":true,"href":"https:\/\/roveyayinevi.com.tr\/index.php\/wp-json\/wp\/v2\/product_tag?post=766039"}],"curies":[{"name":"wp","href":"https:\/\/api.w.org\/{rel}","templated":true}]}}