{"id":766038,"date":"2025-08-28T12:00:16","date_gmt":"2025-08-28T09:00:16","guid":{"rendered":"https:\/\/roveyayinevi.com.tr\/index.php\/urun\/anlati-uzerine-2-hayati-yeniden-kurmak\/"},"modified":"2026-04-11T14:34:56","modified_gmt":"2026-04-11T11:34:56","slug":"anlati-uzerine-2-hayati-yeniden-kurmak","status":"publish","type":"product","link":"https:\/\/roveyayinevi.com.tr\/index.php\/urun\/anlati-uzerine-2-hayati-yeniden-kurmak\/","title":{"rendered":"Anlat\u0131 \u00dczerine 2: Hayat\u0131 Yeniden Kurmak"},"content":{"rendered":"<p>Edebi Patikalar serimizin ilk kitab\u0131 Anlat\u0131 \u00dczerine \u2013 1 ile yazarlar\u0131n kurmacaya dair d\u00fc\u015f\u00fcncelerinin izlerini s\u00fcrm\u00fc\u015f, anlat\u0131n\u0131n de\u011fi\u015fip d\u00f6n\u00fc\u015fen yap\u0131s\u0131yla olanaklar\u0131n\u0131 tart\u0131\u015fmaya a\u00e7m\u0131\u015ft\u0131k. Anlat\u0131 \u00dczerine \u2013 2 ile edebiyat\u0131n katmanlar\u0131 aras\u0131ndaki yolculu\u011fumuz bu kez kurmaca metinler \u00fczerinden ya\u015fam\u0131 ve insan\u0131 yeniden d\u00fc\u015f\u00fcnmeye \u00e7a\u011f\u0131ran akademisyenlerin bak\u0131\u015f\u0131yla geni\u015fliyor. Kurmacan\u0131n, anlat\u0131n\u0131n ve dilin d\u00f6ng\u00fcsel yap\u0131s\u0131 i\u00e7inde dola\u015fan akademisyenler, metnin sundu\u011fu sonsuz olas\u0131l\u0131klar\u0131 tart\u0131\u015fmaya a\u00e7arken, edebiyat\u0131n yaln\u0131zca bir ifade arac\u0131 de\u011fil, d\u00fc\u015f\u00fcncenin ve varolu\u015fun da dinamik bir sahnesi oldu\u011funu hat\u0131rlat\u0131yor. Edebiyat, akademik merce\u011fin alt\u0131ndan ge\u00e7erken, kendini ya\u015fam\u0131n aynas\u0131nda yeniden \u015fekillendiriyor; metinler, bireysel deneyimlerden evrensel sorulara uzanarak, unutulmu\u015f ve g\u00f6r\u00fcnmez k\u0131l\u0131nm\u0131\u015f olan\u0131 a\u00e7\u0131\u011fa \u00e7\u0131kar\u0131yor. Anlat\u0131, yaln\u0131zca kelimelerle de\u011fil, d\u00fc\u015f\u00fcnce ve sezginin ince iplikleriyle dokunmu\u015f bir d\u00fcnya olarak kar\u015f\u0131m\u0131zda duruyor.<\/p>\n","protected":false},"excerpt":{"rendered":"<p>Edebi Patikalar serimizin ilk kitab\u0131 Anlat\u0131 \u00dczerine \u2013 1 ile yazarlar\u0131n kurmacaya dair d\u00fc\u015f\u00fcncelerinin izlerini s\u00fcrm\u00fc\u015f, anlat\u0131n\u0131n de\u011fi\u015fip d\u00f6n\u00fc\u015fen yap\u0131s\u0131yla olanaklar\u0131n\u0131 tart\u0131\u015fmaya a\u00e7m\u0131\u015ft\u0131k. Anlat\u0131 \u00dczerine \u2013<span class=\"excerpt-hellip\"> [\u2026]<\/span><\/p>\n","protected":false},"featured_media":0,"template":"","meta":{"_monsterinsights_skip_tracking":false,"_monsterinsights_sitenote_active":false,"_monsterinsights_sitenote_note":"","_monsterinsights_sitenote_category":0},"product_brand":[],"product_cat":[18545,12291],"product_tag":[],"class_list":{"0":"post-766038","1":"product","2":"type-product","3":"status-publish","5":"product_cat-anlati","6":"product_cat-edebiyat","7":"pa_cilt-ciltsiz","8":"pa_tur-kitap","9":"pa_yayinevi-livera-yayinevi","10":"pa_yazar-kolektif","12":"first","13":"instock","14":"sale","15":"shipping-taxable","16":"purchasable","17":"product-type-simple"},"_links":{"self":[{"href":"https:\/\/roveyayinevi.com.tr\/index.php\/wp-json\/wp\/v2\/product\/766038","targetHints":{"allow":["GET"]}}],"collection":[{"href":"https:\/\/roveyayinevi.com.tr\/index.php\/wp-json\/wp\/v2\/product"}],"about":[{"href":"https:\/\/roveyayinevi.com.tr\/index.php\/wp-json\/wp\/v2\/types\/product"}],"wp:attachment":[{"href":"https:\/\/roveyayinevi.com.tr\/index.php\/wp-json\/wp\/v2\/media?parent=766038"}],"wp:term":[{"taxonomy":"product_brand","embeddable":true,"href":"https:\/\/roveyayinevi.com.tr\/index.php\/wp-json\/wp\/v2\/product_brand?post=766038"},{"taxonomy":"product_cat","embeddable":true,"href":"https:\/\/roveyayinevi.com.tr\/index.php\/wp-json\/wp\/v2\/product_cat?post=766038"},{"taxonomy":"product_tag","embeddable":true,"href":"https:\/\/roveyayinevi.com.tr\/index.php\/wp-json\/wp\/v2\/product_tag?post=766038"}],"curies":[{"name":"wp","href":"https:\/\/api.w.org\/{rel}","templated":true}]}}