{"id":766036,"date":"2025-08-28T12:00:12","date_gmt":"2025-08-28T09:00:12","guid":{"rendered":"https:\/\/roveyayinevi.com.tr\/index.php\/urun\/jul-vern-seyahat-acentesi\/"},"modified":"2026-04-15T03:31:42","modified_gmt":"2026-04-15T00:31:42","slug":"jul-vern-seyahat-acentesi","status":"publish","type":"product","link":"https:\/\/roveyayinevi.com.tr\/index.php\/urun\/jul-vern-seyahat-acentesi\/","title":{"rendered":"J\u00fcl Vern Seyahat Acentesi"},"content":{"rendered":"<p>Bence Dedektif Fix fig\u00fcr\u00fc, monotonla\u015fma ihtimali olan bir hik\u00e2yeye ka\u00e7-kovala dinamizmi getirmesi i\u00e7in d\u00fc\u015f\u00fcn\u00fclm\u00fc\u015ft\u00fc. Monotonla\u015fmas\u0131 ka\u00e7\u0131n\u0131lmazd\u0131 \u00e7\u00fcnk\u00fc hik\u00e2yenin kahraman\u0131 Bay Fogg oturdu\u011fu yerden kalkmayan, kimse ile ili\u015fki kurmayan kapal\u0131 devre bir \u015fahsiyetti. \u0130ngiliz emperyalizminin ula\u015f\u0131m alt yap\u0131s\u0131 ve J\u00fcl Vern Seyahat Acentesi\u2019nin hizmetleri olmasayd\u0131, Bay Fogg\u2019dan ne k\u00f6y ne de kasaba olurdu. Yine de, Bay Verne\u2019in yandan ittirmeli h\u0131rs\u0131z-polis form\u00fcl\u00fc beni sarmasa da eserin b\u00fct\u00fcnl\u00fc\u011f\u00fcne ve yazar\u0131n eme\u011fine sayg\u0131mdan \u00f6t\u00fcr\u00fc, ak\u0131\u015f\u0131 bozmamak mecburiyetindeyim.\u201d \u0130lhami Alg\u00f6r, J\u00fcl Vern Seyahat Acentesi&#8217;nde bir yolcunun yolculu\u011funun pe\u015fine d\u00fc\u015f\u00fcyor. Jules Verne&#8217;in Seksen G\u00fcnde Devri\u00e2lem&#8217;inin kahraman\u0131 Phileas Fogg d\u00fcnyan\u0131n etraf\u0131n\u0131 d\u00f6nmeye \u00e7abalarken, onunla birlikte k\u0131talar\u0131, \u015fehirleri ad\u0131ml\u0131yor. Bir yandan d\u00f6neme h\u00e2kim olan s\u00f6m\u00fcrgecilik meselesi \u00fczerinden Verne anlat\u0131s\u0131na ele\u015ftirel bir g\u00f6zle bak\u0131yor, bir yandan da 19. y\u00fczy\u0131l d\u00fcnyas\u0131n\u0131 anlamaya; y\u00fczy\u0131l\u0131n insan\u0131, toplumu ve meseleleri \u00fczerine d\u00fc\u015f\u00fcnmeye f\u0131rsat yarat\u0131yor. Victoria d\u00f6nemi edebiyat metinlerine, filmlere, mek\u00e2nlara, hatta duygulara uzanarak bu yolculu\u011fa e\u015flik etmek isteyen okurlar\u0131na g\u00f6rd\u00fcklerinden daha fazlas\u0131n\u0131 g\u00f6rebilecekleri konusunda cesaret veriyor.<\/p>\n","protected":false},"excerpt":{"rendered":"<p>Bence Dedektif Fix fig\u00fcr\u00fc, monotonla\u015fma ihtimali olan bir hik\u00e2yeye ka\u00e7-kovala dinamizmi getirmesi i\u00e7in d\u00fc\u015f\u00fcn\u00fclm\u00fc\u015ft\u00fc. Monotonla\u015fmas\u0131 ka\u00e7\u0131n\u0131lmazd\u0131 \u00e7\u00fcnk\u00fc hik\u00e2yenin kahraman\u0131 Bay Fogg oturdu\u011fu yerden kalkmayan, kimse ile<span class=\"excerpt-hellip\"> [\u2026]<\/span><\/p>\n","protected":false},"featured_media":0,"template":"","meta":{"_monsterinsights_skip_tracking":false,"_monsterinsights_sitenote_active":false,"_monsterinsights_sitenote_note":"","_monsterinsights_sitenote_category":0},"product_brand":[],"product_cat":[13072,12291],"product_tag":[],"class_list":{"0":"post-766036","1":"product","2":"type-product","3":"status-publish","5":"product_cat-arastirma-inceleme-referans","6":"product_cat-edebiyat","7":"pa_cilt-ciltsiz","8":"pa_tur-kitap","9":"pa_yayinevi-iletisim-yayinlari","10":"pa_yazar-ilhami-algor","12":"first","13":"instock","14":"sale","15":"shipping-taxable","16":"purchasable","17":"product-type-simple"},"_links":{"self":[{"href":"https:\/\/roveyayinevi.com.tr\/index.php\/wp-json\/wp\/v2\/product\/766036","targetHints":{"allow":["GET"]}}],"collection":[{"href":"https:\/\/roveyayinevi.com.tr\/index.php\/wp-json\/wp\/v2\/product"}],"about":[{"href":"https:\/\/roveyayinevi.com.tr\/index.php\/wp-json\/wp\/v2\/types\/product"}],"wp:attachment":[{"href":"https:\/\/roveyayinevi.com.tr\/index.php\/wp-json\/wp\/v2\/media?parent=766036"}],"wp:term":[{"taxonomy":"product_brand","embeddable":true,"href":"https:\/\/roveyayinevi.com.tr\/index.php\/wp-json\/wp\/v2\/product_brand?post=766036"},{"taxonomy":"product_cat","embeddable":true,"href":"https:\/\/roveyayinevi.com.tr\/index.php\/wp-json\/wp\/v2\/product_cat?post=766036"},{"taxonomy":"product_tag","embeddable":true,"href":"https:\/\/roveyayinevi.com.tr\/index.php\/wp-json\/wp\/v2\/product_tag?post=766036"}],"curies":[{"name":"wp","href":"https:\/\/api.w.org\/{rel}","templated":true}]}}