{"id":766034,"date":"2025-08-28T12:00:07","date_gmt":"2025-08-28T09:00:07","guid":{"rendered":"https:\/\/roveyayinevi.com.tr\/index.php\/urun\/gul-ablanin-kalbi\/"},"modified":"2026-04-15T03:31:42","modified_gmt":"2026-04-15T00:31:42","slug":"gul-ablanin-kalbi","status":"publish","type":"product","link":"https:\/\/roveyayinevi.com.tr\/index.php\/urun\/gul-ablanin-kalbi\/","title":{"rendered":"G\u00fcl Ablan\u0131n Kalbi"},"content":{"rendered":"<p>Kalbin k\u0131r\u0131lganl\u0131\u011f\u0131n\u0131, dostlu\u011fun ve sevginin s\u0131n\u0131r tan\u0131maz g\u00fcc\u00fcn\u00fc Mahir\u2019le birlikte \u00f6\u011frenmeye ya da hat\u0131rlamaya ne dersiniz? Bu masals\u0131 \u00f6yk\u00fcde bir \u00e7ocu\u011fun iki insan aras\u0131ndaki ba\u011flar\u0131 ke\u015ffedi\u015fine ve sevginin nas\u0131l \u00e7o\u011fald\u0131\u011f\u0131n\u0131 \u00f6\u011freni\u015fine tan\u0131k olacaks\u0131n\u0131z.  <\/p>\n","protected":false},"excerpt":{"rendered":"<p>Kalbin k\u0131r\u0131lganl\u0131\u011f\u0131n\u0131, dostlu\u011fun ve sevginin s\u0131n\u0131r tan\u0131maz g\u00fcc\u00fcn\u00fc Mahir\u2019le birlikte \u00f6\u011frenmeye ya da hat\u0131rlamaya ne dersiniz? Bu masals\u0131 \u00f6yk\u00fcde bir \u00e7ocu\u011fun iki insan aras\u0131ndaki ba\u011flar\u0131 ke\u015ffedi\u015fine<span class=\"excerpt-hellip\"> [\u2026]<\/span><\/p>\n","protected":false},"featured_media":0,"template":"","meta":{"_monsterinsights_skip_tracking":false,"_monsterinsights_sitenote_active":false,"_monsterinsights_sitenote_note":"","_monsterinsights_sitenote_category":0},"product_brand":[],"product_cat":[12274,12284],"product_tag":[],"class_list":{"0":"post-766034","1":"product","2":"type-product","3":"status-publish","5":"product_cat-cocuk-ve-genclik-kitaplari","6":"product_cat-hikayeler","7":"pa_cilt-ciltsiz","8":"pa_tur-kitap","9":"pa_yayinevi-buyulu-fener-yayinlari","10":"pa_yazar-elif-nihan-akbas","12":"first","13":"instock","14":"sale","15":"shipping-taxable","16":"purchasable","17":"product-type-simple"},"_links":{"self":[{"href":"https:\/\/roveyayinevi.com.tr\/index.php\/wp-json\/wp\/v2\/product\/766034","targetHints":{"allow":["GET"]}}],"collection":[{"href":"https:\/\/roveyayinevi.com.tr\/index.php\/wp-json\/wp\/v2\/product"}],"about":[{"href":"https:\/\/roveyayinevi.com.tr\/index.php\/wp-json\/wp\/v2\/types\/product"}],"wp:attachment":[{"href":"https:\/\/roveyayinevi.com.tr\/index.php\/wp-json\/wp\/v2\/media?parent=766034"}],"wp:term":[{"taxonomy":"product_brand","embeddable":true,"href":"https:\/\/roveyayinevi.com.tr\/index.php\/wp-json\/wp\/v2\/product_brand?post=766034"},{"taxonomy":"product_cat","embeddable":true,"href":"https:\/\/roveyayinevi.com.tr\/index.php\/wp-json\/wp\/v2\/product_cat?post=766034"},{"taxonomy":"product_tag","embeddable":true,"href":"https:\/\/roveyayinevi.com.tr\/index.php\/wp-json\/wp\/v2\/product_tag?post=766034"}],"curies":[{"name":"wp","href":"https:\/\/api.w.org\/{rel}","templated":true}]}}