{"id":766031,"date":"2025-08-28T12:00:02","date_gmt":"2025-08-28T09:00:02","guid":{"rendered":"https:\/\/roveyayinevi.com.tr\/index.php\/urun\/cumhuriyetin-100-yilinda-iktisat-bilimi\/"},"modified":"2026-04-15T03:31:42","modified_gmt":"2026-04-15T00:31:42","slug":"cumhuriyetin-100-yilinda-iktisat-bilimi","status":"publish","type":"product","link":"https:\/\/roveyayinevi.com.tr\/index.php\/urun\/cumhuriyetin-100-yilinda-iktisat-bilimi\/","title":{"rendered":"Cumhuriyetin 100.Y\u0131l\u0131nda \u0130ktisat Bilimi"},"content":{"rendered":"<p>\u0130\u00e7indekiler :   \u0130KT\u0130SAT\u00c7ILAR         1) Prof. Dr. Alp Erin\u00e7 Yeldan       2) Prof. Dr. Timur Han G\u00fcr       3) Prof. Dr. Bekir Kayacan       4) Prof. Dr. Fatma \u00d6zlen Hi\u00e7       5) Prof. Dr. Oya Erdo\u011fdu Ang\u0131n       6) Prof. Dr. Erginbay U\u011furlu       7) Prof. Dr. \u0130smail Mazgit       8) Prof. Dr. Ali \u00c7\u0131mat       9) Prof. Dr. Ercan Uygur       10) Prof. Dr. Ya\u015far Uysal <\/p>\n","protected":false},"excerpt":{"rendered":"<p>\u0130\u00e7indekiler : \u0130KT\u0130SAT\u00c7ILAR 1) Prof. Dr. Alp Erin\u00e7 Yeldan 2) Prof. Dr. Timur Han G\u00fcr 3) Prof. Dr. Bekir Kayacan 4) Prof. Dr. Fatma \u00d6zlen Hi\u00e7<span class=\"excerpt-hellip\"> [\u2026]<\/span><\/p>\n","protected":false},"featured_media":0,"template":"","meta":{"_monsterinsights_skip_tracking":false,"_monsterinsights_sitenote_active":false,"_monsterinsights_sitenote_note":"","_monsterinsights_sitenote_category":0},"product_brand":[],"product_cat":[13043],"product_tag":[],"class_list":{"0":"post-766031","1":"product","2":"type-product","3":"status-publish","5":"product_cat-ekonomi","6":"pa_cilt-ciltsiz","7":"pa_tur-kitap","8":"pa_yayinevi-gazi-kitabevi","9":"pa_yazar-kolektif","11":"first","12":"instock","13":"sale","14":"shipping-taxable","15":"purchasable","16":"product-type-simple"},"_links":{"self":[{"href":"https:\/\/roveyayinevi.com.tr\/index.php\/wp-json\/wp\/v2\/product\/766031","targetHints":{"allow":["GET"]}}],"collection":[{"href":"https:\/\/roveyayinevi.com.tr\/index.php\/wp-json\/wp\/v2\/product"}],"about":[{"href":"https:\/\/roveyayinevi.com.tr\/index.php\/wp-json\/wp\/v2\/types\/product"}],"wp:attachment":[{"href":"https:\/\/roveyayinevi.com.tr\/index.php\/wp-json\/wp\/v2\/media?parent=766031"}],"wp:term":[{"taxonomy":"product_brand","embeddable":true,"href":"https:\/\/roveyayinevi.com.tr\/index.php\/wp-json\/wp\/v2\/product_brand?post=766031"},{"taxonomy":"product_cat","embeddable":true,"href":"https:\/\/roveyayinevi.com.tr\/index.php\/wp-json\/wp\/v2\/product_cat?post=766031"},{"taxonomy":"product_tag","embeddable":true,"href":"https:\/\/roveyayinevi.com.tr\/index.php\/wp-json\/wp\/v2\/product_tag?post=766031"}],"curies":[{"name":"wp","href":"https:\/\/api.w.org\/{rel}","templated":true}]}}