{"id":766030,"date":"2025-08-28T12:00:00","date_gmt":"2025-08-28T09:00:00","guid":{"rendered":"https:\/\/roveyayinevi.com.tr\/index.php\/urun\/buyuk-goc-buyuk-gozalti\/"},"modified":"2026-01-30T04:01:48","modified_gmt":"2026-01-30T01:01:48","slug":"buyuk-goc-buyuk-gozalti","status":"publish","type":"product","link":"https:\/\/roveyayinevi.com.tr\/index.php\/urun\/buyuk-goc-buyuk-gozalti\/","title":{"rendered":"B\u00fcy\u00fck G\u00f6\u00e7 B\u00fcy\u00fck G\u00f6zalt\u0131"},"content":{"rendered":"<p>\u201cB\u00fcy\u00fck G\u00f6\u00e7ler, B\u00fcy\u00fck G\u00f6zalt\u0131\u201d kitab\u0131 \u00fc\u00e7 ana b\u00f6l\u00fcmden olu\u015fmaktad\u0131r\u2026Bunlar; \u201cD\u00fcnya&#8217;n\u0131n \u00c7\u00f6kmekte Olan Duvarlar\u0131 ve Sava\u015f Ger\u00e7e\u011fi\u201d; \u201cT\u00fcrkiye&#8217;nin Ekonomik Ko\u015fullar\u0131 ve \u00c7\u00f6z\u00fcm \u00d6nerileri\u201d; \u201cDaha Kaliteli Bir Ya\u015fam &#8211; avantajl\u0131 ve dezavantajl\u0131 yanlar\u0131m\u0131z\u201dd\u0131r\u2026 Bir b\u00fct\u00fcn olarak Kitap, i\u00e7inde bulundu\u011fumuz \u00e7ok y\u00f6nl\u00fc, \u00e7ok tarafl\u0131, \u00e7ok boyutlu \u201cb\u00fcy\u00fck \u00e7\u00f6k\u00fc\u015f\u00fc\u201d anlatmaktad\u0131r.             Yazar\u0131m\u0131z R.B\u00fclend K\u0131rmac\u0131&#8217;ya g\u00f6re, yaln\u0131z T\u00fcrkiye&#8217;miz de\u011fil D\u00fcnyam\u0131z da b\u00fcy\u00fck, derin ve kapsaml\u0131 bir ekonomik, sosyal, k\u00fclt\u00fcrel y\u0131k\u0131mlar \u00e7a\u011f\u0131na girmi\u015ftir. B\u00f6yle bir \u00e7a\u011fda g\u00fcvensizlik hakimdir ve yerle\u015fik uygarl\u0131klar\u0131 zorlayan bir n\u00fcfus hareketlili\u011fi kendisini \u201cg\u00f6\u00e7\u201d olarak ortaya koyarken; giderek zay\u0131flayan otoriteler, \u201ckontrol toplumunu\u201d a\u015farak ve \u201cg\u00f6zalt\u0131 toplumunu\u201d olu\u015fturarak iktidarlar\u0131n\u0131 s\u00fcrd\u00fcrme e\u011filimine girmektedirler.             T\u00fcm bu karma\u015fan\u0131n temelinde yerel ve evrensel gereksinimlere yan\u0131t \u00fcretme yetene\u011fi dumura u\u011frayan ve kalitesi giderek irtifa kaybeden siyaset vard\u0131r! Ne yaz\u0131k ki bu \u201cyetersiz siyaset\u201d yerk\u00fcrede ba\u015fat hale gelmekte; D\u00fcnya ve \u00fclkemiz 60&#8217;lar\u0131n, 70&#8217;lerin hatta 80&#8217;lerin y\u00f6netimsel kalitesinden gitgide uzakla\u015farak yepyeni sorunlar\u0131n i\u00e7inde yuvarlanmaktad\u0131r.              \u0130\u015fte bu kitap, g\u00fcn\u00fcm\u00fcz\u00fcn ger\u00e7ekli\u011fi i\u00e7inde siz de\u011ferli okurlar\u0131n\u0131, \u201cNerden Geldik, Nereye Gidiyoruz?\u201d ba\u011flam\u0131nda i\u00e7inde bulundu\u011fumuz sorunlar\u0131n nedenleri ve \u00e7\u00f6z\u00fcm yollar\u0131na ili\u015fkin bir ufuk turuna \u00e7\u0131kmaya davet etmektedir.   \u0130yi okumalar dile\u011fiyle\u2026 <\/p>\n","protected":false},"excerpt":{"rendered":"<p>\u201cB\u00fcy\u00fck G\u00f6\u00e7ler, B\u00fcy\u00fck G\u00f6zalt\u0131\u201d kitab\u0131 \u00fc\u00e7 ana b\u00f6l\u00fcmden olu\u015fmaktad\u0131r\u2026Bunlar; \u201cD\u00fcnya&#8217;n\u0131n \u00c7\u00f6kmekte Olan Duvarlar\u0131 ve Sava\u015f Ger\u00e7e\u011fi\u201d; \u201cT\u00fcrkiye&#8217;nin Ekonomik Ko\u015fullar\u0131 ve \u00c7\u00f6z\u00fcm \u00d6nerileri\u201d; \u201cDaha Kaliteli Bir Ya\u015fam<span class=\"excerpt-hellip\"> [\u2026]<\/span><\/p>\n","protected":false},"featured_media":0,"template":"","meta":{"_monsterinsights_skip_tracking":false,"_monsterinsights_sitenote_active":false,"_monsterinsights_sitenote_note":"","_monsterinsights_sitenote_category":0},"product_brand":[],"product_cat":[12337],"product_tag":[],"class_list":{"0":"post-766030","1":"product","2":"type-product","3":"status-publish","5":"product_cat-politika-siyaset","6":"pa_cilt-ciltsiz","7":"pa_tur-kitap","8":"pa_yayinevi-vova-yayinlari","9":"pa_yazar-r-bulend-kirmaci","11":"first","12":"instock","13":"sale","14":"shipping-taxable","15":"purchasable","16":"product-type-simple"},"_links":{"self":[{"href":"https:\/\/roveyayinevi.com.tr\/index.php\/wp-json\/wp\/v2\/product\/766030","targetHints":{"allow":["GET"]}}],"collection":[{"href":"https:\/\/roveyayinevi.com.tr\/index.php\/wp-json\/wp\/v2\/product"}],"about":[{"href":"https:\/\/roveyayinevi.com.tr\/index.php\/wp-json\/wp\/v2\/types\/product"}],"wp:attachment":[{"href":"https:\/\/roveyayinevi.com.tr\/index.php\/wp-json\/wp\/v2\/media?parent=766030"}],"wp:term":[{"taxonomy":"product_brand","embeddable":true,"href":"https:\/\/roveyayinevi.com.tr\/index.php\/wp-json\/wp\/v2\/product_brand?post=766030"},{"taxonomy":"product_cat","embeddable":true,"href":"https:\/\/roveyayinevi.com.tr\/index.php\/wp-json\/wp\/v2\/product_cat?post=766030"},{"taxonomy":"product_tag","embeddable":true,"href":"https:\/\/roveyayinevi.com.tr\/index.php\/wp-json\/wp\/v2\/product_tag?post=766030"}],"curies":[{"name":"wp","href":"https:\/\/api.w.org\/{rel}","templated":true}]}}