{"id":766029,"date":"2025-08-28T11:59:53","date_gmt":"2025-08-28T08:59:53","guid":{"rendered":"https:\/\/roveyayinevi.com.tr\/index.php\/urun\/kismet-ve-niyet\/"},"modified":"2026-04-15T03:31:42","modified_gmt":"2026-04-15T00:31:42","slug":"kismet-ve-niyet","status":"publish","type":"product","link":"https:\/\/roveyayinevi.com.tr\/index.php\/urun\/kismet-ve-niyet\/","title":{"rendered":"K\u0131smet ve Niyet"},"content":{"rendered":"<p>K\u0131smet, g\u00fcnl\u00fck hayat\u0131m\u0131zda \u00e7ok s\u0131k kulland\u0131\u011f\u0131m\u0131z, \u00e7o\u011fu zaman ki\u015fisel g\u00fcc\u00fcm\u00fcz\u00fcn \u00f6tesinde bir duruma, bir imk\u00e2na ya da olanaks\u0131zl\u0131\u011fa i\u015faret eder. \u00c7o\u011fu zaman k\u0131smet b\u00f6yleymi\u015f, der ge\u00e7eriz. Bu temel kavram \u015fimdiye kadar astrolojide de yeteri kadar a\u00e7\u0131k \u015fekilde ele al\u0131nmam\u0131\u015ft\u0131r. Halbuki hepimiz k\u0131smetimizle do\u011far\u0131z. \u0130yi ya da k\u00f6t\u00fc, kimi zaman bu bireysel cesaretimizden, ailemizden, ili\u015fkilerimizden ya da \u00e7ok farkl\u0131 bir nedenden kaynaklan\u0131yor olabilir. R. Hakan K\u0131rko\u011flu K\u0131smet ve Niyet kitab\u0131nda, sadece bize \u00f6zel k\u0131smeti ele almakla kalm\u0131yor, ayn\u0131 zamanda onun tamamlay\u0131c\u0131s\u0131 say\u0131lan niyet\u2019i de a\u00e7\u0131\u011fa \u00e7\u0131kar\u0131yor. Hayat, \u00f6n\u00fcm\u00fcze \u00e7\u0131kan imk\u00e2nlar ve olas\u0131l\u0131klarla kendi irademizin, se\u00e7imlerimizin ve bizi motive eden geli\u015fmelerin kesi\u015fim noktas\u0131nda ger\u00e7ekle\u015fiyor. Bu kitapta hem k\u0131smet ve niyetimizin astrolojik a\u00e7\u0131klamas\u0131n\u0131 hem de arkas\u0131nda yatan tarihi d\u00fc\u015f\u00fcnce bi\u00e7imlerini bulacaks\u0131n\u0131z. Sizin k\u0131smetinizde neler var? Niyetleriniz hangi y\u00f6nde ortaya \u00e7\u0131k\u0131yor? Einstein\u2019\u0131n k\u0131smetine mi sahipsiniz yoksa N\u00e2z\u0131m Hikmet\u2019inkine mi? R. Hakan K\u0131rko\u011flu astrolojik haritam\u0131zda ortaya \u00e7\u0131kan bu en temel unsurlar\u0131 ara\u015ft\u0131r\u0131rken say\u0131s\u0131z \u00f6rnek inceledi ve pek \u00e7ok hayat hik\u00e2yesi \u00fczerinden anlatmaya \u00e7al\u0131\u015ft\u0131. K\u0131smet ve Niyet hayatta \u015fans ve iradeyi \u00f6ne \u00e7\u0131kar\u0131rken, size rehberlik edecek temel astrolojik bilgileri k\u0131smet ve niyetimizin y\u0131llar i\u00e7inde nas\u0131l evrildi\u011fini de ortaya koyuyor. Bu \u00f6nc\u00fc \u00e7al\u0131\u015fma K\u0131rko\u011flu\u2019nun astroloji prati\u011finde k\u0131rk y\u0131l\u0131 a\u015fan birikim ve tecr\u00fcbesinin \u00f6zg\u00fcn bir sonucu olarak okurlarla bulu\u015fuyor. <\/p>\n","protected":false},"excerpt":{"rendered":"<p>K\u0131smet, g\u00fcnl\u00fck hayat\u0131m\u0131zda \u00e7ok s\u0131k kulland\u0131\u011f\u0131m\u0131z, \u00e7o\u011fu zaman ki\u015fisel g\u00fcc\u00fcm\u00fcz\u00fcn \u00f6tesinde bir duruma, bir imk\u00e2na ya da olanaks\u0131zl\u0131\u011fa i\u015faret eder. \u00c7o\u011fu zaman k\u0131smet b\u00f6yleymi\u015f, der ge\u00e7eriz.<span class=\"excerpt-hellip\"> [\u2026]<\/span><\/p>\n","protected":false},"featured_media":0,"template":"","meta":{"_monsterinsights_skip_tracking":false,"_monsterinsights_sitenote_active":false,"_monsterinsights_sitenote_note":"","_monsterinsights_sitenote_category":0},"product_brand":[],"product_cat":[19840,12364],"product_tag":[],"class_list":{"0":"post-766029","1":"product","2":"type-product","3":"status-publish","5":"product_cat-astroloji","6":"product_cat-genel-konular","7":"pa_cilt-ciltsiz","8":"pa_tur-kitap","9":"pa_yayinevi-alfa-yayinlari","10":"pa_yazar-r-hakan-kirkoglu","12":"first","13":"instock","14":"sale","15":"shipping-taxable","16":"purchasable","17":"product-type-simple"},"_links":{"self":[{"href":"https:\/\/roveyayinevi.com.tr\/index.php\/wp-json\/wp\/v2\/product\/766029","targetHints":{"allow":["GET"]}}],"collection":[{"href":"https:\/\/roveyayinevi.com.tr\/index.php\/wp-json\/wp\/v2\/product"}],"about":[{"href":"https:\/\/roveyayinevi.com.tr\/index.php\/wp-json\/wp\/v2\/types\/product"}],"wp:attachment":[{"href":"https:\/\/roveyayinevi.com.tr\/index.php\/wp-json\/wp\/v2\/media?parent=766029"}],"wp:term":[{"taxonomy":"product_brand","embeddable":true,"href":"https:\/\/roveyayinevi.com.tr\/index.php\/wp-json\/wp\/v2\/product_brand?post=766029"},{"taxonomy":"product_cat","embeddable":true,"href":"https:\/\/roveyayinevi.com.tr\/index.php\/wp-json\/wp\/v2\/product_cat?post=766029"},{"taxonomy":"product_tag","embeddable":true,"href":"https:\/\/roveyayinevi.com.tr\/index.php\/wp-json\/wp\/v2\/product_tag?post=766029"}],"curies":[{"name":"wp","href":"https:\/\/api.w.org\/{rel}","templated":true}]}}