{"id":766028,"date":"2025-08-28T11:59:51","date_gmt":"2025-08-28T08:59:51","guid":{"rendered":"https:\/\/roveyayinevi.com.tr\/index.php\/urun\/siirin-kitabi-bir-yakisiklinin-anatomisi\/"},"modified":"2026-01-30T04:01:48","modified_gmt":"2026-01-30T01:01:48","slug":"siirin-kitabi-bir-yakisiklinin-anatomisi","status":"publish","type":"product","link":"https:\/\/roveyayinevi.com.tr\/index.php\/urun\/siirin-kitabi-bir-yakisiklinin-anatomisi\/","title":{"rendered":"\u015eiirin Kitab\u0131 \u2013 Bir Yak\u0131\u015f\u0131kl\u0131n\u0131n Anatomisi"},"content":{"rendered":"<p>En \u00e7ok f\u00f6tr \u015fapkas\u0131 Daha sonra elbiseleri Birde kol d\u00fc\u011fmeleri daha \u00e7ok Ayakkab\u0131s\u0131 elbisesine Kravat\u0131 g\u00f6mle\u011fine Bir b\u00fct\u00fcnl\u00fck i\u00e7inde; arz\u0131 endam. T\u0131ra\u015fs\u0131z g\u00f6rmedim ben hi\u00e7 onu Birde ba\u015f\u0131ndaki kele ald\u0131rmaz S\u00fcrekli b\u0131y\u0131klar\u0131n\u0131 boyard\u0131 Her tabaktan yemek yemez Her bardaktan su i\u00e7mezdi Tam bir m\u00fc\u015fk\u00fclpesentti. Nerde bir \u00e7e\u015fme g\u00f6rse Ya suyunu i\u00e7er ya elini y\u0131kard\u0131 Arka cebinden \u00e7\u0131kartt\u0131\u011f\u0131 mendille Ellerini kurular bir a\u011faca bir \u00e7al\u0131ya Nereyi bulsa mendilini asard\u0131 \u00c7o\u011fu kere unuturdu ast\u0131\u011f\u0131 yerde. Farkl\u0131 bir yap\u0131s\u0131 vard\u0131, yarad\u0131l\u0131\u015ftan Dalg\u0131nl\u0131\u011f\u0131 unutkanl\u0131\u011f\u0131 ona keza Kimisi yaln\u0131z kendisi i\u00e7in ya\u015fad\u0131 diyor Kimisi \u00e7ok fedak\u00e2r, digergam \u00c2demo\u011flunun kusursuzu vak\u0131a de\u011fil Oda bir insand\u0131 herkes gibi ba\u015fka bir \u015fey de\u011fil.<\/p>\n","protected":false},"excerpt":{"rendered":"<p>En \u00e7ok f\u00f6tr \u015fapkas\u0131 Daha sonra elbiseleri Birde kol d\u00fc\u011fmeleri daha \u00e7ok Ayakkab\u0131s\u0131 elbisesine Kravat\u0131 g\u00f6mle\u011fine Bir b\u00fct\u00fcnl\u00fck i\u00e7inde; arz\u0131 endam. T\u0131ra\u015fs\u0131z g\u00f6rmedim ben hi\u00e7 onu<span class=\"excerpt-hellip\"> [\u2026]<\/span><\/p>\n","protected":false},"featured_media":0,"template":"","meta":{"_monsterinsights_skip_tracking":false,"_monsterinsights_sitenote_active":false,"_monsterinsights_sitenote_note":"","_monsterinsights_sitenote_category":0},"product_brand":[],"product_cat":[12291,12509],"product_tag":[],"class_list":{"0":"post-766028","1":"product","2":"type-product","3":"status-publish","5":"product_cat-edebiyat","6":"product_cat-siir","7":"pa_cilt-ciltsiz","8":"pa_tur-kitap","9":"pa_yayinevi-vova-yayinlari","10":"pa_yazar-turgay-yilmaz","12":"first","13":"instock","14":"sale","15":"shipping-taxable","16":"purchasable","17":"product-type-simple"},"_links":{"self":[{"href":"https:\/\/roveyayinevi.com.tr\/index.php\/wp-json\/wp\/v2\/product\/766028","targetHints":{"allow":["GET"]}}],"collection":[{"href":"https:\/\/roveyayinevi.com.tr\/index.php\/wp-json\/wp\/v2\/product"}],"about":[{"href":"https:\/\/roveyayinevi.com.tr\/index.php\/wp-json\/wp\/v2\/types\/product"}],"wp:attachment":[{"href":"https:\/\/roveyayinevi.com.tr\/index.php\/wp-json\/wp\/v2\/media?parent=766028"}],"wp:term":[{"taxonomy":"product_brand","embeddable":true,"href":"https:\/\/roveyayinevi.com.tr\/index.php\/wp-json\/wp\/v2\/product_brand?post=766028"},{"taxonomy":"product_cat","embeddable":true,"href":"https:\/\/roveyayinevi.com.tr\/index.php\/wp-json\/wp\/v2\/product_cat?post=766028"},{"taxonomy":"product_tag","embeddable":true,"href":"https:\/\/roveyayinevi.com.tr\/index.php\/wp-json\/wp\/v2\/product_tag?post=766028"}],"curies":[{"name":"wp","href":"https:\/\/api.w.org\/{rel}","templated":true}]}}