{"id":766027,"date":"2025-08-28T11:59:49","date_gmt":"2025-08-28T08:59:49","guid":{"rendered":"https:\/\/roveyayinevi.com.tr\/index.php\/urun\/kayip-mektuplar\/"},"modified":"2026-01-30T04:01:48","modified_gmt":"2026-01-30T01:01:48","slug":"kayip-mektuplar","status":"publish","type":"product","link":"https:\/\/roveyayinevi.com.tr\/index.php\/urun\/kayip-mektuplar\/","title":{"rendered":"Kay\u0131p Mektuplar"},"content":{"rendered":"<p>Kalp kaleme yazd\u0131r\u0131r hisleri, Duygular\u0131 ka\u011f\u0131tlara mektuplar diye Kalem gizler duygular\u0131 hisleri Harflere herkes anlamas\u0131n diye Ka\u011f\u0131t \u00e7\u00fcr\u00fcr ama duygular s\u00f6zc\u00fcklerde sakl\u0131 kal\u0131r. Gam yeme tasalanma art\u0131k An\u0131lsa da o ka\u011f\u0131tlar KAYIP MEKTUPLAR diye <\/p>\n","protected":false},"excerpt":{"rendered":"<p>Kalp kaleme yazd\u0131r\u0131r hisleri, Duygular\u0131 ka\u011f\u0131tlara mektuplar diye Kalem gizler duygular\u0131 hisleri Harflere herkes anlamas\u0131n diye Ka\u011f\u0131t \u00e7\u00fcr\u00fcr ama duygular s\u00f6zc\u00fcklerde sakl\u0131 kal\u0131r. Gam yeme tasalanma<span class=\"excerpt-hellip\"> [\u2026]<\/span><\/p>\n","protected":false},"featured_media":0,"template":"","meta":{"_monsterinsights_skip_tracking":false,"_monsterinsights_sitenote_active":false,"_monsterinsights_sitenote_note":"","_monsterinsights_sitenote_category":0},"product_brand":[],"product_cat":[12777,12291],"product_tag":[],"class_list":{"0":"post-766027","1":"product","2":"type-product","3":"status-publish","5":"product_cat-deneme","6":"product_cat-edebiyat","7":"pa_cilt-ciltsiz","8":"pa_tur-kitap","9":"pa_yayinevi-vova-yayinlari","10":"pa_yazar-orhan-dogan","12":"first","13":"instock","14":"sale","15":"shipping-taxable","16":"purchasable","17":"product-type-simple"},"_links":{"self":[{"href":"https:\/\/roveyayinevi.com.tr\/index.php\/wp-json\/wp\/v2\/product\/766027","targetHints":{"allow":["GET"]}}],"collection":[{"href":"https:\/\/roveyayinevi.com.tr\/index.php\/wp-json\/wp\/v2\/product"}],"about":[{"href":"https:\/\/roveyayinevi.com.tr\/index.php\/wp-json\/wp\/v2\/types\/product"}],"wp:attachment":[{"href":"https:\/\/roveyayinevi.com.tr\/index.php\/wp-json\/wp\/v2\/media?parent=766027"}],"wp:term":[{"taxonomy":"product_brand","embeddable":true,"href":"https:\/\/roveyayinevi.com.tr\/index.php\/wp-json\/wp\/v2\/product_brand?post=766027"},{"taxonomy":"product_cat","embeddable":true,"href":"https:\/\/roveyayinevi.com.tr\/index.php\/wp-json\/wp\/v2\/product_cat?post=766027"},{"taxonomy":"product_tag","embeddable":true,"href":"https:\/\/roveyayinevi.com.tr\/index.php\/wp-json\/wp\/v2\/product_tag?post=766027"}],"curies":[{"name":"wp","href":"https:\/\/api.w.org\/{rel}","templated":true}]}}